{"id":153963,"date":"2025-07-31T12:56:09","date_gmt":"2025-07-31T10:56:09","guid":{"rendered":"https:\/\/www.budream.com\/shop\/seedsalad-mazar-skunk-extreme\/"},"modified":"2026-03-23T19:54:25","modified_gmt":"2026-03-23T17:54:25","slug":"seedsalad-mazar-skunk-extreme","status":"publish","type":"product","link":"https:\/\/www.budream.com\/fr\/shop\/seedsalad-mazar-skunk-extreme\/","title":{"rendered":"SEEDSALAD &#8211; MAZAR SKUNK EXTREME"},"content":{"rendered":"<p>La Mazar Skunk Extreme de Seedsalad est une vari\u00e9t\u00e9 magnifique, super productive et tr\u00e8s rapide. Obtenue en croisant Mazar x Indu Kush x Skunk. Compacte, avec une r\u00e9sine blanche, elle convient aussi bien \u00e0 l&rsquo;int\u00e9rieur qu&rsquo;\u00e0 l&rsquo;ext\u00e9rieur et donne d&rsquo;excellents r\u00e9sultats avec la technique sgrog. Excellent \u00e9quilibre indica-sativa qui donne, apr\u00e8s un high, un effet calme et relaxant.<\/p>\n<h2><strong>Caract\u00e9ristiques Mazar Skunk Extreme Seedsalad :<\/strong><\/h2>\n<ul style=\"list-style-type: disc\">\n<li><strong>Genre :<\/strong> F\u00e9minis\u00e9e<\/li>\n<li><strong>G\u00e9n\u00e9tique<\/strong>: Mazar x Indu Kush x Skunk<\/li>\n<li><strong>Composition :<\/strong> 90% Indica \/ 10% Sativa<\/li>\n<li>Jours<strong>:<\/strong> 52 jours<\/li>\n<li><strong>Pipette scell\u00e9e dans un sachet r\u00e9sistant et anti-UV<\/strong><\/li>\n<\/ul>\n<p><span style=\"font-size: 11pt\"><em><strong>ATTENTION :<\/strong> Les graines de chanvre sont exclues de la notion l\u00e9gale de Cannabis, ce qui signifie qu&rsquo;elles ne doivent pas \u00eatre consid\u00e9r\u00e9es comme une substance stup\u00e9fiante (L. 412 de 1974, art. 1, alin\u00e9a 1, lettre B ; Convention Unique sur les Stup\u00e9fiants de New York de 1961 et tableau II du D\u00e9cret Minist\u00e9riel du 27\/7\/1992). En Italie, la culture du chanvre est interdite (articles 28 et 73 du d\u00e9cret pr\u00e9sidentiel 309\/90), sauf autorisation sp\u00e9ciale (article 17 du d\u00e9cret pr\u00e9sidentiel 309\/90). En l&rsquo;absence d&rsquo;autorisation, les semences ne peuvent \u00eatre utilis\u00e9es qu&rsquo;\u00e0 d&rsquo;autres fins (zootechniques, de collection, etc.). Les semences sont vendues sous r\u00e9serve qu&rsquo;elles ne soient pas utilis\u00e9es par des tiers en contradiction avec la loi.<\/em><\/span><\/p>\n","protected":false},"excerpt":{"rendered":"<p>La Mazar Skunk Extreme de Seedsalad est une vari\u00e9t\u00e9 magnifique, super productive et tr\u00e8s rapide. Obtenue en croisant Mazar x<\/p>\n","protected":false},"featured_media":202309,"comment_status":"open","ping_status":"closed","template":"","meta":[],"product_brand":[],"product_cat":[7951],"product_tag":[],"class_list":{"0":"post-153963","1":"product","2":"type-product","3":"status-publish","4":"has-post-thumbnail","6":"product_cat-magasin-de-graines","8":"first","9":"instock","10":"taxable","11":"shipping-taxable","12":"purchasable","13":"product-type-variable"},"aioseo_notices":[],"_links":{"self":[{"href":"https:\/\/www.budream.com\/fr\/wp-json\/wp\/v2\/product\/153963","targetHints":{"allow":["GET"]}}],"collection":[{"href":"https:\/\/www.budream.com\/fr\/wp-json\/wp\/v2\/product"}],"about":[{"href":"https:\/\/www.budream.com\/fr\/wp-json\/wp\/v2\/types\/product"}],"replies":[{"embeddable":true,"href":"https:\/\/www.budream.com\/fr\/wp-json\/wp\/v2\/comments?post=153963"}],"version-history":[{"count":0,"href":"https:\/\/www.budream.com\/fr\/wp-json\/wp\/v2\/product\/153963\/revisions"}],"wp:featuredmedia":[{"embeddable":true,"href":"https:\/\/www.budream.com\/fr\/wp-json\/wp\/v2\/media\/202309"}],"wp:attachment":[{"href":"https:\/\/www.budream.com\/fr\/wp-json\/wp\/v2\/media?parent=153963"}],"wp:term":[{"taxonomy":"product_brand","embeddable":true,"href":"https:\/\/www.budream.com\/fr\/wp-json\/wp\/v2\/product_brand?post=153963"},{"taxonomy":"product_cat","embeddable":true,"href":"https:\/\/www.budream.com\/fr\/wp-json\/wp\/v2\/product_cat?post=153963"},{"taxonomy":"product_tag","embeddable":true,"href":"https:\/\/www.budream.com\/fr\/wp-json\/wp\/v2\/product_tag?post=153963"}],"curies":[{"name":"wp","href":"https:\/\/api.w.org\/{rel}","templated":true}]}}