{"id":154286,"date":"2025-07-31T13:10:11","date_gmt":"2025-07-31T11:10:11","guid":{"rendered":"https:\/\/www.budream.com\/shop\/seedsalad-wedding-fruit-fem-souche-usa\/"},"modified":"2026-03-23T19:51:43","modified_gmt":"2026-03-23T17:51:43","slug":"seedsalad-wedding-fruit-fem-souche-usa","status":"publish","type":"product","link":"https:\/\/www.budream.com\/fr\/shop\/seedsalad-wedding-fruit-fem-souche-usa\/","title":{"rendered":"SEEDSALAD &#8211; WEDDING FRUIT FEM (SOUCHE USA)"},"content":{"rendered":"<p>L&rsquo;\u00e9t\u00e9 est la saison des fruits et de la fra\u00eecheur. Wedding Fruit de SeedSalad refl\u00e8te exactement le parfum de la past\u00e8que, d\u00e9tendant le corps et l&rsquo;esprit et apportant d&rsquo;incroyables moments de l\u00e9g\u00e8ret\u00e9 aux jours les plus chauds de l&rsquo;ann\u00e9e.<\/p>\n<p>Production excellente et tr\u00e8s rapide en int\u00e9rieur comme en ext\u00e9rieur.<\/p>\n<div>\n<h2><strong>Caract\u00e9ristiques Wedding Fruit Seedsalad :<\/strong><\/h2>\n<ul style=\"list-style-type: disc\">\n<li><strong>Genre :<\/strong> F\u00e9minis\u00e9e<\/li>\n<li><strong>G\u00e9n\u00e9tique :<\/strong> Wedding Fruit x Water Melon<\/li>\n<li><strong>Composition :<\/strong> 80% Indica \/ 20% Sativa<\/li>\n<li><strong>Jours :<\/strong> 55-60 jours<\/li>\n<li><strong>Pipette scell\u00e9e dans un sachet durable et r\u00e9sistant aux UV<\/strong><\/li>\n<\/ul>\n<p><span style=\"font-size: 11pt\"><em><strong>ATTENTION :<\/strong> Les graines de chanvre sont exclues de la notion l\u00e9gale de Cannabis, ce qui signifie qu&rsquo;elles ne doivent pas \u00eatre consid\u00e9r\u00e9es comme une substance stup\u00e9fiante (L. 412 de 1974, Art. 1, paragraphe 1, lett. B ; Convention unique sur les stup\u00e9fiants de New York de 1961 et tableau II du d\u00e9cret minist\u00e9riel 27\/7\/1992). En Italie, la culture du chanvre est interdite (articles 28 et 73 du d\u00e9cret pr\u00e9sidentiel 309\/90), sauf autorisation sp\u00e9ciale (article 17 du d\u00e9cret pr\u00e9sidentiel 309\/90). En l&rsquo;absence d&rsquo;autorisation, les semences ne peuvent \u00eatre utilis\u00e9es qu&rsquo;\u00e0 d&rsquo;autres fins (zootechniques, de collection, etc.). Les semences sont vendues sous r\u00e9serve qu&rsquo;elles ne soient pas utilis\u00e9es par des tiers en contradiction avec la loi.<\/em><\/span><\/div>\n","protected":false},"excerpt":{"rendered":"<p>L&rsquo;\u00e9t\u00e9 est la saison des fruits et de la fra\u00eecheur. Wedding Fruit de SeedSalad refl\u00e8te exactement le parfum de la<\/p>\n","protected":false},"featured_media":202369,"comment_status":"open","ping_status":"closed","template":"","meta":[],"product_brand":[],"product_cat":[7951],"product_tag":[],"class_list":{"0":"post-154286","1":"product","2":"type-product","3":"status-publish","4":"has-post-thumbnail","6":"product_cat-magasin-de-graines","8":"first","9":"instock","10":"sale","11":"taxable","12":"shipping-taxable","13":"purchasable","14":"product-type-variable"},"_links":{"self":[{"href":"https:\/\/www.budream.com\/fr\/wp-json\/wp\/v2\/product\/154286","targetHints":{"allow":["GET"]}}],"collection":[{"href":"https:\/\/www.budream.com\/fr\/wp-json\/wp\/v2\/product"}],"about":[{"href":"https:\/\/www.budream.com\/fr\/wp-json\/wp\/v2\/types\/product"}],"replies":[{"embeddable":true,"href":"https:\/\/www.budream.com\/fr\/wp-json\/wp\/v2\/comments?post=154286"}],"version-history":[{"count":0,"href":"https:\/\/www.budream.com\/fr\/wp-json\/wp\/v2\/product\/154286\/revisions"}],"wp:featuredmedia":[{"embeddable":true,"href":"https:\/\/www.budream.com\/fr\/wp-json\/wp\/v2\/media\/202369"}],"wp:attachment":[{"href":"https:\/\/www.budream.com\/fr\/wp-json\/wp\/v2\/media?parent=154286"}],"wp:term":[{"taxonomy":"product_brand","embeddable":true,"href":"https:\/\/www.budream.com\/fr\/wp-json\/wp\/v2\/product_brand?post=154286"},{"taxonomy":"product_cat","embeddable":true,"href":"https:\/\/www.budream.com\/fr\/wp-json\/wp\/v2\/product_cat?post=154286"},{"taxonomy":"product_tag","embeddable":true,"href":"https:\/\/www.budream.com\/fr\/wp-json\/wp\/v2\/product_tag?post=154286"}],"curies":[{"name":"wp","href":"https:\/\/api.w.org\/{rel}","templated":true}]}}