{"id":154673,"date":"2025-07-31T13:25:15","date_gmt":"2025-07-31T11:25:15","guid":{"rendered":"https:\/\/www.budream.com\/shop\/variete-de-graines-de-chanvre-elue-campana-ce\/"},"modified":"2026-05-14T05:41:08","modified_gmt":"2026-05-14T03:41:08","slug":"variete-de-graines-de-chanvre-elue-campana-ce","status":"publish","type":"product","link":"https:\/\/www.budream.com\/fr\/shop\/variete-de-graines-de-chanvre-elue-campana-ce\/","title":{"rendered":"VARI\u00c9T\u00c9 DE GRAINES DE CHANVRE \u00c9LUE CAMPANA CE"},"content":{"rendered":"<p>Eletta Campana\u00a0\u00bb est une vari\u00e9t\u00e9 italienne historique, cultiv\u00e9e depuis des si\u00e8cles dans toute l&rsquo;Italie, mais surtout en Campanie.<br \/>Il s&rsquo;agit d&rsquo;une souche g\u00e9n\u00e9tique d\u00e9velopp\u00e9e pour produire des fibres, mais qui est aujourd&rsquo;hui choisie pour la production d&rsquo;inflorescences et de biomasse pour l&rsquo;extraction (CBD). Elle produit \u00e9galement des quantit\u00e9s satisfaisantes de graines.<br \/>Cette vari\u00e9t\u00e9 se caract\u00e9rise par une anth\u00e8se tardive de la floraison femelle, ce qui la rend adapt\u00e9e \u00e0 la zone de culture des r\u00e9gions m\u00e9ridionales. Un autre caract\u00e8re morphologique qui distingue sans \u00e9quivoque la vari\u00e9t\u00e9 des vari\u00e9t\u00e9s similaires est la taille des feuilles, qui sont parmi les plus grandes.<\/p>\n<p>Voici une liste des principales caract\u00e9ristiques :<\/p>\n<p><strong>G\u00e9notype :<\/strong> Dioica<br \/><strong>Adaptabilit\u00e9 climatique<\/strong>: Europe septentrionale, centrale et m\u00e9ridionale ; Am\u00e9rique du Nord et du Sud<br \/><strong>Cycle v\u00e9g\u00e9tatif<\/strong>: 160\/180 jours<br \/><strong>Hauteur<\/strong>: 2,5 &#8211; 6,5 m\u00e8tres<br \/><strong>Pleine floraison<\/strong>: ao\u00fbt<\/p>\n<p><strong>Rendement moyen en graines Kg\/ha<\/strong>: 400 &#8211; 600<br \/><strong>Rendement moyen en balles T\/ha<\/strong>: 8 &#8211; 12<br \/><strong>Rendement moyen en inflorescences** (biomasse s\u00e8che) Kg\/ha<\/strong>: 600 &#8211; 1000<\/p>\n<p><strong>THC<\/strong>: &lt; 0,2 %.<\/p>\n<p><strong>CBD*<\/strong>: 3-10 %.<\/p>\n<p>Conserv\u00e9e dans un endroit frais et sec, la graine conserve sa facult\u00e9 germinative pour l&rsquo;ann\u00e9e suivante.<\/p>\n","protected":false},"excerpt":{"rendered":"<p>Eletta Campana\u00a0\u00bb est une vari\u00e9t\u00e9 italienne historique, cultiv\u00e9e depuis des si\u00e8cles dans toute l&rsquo;Italie, mais surtout en Campanie.Il s&rsquo;agit d&rsquo;une<\/p>\n","protected":false},"featured_media":154667,"comment_status":"open","ping_status":"closed","template":"","meta":[],"product_brand":[],"product_cat":[1175],"product_tag":[],"class_list":{"0":"post-154673","1":"product","2":"type-product","3":"status-publish","4":"has-post-thumbnail","6":"product_cat-seedshop","8":"first","9":"instock","10":"taxable","11":"shipping-taxable","12":"purchasable","13":"product-type-variable"},"aioseo_notices":[],"_links":{"self":[{"href":"https:\/\/www.budream.com\/fr\/wp-json\/wp\/v2\/product\/154673","targetHints":{"allow":["GET"]}}],"collection":[{"href":"https:\/\/www.budream.com\/fr\/wp-json\/wp\/v2\/product"}],"about":[{"href":"https:\/\/www.budream.com\/fr\/wp-json\/wp\/v2\/types\/product"}],"replies":[{"embeddable":true,"href":"https:\/\/www.budream.com\/fr\/wp-json\/wp\/v2\/comments?post=154673"}],"version-history":[{"count":1,"href":"https:\/\/www.budream.com\/fr\/wp-json\/wp\/v2\/product\/154673\/revisions"}],"predecessor-version":[{"id":272123,"href":"https:\/\/www.budream.com\/fr\/wp-json\/wp\/v2\/product\/154673\/revisions\/272123"}],"wp:featuredmedia":[{"embeddable":true,"href":"https:\/\/www.budream.com\/fr\/wp-json\/wp\/v2\/media\/154667"}],"wp:attachment":[{"href":"https:\/\/www.budream.com\/fr\/wp-json\/wp\/v2\/media?parent=154673"}],"wp:term":[{"taxonomy":"product_brand","embeddable":true,"href":"https:\/\/www.budream.com\/fr\/wp-json\/wp\/v2\/product_brand?post=154673"},{"taxonomy":"product_cat","embeddable":true,"href":"https:\/\/www.budream.com\/fr\/wp-json\/wp\/v2\/product_cat?post=154673"},{"taxonomy":"product_tag","embeddable":true,"href":"https:\/\/www.budream.com\/fr\/wp-json\/wp\/v2\/product_tag?post=154673"}],"curies":[{"name":"wp","href":"https:\/\/api.w.org\/{rel}","templated":true}]}}