{"id":155168,"date":"2025-07-31T13:48:03","date_gmt":"2025-07-31T11:48:03","guid":{"rendered":"https:\/\/www.budream.com\/shop\/seedsalad-voyage-xxl-fem\/"},"modified":"2026-03-25T00:51:25","modified_gmt":"2026-03-24T22:51:25","slug":"seedsalad-voyage-xxl-fem","status":"publish","type":"product","link":"https:\/\/www.budream.com\/fr\/shop\/seedsalad-voyage-xxl-fem\/","title":{"rendered":"SEEDSALAD &#8211; VOYAGE XXL FEM"},"content":{"rendered":"<p class=\"p1\"><span class=\"s1\">SeedSalad&rsquo;s Voyage XXL est une<\/span><span class=\"s1\">vari\u00e9t\u00e9 vigoureuse qui r\u00e9siste bien aux moisissures et aux maladies. Elle sent le musc frais et les sous-bois.<\/span><span style=\"font-family: Arial, sans-serif;font-size: 11pt\"><\/p>\n<p><\/span><\/p>\n<h2><strong>Caract\u00e9ristiques Voyage XXL Fem :<\/strong><\/h2>\n<ul style=\"list-style-type: disc\">\n<li><strong>Genre :<\/strong> F\u00e9minis\u00e9e<\/li>\n<li><strong>G\u00e9notype<\/strong>: 70% Indica 30% Sativa<\/li>\n<li><strong>G\u00e9n\u00e9tique : <\/strong>Original Skunk #1 x Afghan Indica<\/li>\n<li><strong>Floraison :<\/strong> 60-65 jours<\/li>\n<li><strong>Pipette scell\u00e9e dans un sachet r\u00e9sistant aux UV<\/strong><\/li>\n<\/ul>\n<p><span style=\"color: #000000\"><span style=\"font-family: Arial, sans-serif\"><span style=\"font-size: small\"><\/p>\n<p><span style=\"font-size: 11pt\"><em><strong>ATTENTION :<\/strong> Les graines de chanvre sont exclues de la notion l\u00e9gale de Cannabis, ce qui signifie qu&rsquo;elles ne doivent pas \u00eatre consid\u00e9r\u00e9es comme une substance stup\u00e9fiante (L. 412 de 1974, art. 1, alin\u00e9a 1, lettre B ; Convention unique sur les stup\u00e9fiants de New York de 1961 et tableau II du d\u00e9cret minist\u00e9riel 27\/7\/1992). En Italie, la culture du chanvre est interdite (articles 28 et 73 du d\u00e9cret pr\u00e9sidentiel 309\/90), sauf autorisation sp\u00e9ciale (article 17 du d\u00e9cret pr\u00e9sidentiel 309\/90). En l&rsquo;absence d&rsquo;autorisation, les semences ne peuvent \u00eatre utilis\u00e9es qu&rsquo;\u00e0 d&rsquo;autres fins (zootechniques, de collection, etc.). Les semences sont vendues sous r\u00e9serve qu&rsquo;elles ne soient pas utilis\u00e9es par des tiers en contradiction avec la loi.<\/em><\/span><\/span><\/span><\/span><\/p>\n","protected":false},"excerpt":{"rendered":"<p>SeedSalad&rsquo;s Voyage XXL est unevari\u00e9t\u00e9 vigoureuse qui r\u00e9siste bien aux moisissures et aux maladies. Elle sent le musc frais et<\/p>\n","protected":false},"featured_media":202364,"comment_status":"open","ping_status":"closed","template":"","meta":[],"product_brand":[],"product_cat":[7951],"product_tag":[],"class_list":{"0":"post-155168","1":"product","2":"type-product","3":"status-publish","4":"has-post-thumbnail","6":"product_cat-magasin-de-graines","8":"first","9":"instock","10":"taxable","11":"shipping-taxable","12":"purchasable","13":"product-type-variable"},"aioseo_notices":[],"_links":{"self":[{"href":"https:\/\/www.budream.com\/fr\/wp-json\/wp\/v2\/product\/155168","targetHints":{"allow":["GET"]}}],"collection":[{"href":"https:\/\/www.budream.com\/fr\/wp-json\/wp\/v2\/product"}],"about":[{"href":"https:\/\/www.budream.com\/fr\/wp-json\/wp\/v2\/types\/product"}],"replies":[{"embeddable":true,"href":"https:\/\/www.budream.com\/fr\/wp-json\/wp\/v2\/comments?post=155168"}],"version-history":[{"count":0,"href":"https:\/\/www.budream.com\/fr\/wp-json\/wp\/v2\/product\/155168\/revisions"}],"wp:featuredmedia":[{"embeddable":true,"href":"https:\/\/www.budream.com\/fr\/wp-json\/wp\/v2\/media\/202364"}],"wp:attachment":[{"href":"https:\/\/www.budream.com\/fr\/wp-json\/wp\/v2\/media?parent=155168"}],"wp:term":[{"taxonomy":"product_brand","embeddable":true,"href":"https:\/\/www.budream.com\/fr\/wp-json\/wp\/v2\/product_brand?post=155168"},{"taxonomy":"product_cat","embeddable":true,"href":"https:\/\/www.budream.com\/fr\/wp-json\/wp\/v2\/product_cat?post=155168"},{"taxonomy":"product_tag","embeddable":true,"href":"https:\/\/www.budream.com\/fr\/wp-json\/wp\/v2\/product_tag?post=155168"}],"curies":[{"name":"wp","href":"https:\/\/api.w.org\/{rel}","templated":true}]}}