{"id":155452,"date":"2025-07-31T13:55:31","date_gmt":"2025-07-31T11:55:31","guid":{"rendered":"https:\/\/www.budream.com\/shop\/royal-queen-seeds-krush-grinder\/"},"modified":"2025-11-05T11:46:11","modified_gmt":"2025-11-05T09:46:11","slug":"royal-queen-seeds-krush-grinder","status":"publish","type":"product","link":"https:\/\/www.budream.com\/fr\/shop\/royal-queen-seeds-krush-grinder\/","title":{"rendered":"ROYAL QUEEN SEEDS &#8211; KRUSH GRINDER"},"content":{"rendered":"<p>Royal Queen Seeds et Krush ont collabor\u00e9 pour produire un ensemble de trois grinders fantastiques.<\/p>\n<p>La s\u00e9rie de broyeurs Krush se compose de trois mod\u00e8les diff\u00e9rents, chacun arborant le logo RQS. Choisissez la version qui vous convient le mieux.<\/p>\n<p>Ces moulins \u00e0 un seul compartiment se d\u00e9marqueront des autres accessoires de votre collection. Contrairement \u00e0 d&rsquo;autres mod\u00e8les, les moulins de la s\u00e9rie Krush ne sont pas compl\u00e8tement ronds. Le r\u00e9servoir est circulaire, mais la poign\u00e9e est carr\u00e9e, avec des bords arrondis. La forme anatomique s&rsquo;adapte parfaitement \u00e0 la paume de la main ; les doigts reposent confortablement sur les coins, ce qui facilite l&rsquo;utilisation du moulin. Les dents ac\u00e9r\u00e9es facilitent chaque rotation. Elles sont fabriqu\u00e9es en aluminium anodis\u00e9. L&rsquo;une des extr\u00e9mit\u00e9s du moulin est en forme de bol.<\/p>\n<p>La collaboration a donn\u00e9 naissance \u00e0 trois mod\u00e8les uniques :<\/p>\n<p>L&rsquo;<strong>ECO Kube Black<\/strong> repr\u00e9sente l&rsquo;option la plus discr\u00e8te. Ce moulin pr\u00e9sente un design minimaliste avec un corps noir uni et un logo RQS dor\u00e9 contrast\u00e9. Repr\u00e9sentez notre banque de semences avec style !<\/p>\n<ul>\n<li><em> &#8211; Noyau en aluminium anodis\u00e9<\/em><\/li>\n<li><em> &#8211; 54 mm x 54 mm x 36 mm<\/em><\/li>\n<li><em> &#8211; 130 grammes<\/em><\/li>\n<\/ul>\n<p>Le <strong>Kube Madera<\/strong> est parfait pour les amoureux de la nature. Il offre un design naturel fantastique, compos\u00e9 d&rsquo;un noyau en aluminium recouvert d&rsquo;une coque en noyer noir. Le logo de Royal Queen Seeds a \u00e9t\u00e9 grav\u00e9 au laser sur la surface du moulin.<\/p>\n<ul>\n<li><em> &#8211; Aluminium anodis\u00e9 et c\u0153ur en bois de noyer<\/em><\/li>\n<li><em> &#8211; 57 mm x 57 mm x 37 mm<\/em><\/li>\n<li><em> &#8211; 90 grammes<\/em><\/li>\n<\/ul>\n<p>Le <strong>Kube Forest Green<\/strong>, avec sa couleur vibrante, ajoutera une touche de style au v\u00f4tre.<\/p>\n<ul>\n<li><em> &#8211; Aluminium anodis\u00e9 6063<\/em><\/li>\n<li><em> &#8211; 55 mm x 55 mm x 35 mm<\/em><\/li>\n<li><em> &#8211; 170 grammes<\/em><\/li>\n<\/ul>\n","protected":false},"excerpt":{"rendered":"<p>Royal Queen Seeds et Krush ont collabor\u00e9 pour produire un ensemble de trois grinders fantastiques. La s\u00e9rie de broyeurs Krush<\/p>\n","protected":false},"featured_media":155417,"comment_status":"open","ping_status":"closed","template":"","meta":[],"product_brand":[],"product_cat":[7949],"product_tag":[],"class_list":{"0":"post-155452","1":"product","2":"type-product","3":"status-publish","4":"has-post-thumbnail","6":"product_cat-headshop-fr","8":"first","9":"outofstock","10":"taxable","11":"shipping-taxable","12":"purchasable","13":"product-type-variable"},"aioseo_notices":[],"_links":{"self":[{"href":"https:\/\/www.budream.com\/fr\/wp-json\/wp\/v2\/product\/155452","targetHints":{"allow":["GET"]}}],"collection":[{"href":"https:\/\/www.budream.com\/fr\/wp-json\/wp\/v2\/product"}],"about":[{"href":"https:\/\/www.budream.com\/fr\/wp-json\/wp\/v2\/types\/product"}],"replies":[{"embeddable":true,"href":"https:\/\/www.budream.com\/fr\/wp-json\/wp\/v2\/comments?post=155452"}],"version-history":[{"count":0,"href":"https:\/\/www.budream.com\/fr\/wp-json\/wp\/v2\/product\/155452\/revisions"}],"wp:featuredmedia":[{"embeddable":true,"href":"https:\/\/www.budream.com\/fr\/wp-json\/wp\/v2\/media\/155417"}],"wp:attachment":[{"href":"https:\/\/www.budream.com\/fr\/wp-json\/wp\/v2\/media?parent=155452"}],"wp:term":[{"taxonomy":"product_brand","embeddable":true,"href":"https:\/\/www.budream.com\/fr\/wp-json\/wp\/v2\/product_brand?post=155452"},{"taxonomy":"product_cat","embeddable":true,"href":"https:\/\/www.budream.com\/fr\/wp-json\/wp\/v2\/product_cat?post=155452"},{"taxonomy":"product_tag","embeddable":true,"href":"https:\/\/www.budream.com\/fr\/wp-json\/wp\/v2\/product_tag?post=155452"}],"curies":[{"name":"wp","href":"https:\/\/api.w.org\/{rel}","templated":true}]}}