{"id":156234,"date":"2025-07-31T14:27:10","date_gmt":"2025-07-31T12:27:10","guid":{"rendered":"https:\/\/www.budream.com\/shop\/biomagno-pieges-a-insectes-ecotrap\/"},"modified":"2026-04-22T16:43:57","modified_gmt":"2026-04-22T14:43:57","slug":"biomagno-pieges-a-insectes-ecotrap","status":"publish","type":"product","link":"https:\/\/www.budream.com\/fr\/shop\/biomagno-pieges-a-insectes-ecotrap\/","title":{"rendered":"BIOMAGNO &#8211; PI\u00c8GES \u00c0 INSECTES ECOTRAP"},"content":{"rendered":"<p><strong>Ecotrap de Biomagno est un pi\u00e8ge chromotrope pr\u00eat \u00e0 l&#8217;emploi<\/strong> en mati\u00e8re plastique, imperm\u00e9able et r\u00e9sistant aux intemp\u00e9ries, enduit de colle sur les deux faces, dont le principe de fonctionnement est bas\u00e9 sur le <strong>pouvoir attractif de la couleur.<\/strong> Les pi\u00e8ges ne contiennent pas d&rsquo;insecticides, ce qui permet une lutte efficace et 100 % naturelle contre les parasites. Id\u00e9al pour les arbres fruitiers, les potagers et les jardins.<\/p>\n<h2><span style=\"text-decoration: underline\"><strong>Comment utiliser l&rsquo;Ecotrap de Biomagno :<\/strong><\/span><\/h2>\n<p>Sortir de l&#8217;emballage, retirer le papier prot\u00e9geant la couche adh\u00e9sive et accrocher le pi\u00e8ge \u00e0 proximit\u00e9 de la plante \u00e0 prot\u00e9ger, en respectant la distance minimale de 2 m\u00e8tres entre les pi\u00e8ges. Remplacer le pi\u00e8ge apr\u00e8s 30 jours ou lorsque la surface est couverte d&rsquo;insectes.<\/p>\n<p><strong>AVERTISSEMENTS :<\/strong><br \/>Tenir hors de port\u00e9e des enfants et des animaux domestiques. Respecter le mode d&#8217;emploi figurant sur l&#8217;emballage. \u00c9viter de toucher la colle \u00e0 l&rsquo;int\u00e9rieur du pi\u00e8ge. En cas de contact accidentel, retirer le produit \u00e0 l&rsquo;eau chaude et au savon. Conserver dans un endroit frais et sec.<\/p>\n<p><strong>Conditionnement : 10 feuilles 10&#215;22 cm<\/strong><\/p>\n","protected":false},"excerpt":{"rendered":"<p>Ecotrap de Biomagno est un pi\u00e8ge chromotrope pr\u00eat \u00e0 l&#8217;emploi en mati\u00e8re plastique, imperm\u00e9able et r\u00e9sistant aux intemp\u00e9ries, enduit de<\/p>\n","protected":false},"featured_media":156229,"comment_status":"open","ping_status":"closed","template":"","meta":[],"product_brand":[],"product_cat":[3095],"product_tag":[],"class_list":{"0":"post-156234","1":"product","2":"type-product","3":"status-publish","4":"has-post-thumbnail","6":"product_cat-antiparassitari-e-difesa","8":"first","9":"instock","10":"taxable","11":"shipping-taxable","12":"purchasable","13":"product-type-variable"},"aioseo_notices":[],"_links":{"self":[{"href":"https:\/\/www.budream.com\/fr\/wp-json\/wp\/v2\/product\/156234","targetHints":{"allow":["GET"]}}],"collection":[{"href":"https:\/\/www.budream.com\/fr\/wp-json\/wp\/v2\/product"}],"about":[{"href":"https:\/\/www.budream.com\/fr\/wp-json\/wp\/v2\/types\/product"}],"replies":[{"embeddable":true,"href":"https:\/\/www.budream.com\/fr\/wp-json\/wp\/v2\/comments?post=156234"}],"version-history":[{"count":1,"href":"https:\/\/www.budream.com\/fr\/wp-json\/wp\/v2\/product\/156234\/revisions"}],"predecessor-version":[{"id":264401,"href":"https:\/\/www.budream.com\/fr\/wp-json\/wp\/v2\/product\/156234\/revisions\/264401"}],"wp:featuredmedia":[{"embeddable":true,"href":"https:\/\/www.budream.com\/fr\/wp-json\/wp\/v2\/media\/156229"}],"wp:attachment":[{"href":"https:\/\/www.budream.com\/fr\/wp-json\/wp\/v2\/media?parent=156234"}],"wp:term":[{"taxonomy":"product_brand","embeddable":true,"href":"https:\/\/www.budream.com\/fr\/wp-json\/wp\/v2\/product_brand?post=156234"},{"taxonomy":"product_cat","embeddable":true,"href":"https:\/\/www.budream.com\/fr\/wp-json\/wp\/v2\/product_cat?post=156234"},{"taxonomy":"product_tag","embeddable":true,"href":"https:\/\/www.budream.com\/fr\/wp-json\/wp\/v2\/product_tag?post=156234"}],"curies":[{"name":"wp","href":"https:\/\/api.w.org\/{rel}","templated":true}]}}