{"id":156299,"date":"2025-07-31T14:29:34","date_gmt":"2025-07-31T12:29:34","guid":{"rendered":"https:\/\/www.budream.com\/shop\/qnubu-recipient-en-silicone\/"},"modified":"2026-04-14T15:21:36","modified_gmt":"2026-04-14T13:21:36","slug":"qnubu-recipient-en-silicone","status":"publish","type":"product","link":"https:\/\/www.budream.com\/fr\/shop\/qnubu-recipient-en-silicone\/","title":{"rendered":"QNUBU &#8211; R\u00c9CIPIENT EN SILICONE"},"content":{"rendered":"<p>Les conteneurs Qnubu sont utilis\u00e9s pour conserver vos pr\u00e9cieux extraits.<\/p>\n<h2><span style=\"text-decoration: underline\">Contenants en silicone QNUBU :<\/span><\/h2>\n<ul style=\"list-style-type: disc\">\n<li>Non collants ;<\/li>\n<li>Disponibles en diff\u00e9rents formats et tailles ;<\/li>\n<li>100% silicone ;<\/li>\n<li>Couleurs assorties<\/li>\n<\/ul>\n","protected":false},"excerpt":{"rendered":"<p>Les conteneurs Qnubu sont utilis\u00e9s pour conserver vos pr\u00e9cieux extraits. Contenants en silicone QNUBU : Non collants ; Disponibles en<\/p>\n","protected":false},"featured_media":156289,"comment_status":"open","ping_status":"closed","template":"","meta":[],"product_brand":[],"product_cat":[7949],"product_tag":[],"class_list":{"0":"post-156299","1":"product","2":"type-product","3":"status-publish","4":"has-post-thumbnail","6":"product_cat-headshop-fr","8":"first","9":"instock","10":"taxable","11":"shipping-taxable","12":"purchasable","13":"product-type-variable"},"aioseo_notices":[],"_links":{"self":[{"href":"https:\/\/www.budream.com\/fr\/wp-json\/wp\/v2\/product\/156299","targetHints":{"allow":["GET"]}}],"collection":[{"href":"https:\/\/www.budream.com\/fr\/wp-json\/wp\/v2\/product"}],"about":[{"href":"https:\/\/www.budream.com\/fr\/wp-json\/wp\/v2\/types\/product"}],"replies":[{"embeddable":true,"href":"https:\/\/www.budream.com\/fr\/wp-json\/wp\/v2\/comments?post=156299"}],"version-history":[{"count":1,"href":"https:\/\/www.budream.com\/fr\/wp-json\/wp\/v2\/product\/156299\/revisions"}],"predecessor-version":[{"id":262878,"href":"https:\/\/www.budream.com\/fr\/wp-json\/wp\/v2\/product\/156299\/revisions\/262878"}],"wp:featuredmedia":[{"embeddable":true,"href":"https:\/\/www.budream.com\/fr\/wp-json\/wp\/v2\/media\/156289"}],"wp:attachment":[{"href":"https:\/\/www.budream.com\/fr\/wp-json\/wp\/v2\/media?parent=156299"}],"wp:term":[{"taxonomy":"product_brand","embeddable":true,"href":"https:\/\/www.budream.com\/fr\/wp-json\/wp\/v2\/product_brand?post=156299"},{"taxonomy":"product_cat","embeddable":true,"href":"https:\/\/www.budream.com\/fr\/wp-json\/wp\/v2\/product_cat?post=156299"},{"taxonomy":"product_tag","embeddable":true,"href":"https:\/\/www.budream.com\/fr\/wp-json\/wp\/v2\/product_tag?post=156299"}],"curies":[{"name":"wp","href":"https:\/\/api.w.org\/{rel}","templated":true}]}}