{"id":156414,"date":"2025-07-31T14:36:51","date_gmt":"2025-07-31T12:36:51","guid":{"rendered":"https:\/\/www.budream.com\/shop\/variete-de-graines-de-chanvre-finola-selection-ce\/"},"modified":"2026-03-24T19:58:19","modified_gmt":"2026-03-24T17:58:19","slug":"variete-de-graines-de-chanvre-finola-selection-ce","status":"publish","type":"product","link":"https:\/\/www.budream.com\/fr\/shop\/variete-de-graines-de-chanvre-finola-selection-ce\/","title":{"rendered":"VARI\u00c9T\u00c9 DE GRAINES DE CHANVRE FINOLA SELECTION CE"},"content":{"rendered":"<p>Finola\u00a0\u00bb est une vari\u00e9t\u00e9 dio\u00efque et photo-ind\u00e9pendante d\u00e9velopp\u00e9e en Finlande depuis 1995.<br \/>Il s&rsquo;agit d&rsquo;une g\u00e9n\u00e9tique d\u00e9di\u00e9e \u00e0 la production de semences pour l&rsquo;alimentation, mais qui est \u00e9galement utilis\u00e9e pour la production d&rsquo;inflorescences ou de biomasse pour l&rsquo;extraction (CBD).<\/p>\n<p>Voici une liste des principales caract\u00e9ristiques :<\/p>\n<p><strong>G\u00e9notype :<\/strong> Dioica<br \/><strong>Adaptabilit\u00e9 climatique<\/strong>: Bor\u00e9ale, Continentale et Oc\u00e9anique<br \/><strong>Cycle v\u00e9g\u00e9tatif<\/strong>: 100\/120 jours<br \/><strong>Hauteur :<\/strong> 1 \u00e0 2 m\u00e8tres<br \/><strong>Pleine floraison femelle :<\/strong> 60 jours apr\u00e8s le semis<\/p>\n<p><strong>Rendement moyen en graines kg\/ha<\/strong>: 500-1000<br \/><strong>Rendement moyen en balles T\/ha :<\/strong> 3-5<br \/><strong>Rendement moyen en inflorescences** (biomasse s\u00e8che) : Kg\/ha :<\/strong> 400-800<\/p>\n<p><strong>THC<\/strong>: &lt; 0,2 %.<br \/><strong>CBD*<\/strong>: 2-6 %.<\/p>\n","protected":false},"excerpt":{"rendered":"<p>Finola\u00a0\u00bb est une vari\u00e9t\u00e9 dio\u00efque et photo-ind\u00e9pendante d\u00e9velopp\u00e9e en Finlande depuis 1995.Il s&rsquo;agit d&rsquo;une g\u00e9n\u00e9tique d\u00e9di\u00e9e \u00e0 la production de<\/p>\n","protected":false},"featured_media":156409,"comment_status":"open","ping_status":"closed","template":"","meta":[],"product_brand":[],"product_cat":[7951],"product_tag":[],"class_list":{"0":"post-156414","1":"product","2":"type-product","3":"status-publish","4":"has-post-thumbnail","6":"product_cat-magasin-de-graines","8":"first","9":"instock","10":"sale","11":"taxable","12":"shipping-taxable","13":"purchasable","14":"product-type-variable"},"aioseo_notices":[],"_links":{"self":[{"href":"https:\/\/www.budream.com\/fr\/wp-json\/wp\/v2\/product\/156414","targetHints":{"allow":["GET"]}}],"collection":[{"href":"https:\/\/www.budream.com\/fr\/wp-json\/wp\/v2\/product"}],"about":[{"href":"https:\/\/www.budream.com\/fr\/wp-json\/wp\/v2\/types\/product"}],"replies":[{"embeddable":true,"href":"https:\/\/www.budream.com\/fr\/wp-json\/wp\/v2\/comments?post=156414"}],"version-history":[{"count":0,"href":"https:\/\/www.budream.com\/fr\/wp-json\/wp\/v2\/product\/156414\/revisions"}],"wp:featuredmedia":[{"embeddable":true,"href":"https:\/\/www.budream.com\/fr\/wp-json\/wp\/v2\/media\/156409"}],"wp:attachment":[{"href":"https:\/\/www.budream.com\/fr\/wp-json\/wp\/v2\/media?parent=156414"}],"wp:term":[{"taxonomy":"product_brand","embeddable":true,"href":"https:\/\/www.budream.com\/fr\/wp-json\/wp\/v2\/product_brand?post=156414"},{"taxonomy":"product_cat","embeddable":true,"href":"https:\/\/www.budream.com\/fr\/wp-json\/wp\/v2\/product_cat?post=156414"},{"taxonomy":"product_tag","embeddable":true,"href":"https:\/\/www.budream.com\/fr\/wp-json\/wp\/v2\/product_tag?post=156414"}],"curies":[{"name":"wp","href":"https:\/\/api.w.org\/{rel}","templated":true}]}}