{"id":156454,"date":"2025-07-31T14:38:22","date_gmt":"2025-07-31T12:38:22","guid":{"rendered":"https:\/\/www.budream.com\/shop\/variete-de-graines-de-chanvre-kompolti-selection-ce\/"},"modified":"2026-03-24T14:54:31","modified_gmt":"2026-03-24T12:54:31","slug":"variete-de-graines-de-chanvre-kompolti-selection-ce","status":"publish","type":"product","link":"https:\/\/www.budream.com\/fr\/shop\/variete-de-graines-de-chanvre-kompolti-selection-ce\/","title":{"rendered":"VARI\u00c9T\u00c9 DE GRAINES DE CHANVRE KOMPOLTI S\u00c9LECTION CE"},"content":{"rendered":"<p>Graines de chanvre (Cannabis sativa L.) certifi\u00e9es CE de la vari\u00e9t\u00e9 Kompolti.<\/p>\n<p>Kompolti\u00a0\u00bb est une vari\u00e9t\u00e9 hongroise cultiv\u00e9e dans toute l&rsquo;Europe.<br \/>C&rsquo;est la vari\u00e9t\u00e9 hongroise la plus r\u00e9pandue. Elle est le r\u00e9sultat de plus de 20 ans de travail de s\u00e9lection par une \u00e9quipe d&rsquo;experts g\u00e9n\u00e9ticiens. Elle a \u00e9t\u00e9 cr\u00e9\u00e9e \u00e0 partir d&rsquo;une combinaison de mat\u00e9riel chinois, hongrois et probablement aussi italien, caract\u00e9ris\u00e9 par une grande vigueur et une large adaptabilit\u00e9 \u00e0 diff\u00e9rents environnements.<\/p>\n<p>Il s&rsquo;agit d&rsquo;une g\u00e9n\u00e9tique qui a \u00e9t\u00e9 d\u00e9velopp\u00e9e pour produire des fibres, mais qui est maintenant choisie pour la production d&rsquo;inflorescences et de biomasse pour l&rsquo;extraction (CBD).<\/p>\n<p>Voici une liste des principales caract\u00e9ristiques :<\/p>\n<p><strong>G\u00e9notype :<\/strong> Kompolti<br \/><strong>Pays de production :<\/strong> Bulgarie<\/p>\n<p><strong>G\u00e9notype<\/strong>: Kompolti Dioica<br \/><strong>Adaptabilit\u00e9 climatique<\/strong>: Europe du Nord, du Centre, du Sud<br \/><strong>Cycle v\u00e9g\u00e9tatif<\/strong>: 140-160 jours<br \/><strong>Hauteur<\/strong>: 2,5 &#8211; 3,5 m\u00e8tres<br \/><strong>Pleine floraison :<\/strong> ao\u00fbt<\/p>\n<p><strong>Rendement moyen en graines kg\/ha<\/strong>: 500 &#8211; 800<br \/><strong>Rendement moyen en balles T\/ha<\/strong>: 8 &#8211; 12<br \/><strong>Rendement moyen en inflorescences** (biomasse s\u00e8che) kg\/ha<\/strong>: 600 &#8211; 1500<\/p>\n<p><strong>THC<\/strong>: &lt; 0,2 %.<br \/><strong>CBD*<\/strong>: 2-10%.<\/p>\n","protected":false},"excerpt":{"rendered":"<p>Graines de chanvre (Cannabis sativa L.) certifi\u00e9es CE de la vari\u00e9t\u00e9 Kompolti. Kompolti\u00a0\u00bb est une vari\u00e9t\u00e9 hongroise cultiv\u00e9e dans toute<\/p>\n","protected":false},"featured_media":156449,"comment_status":"open","ping_status":"closed","template":"","meta":[],"product_brand":[],"product_cat":[7951],"product_tag":[],"class_list":{"0":"post-156454","1":"product","2":"type-product","3":"status-publish","4":"has-post-thumbnail","6":"product_cat-magasin-de-graines","8":"first","9":"instock","10":"sale","11":"taxable","12":"shipping-taxable","13":"purchasable","14":"product-type-variable"},"aioseo_notices":[],"_links":{"self":[{"href":"https:\/\/www.budream.com\/fr\/wp-json\/wp\/v2\/product\/156454","targetHints":{"allow":["GET"]}}],"collection":[{"href":"https:\/\/www.budream.com\/fr\/wp-json\/wp\/v2\/product"}],"about":[{"href":"https:\/\/www.budream.com\/fr\/wp-json\/wp\/v2\/types\/product"}],"replies":[{"embeddable":true,"href":"https:\/\/www.budream.com\/fr\/wp-json\/wp\/v2\/comments?post=156454"}],"version-history":[{"count":0,"href":"https:\/\/www.budream.com\/fr\/wp-json\/wp\/v2\/product\/156454\/revisions"}],"wp:featuredmedia":[{"embeddable":true,"href":"https:\/\/www.budream.com\/fr\/wp-json\/wp\/v2\/media\/156449"}],"wp:attachment":[{"href":"https:\/\/www.budream.com\/fr\/wp-json\/wp\/v2\/media?parent=156454"}],"wp:term":[{"taxonomy":"product_brand","embeddable":true,"href":"https:\/\/www.budream.com\/fr\/wp-json\/wp\/v2\/product_brand?post=156454"},{"taxonomy":"product_cat","embeddable":true,"href":"https:\/\/www.budream.com\/fr\/wp-json\/wp\/v2\/product_cat?post=156454"},{"taxonomy":"product_tag","embeddable":true,"href":"https:\/\/www.budream.com\/fr\/wp-json\/wp\/v2\/product_tag?post=156454"}],"curies":[{"name":"wp","href":"https:\/\/api.w.org\/{rel}","templated":true}]}}