{"id":156509,"date":"2025-07-31T14:41:21","date_gmt":"2025-07-31T12:41:21","guid":{"rendered":"https:\/\/www.budream.com\/shop\/graines-douces-bruce-banner-auto-fem-sws91\/"},"modified":"2026-04-01T13:54:22","modified_gmt":"2026-04-01T11:54:22","slug":"graines-douces-bruce-banner-auto-fem-sws91","status":"publish","type":"product","link":"https:\/\/www.budream.com\/fr\/shop\/graines-douces-bruce-banner-auto-fem-sws91\/","title":{"rendered":"GRAINES DOUCES &#8211; BRUCE BANNER AUTO\u00ae FEM (SWS91)"},"content":{"rendered":"<div id=\"ficha_imagen\">\n<p style=\"text-align: justify\">7th Generation Autoflowering. Version autofloraison de l&rsquo;une des vari\u00e9t\u00e9s \u00ab\u00a0Super Strong\u00a0\u00bb les plus c\u00e9l\u00e8bres de la c\u00f4te ouest des Etats-Unis, la puissante et r\u00e9volutionnaire Bruce Banner, d\u00e9velopp\u00e9e dans l&rsquo;Etat du Colorado pour le plus grand plaisir des amateurs du monde entier.<\/p>\n<\/div>\n<h2><strong>Caract\u00e9ristiques Bruce Banner Auto Fem :<\/strong><\/h2>\n<ul style=\"list-style-type: disc\">\n<li><strong>Genre :<\/strong> Autofloraison F\u00e9minis\u00e9e<\/li>\n<li><strong>G\u00e9notype :<\/strong> Hybride : 41.1% \/ Sativa : 58.7% \/ Ruderalis : 0.2%<\/li>\n<li><strong>G\u00e9n\u00e9tique :<\/strong> Bruce Banner x Gorilla Girl XL <sup> Auto&reg;<\/sup> (SWS82)<\/li>\n<li>Jours<strong>:<\/strong> 63 jours<\/li>\n<\/ul>\n<p><\/p>\n<div style=\"text-align: justify\"><span style=\"font-size: 11pt\"><em><strong>ATTENTION :<\/strong> Les graines de chanvre sont exclues de la notion l\u00e9gale de Cannabis, ce qui signifie qu&rsquo;elles ne doivent pas \u00eatre consid\u00e9r\u00e9es comme une substance stup\u00e9fiante (L. 412 de 1974, art. 1, virgule 1, lett. B ; Convention unique sur les stup\u00e9fiants de New York de 1961 et tableau II du d\u00e9cret minist\u00e9riel 27\/7\/1992). En Italie, la culture du chanvre est interdite (articles 28 et 73 du d\u00e9cret pr\u00e9sidentiel 309\/90), sauf autorisation sp\u00e9ciale (article 17 du d\u00e9cret pr\u00e9sidentiel 309\/90). En l&rsquo;absence d&rsquo;autorisation, les semences ne peuvent \u00eatre utilis\u00e9es qu&rsquo;\u00e0 d&rsquo;autres fins (zootechniques, de collection, etc.). Les semences sont vendues sous r\u00e9serve qu&rsquo;elles ne soient pas utilis\u00e9es par des tiers en contradiction avec la loi.<\/em><\/span><\/div>\n","protected":false},"excerpt":{"rendered":"<p>7th Generation Autoflowering. Version autofloraison de l&rsquo;une des vari\u00e9t\u00e9s \u00ab\u00a0Super Strong\u00a0\u00bb les plus c\u00e9l\u00e8bres de la c\u00f4te ouest des Etats-Unis,<\/p>\n","protected":false},"featured_media":156504,"comment_status":"open","ping_status":"closed","template":"","meta":[],"product_brand":[],"product_cat":[7951],"product_tag":[],"class_list":{"0":"post-156509","1":"product","2":"type-product","3":"status-publish","4":"has-post-thumbnail","6":"product_cat-magasin-de-graines","8":"first","9":"instock","10":"sale","11":"taxable","12":"shipping-taxable","13":"purchasable","14":"product-type-variable"},"aioseo_notices":[],"_links":{"self":[{"href":"https:\/\/www.budream.com\/fr\/wp-json\/wp\/v2\/product\/156509","targetHints":{"allow":["GET"]}}],"collection":[{"href":"https:\/\/www.budream.com\/fr\/wp-json\/wp\/v2\/product"}],"about":[{"href":"https:\/\/www.budream.com\/fr\/wp-json\/wp\/v2\/types\/product"}],"replies":[{"embeddable":true,"href":"https:\/\/www.budream.com\/fr\/wp-json\/wp\/v2\/comments?post=156509"}],"version-history":[{"count":1,"href":"https:\/\/www.budream.com\/fr\/wp-json\/wp\/v2\/product\/156509\/revisions"}],"predecessor-version":[{"id":262068,"href":"https:\/\/www.budream.com\/fr\/wp-json\/wp\/v2\/product\/156509\/revisions\/262068"}],"wp:featuredmedia":[{"embeddable":true,"href":"https:\/\/www.budream.com\/fr\/wp-json\/wp\/v2\/media\/156504"}],"wp:attachment":[{"href":"https:\/\/www.budream.com\/fr\/wp-json\/wp\/v2\/media?parent=156509"}],"wp:term":[{"taxonomy":"product_brand","embeddable":true,"href":"https:\/\/www.budream.com\/fr\/wp-json\/wp\/v2\/product_brand?post=156509"},{"taxonomy":"product_cat","embeddable":true,"href":"https:\/\/www.budream.com\/fr\/wp-json\/wp\/v2\/product_cat?post=156509"},{"taxonomy":"product_tag","embeddable":true,"href":"https:\/\/www.budream.com\/fr\/wp-json\/wp\/v2\/product_tag?post=156509"}],"curies":[{"name":"wp","href":"https:\/\/api.w.org\/{rel}","templated":true}]}}