{"id":156544,"date":"2025-07-31T14:43:11","date_gmt":"2025-07-31T12:43:11","guid":{"rendered":"https:\/\/www.budream.com\/shop\/graines-douces-runtz-xl-auto-fem-sws88\/"},"modified":"2026-04-22T13:42:07","modified_gmt":"2026-04-22T11:42:07","slug":"graines-douces-runtz-xl-auto-fem-sws88","status":"publish","type":"product","link":"https:\/\/www.budream.com\/fr\/shop\/graines-douces-runtz-xl-auto-fem-sws88\/","title":{"rendered":"GRAINES DOUCES &#8211; RUNTZ XL AUTO\u00ae FEM (SWS88)"},"content":{"rendered":"<div style=\"text-align: justify\">6\u00e8me G\u00e9n\u00e9ration Autofloraison. Version autofloraison et de grande taille de la g\u00e9n\u00e9tique Runtz (Zkittlez x Gelato).<\/div>\n<div style=\"text-align: justify\">Runtz XL <sup> Auto&reg;<\/sup> (SWS88) est le r\u00e9sultat du croisement d&rsquo;un clone s\u00e9lectionn\u00e9 de Runtz avec une souche s\u00e9lectionn\u00e9e de notre Sweet Gelato <sup> Auto&reg;<\/sup> (SWS76).<\/div>\n<p><\/p>\n<h2><strong>Caract\u00e9ristiques Runtz XL Auto Fem :<\/strong><\/h2>\n<ul style=\"list-style-type: disc\">\n<li><strong>Genre :<\/strong> Autofloraison F\u00e9minis\u00e9e XL<\/li>\n<li><strong>G\u00e9notype<\/strong>: Hybride : 47.1% Indica \/ 52.5% Sativa \/ 0.4% Ruderalis<\/li>\n<li><strong>G\u00e9n\u00e9tique :<\/strong> <sup> Runtz&reg;<\/sup> x Sweet Gelato <sup> Auto&reg;<\/sup>.<\/li>\n<li>Jours<strong>:<\/strong> 56 jours<\/li>\n<\/ul>\n<p><\/p>\n<div style=\"text-align: justify\"><span style=\"font-size: 11pt\"><em><strong>ATTENTION :<\/strong> Les graines de chanvre sont exclues de la notion l\u00e9gale de Cannabis, ce qui signifie qu&rsquo;elles ne doivent pas \u00eatre consid\u00e9r\u00e9es comme une substance stup\u00e9fiante (L. 412 de 1974, art. 1, alin\u00e9a 1, lettre B ; Convention unique sur les stup\u00e9fiants de New York de 1961 et tableau II du d\u00e9cret minist\u00e9riel 27\/7\/1992). En Italie, la culture du chanvre est interdite (articles 28 et 73 du d\u00e9cret pr\u00e9sidentiel 309\/90), sauf autorisation sp\u00e9ciale (article 17 du d\u00e9cret pr\u00e9sidentiel 309\/90). En l&rsquo;absence d&rsquo;autorisation, les semences ne peuvent \u00eatre utilis\u00e9es qu&rsquo;\u00e0 d&rsquo;autres fins (zootechniques, de collection, etc.). Les semences sont vendues sous r\u00e9serve qu&rsquo;elles ne soient pas utilis\u00e9es par des tiers en contradiction avec la loi.<\/em><\/span><\/div>\n","protected":false},"excerpt":{"rendered":"<p>6\u00e8me G\u00e9n\u00e9ration Autofloraison. Version autofloraison et de grande taille de la g\u00e9n\u00e9tique Runtz (Zkittlez x Gelato). Runtz XL Auto&reg; (SWS88)<\/p>\n","protected":false},"featured_media":156534,"comment_status":"open","ping_status":"closed","template":"","meta":[],"product_brand":[],"product_cat":[7951],"product_tag":[],"class_list":{"0":"post-156544","1":"product","2":"type-product","3":"status-publish","4":"has-post-thumbnail","6":"product_cat-magasin-de-graines","8":"first","9":"instock","10":"sale","11":"taxable","12":"shipping-taxable","13":"purchasable","14":"product-type-variable"},"_links":{"self":[{"href":"https:\/\/www.budream.com\/fr\/wp-json\/wp\/v2\/product\/156544","targetHints":{"allow":["GET"]}}],"collection":[{"href":"https:\/\/www.budream.com\/fr\/wp-json\/wp\/v2\/product"}],"about":[{"href":"https:\/\/www.budream.com\/fr\/wp-json\/wp\/v2\/types\/product"}],"replies":[{"embeddable":true,"href":"https:\/\/www.budream.com\/fr\/wp-json\/wp\/v2\/comments?post=156544"}],"version-history":[{"count":1,"href":"https:\/\/www.budream.com\/fr\/wp-json\/wp\/v2\/product\/156544\/revisions"}],"predecessor-version":[{"id":263128,"href":"https:\/\/www.budream.com\/fr\/wp-json\/wp\/v2\/product\/156544\/revisions\/263128"}],"wp:featuredmedia":[{"embeddable":true,"href":"https:\/\/www.budream.com\/fr\/wp-json\/wp\/v2\/media\/156534"}],"wp:attachment":[{"href":"https:\/\/www.budream.com\/fr\/wp-json\/wp\/v2\/media?parent=156544"}],"wp:term":[{"taxonomy":"product_brand","embeddable":true,"href":"https:\/\/www.budream.com\/fr\/wp-json\/wp\/v2\/product_brand?post=156544"},{"taxonomy":"product_cat","embeddable":true,"href":"https:\/\/www.budream.com\/fr\/wp-json\/wp\/v2\/product_cat?post=156544"},{"taxonomy":"product_tag","embeddable":true,"href":"https:\/\/www.budream.com\/fr\/wp-json\/wp\/v2\/product_tag?post=156544"}],"curies":[{"name":"wp","href":"https:\/\/api.w.org\/{rel}","templated":true}]}}