{"id":156609,"date":"2025-07-31T14:47:00","date_gmt":"2025-07-31T12:47:00","guid":{"rendered":"https:\/\/www.budream.com\/shop\/biobizz-calmag\/"},"modified":"2026-03-26T20:04:46","modified_gmt":"2026-03-26T18:04:46","slug":"biobizz-calmag","status":"publish","type":"product","link":"https:\/\/www.budream.com\/fr\/shop\/biobizz-calmag\/","title":{"rendered":"BIOBIZZ &#8211; CALMAG"},"content":{"rendered":"<h3>Biobizz Calmag est con\u00e7u pour les cultivateurs professionnels et les amateurs qui ont besoin d&rsquo;un apport suppl\u00e9mentaire de calcium et de magn\u00e9sium pour leurs plantes.<\/h3>\n<div class=\"page\" title=\"Page 1\">\n<div class=\"section\">\n<div class=\"layoutArea\">\n<div class=\"column\">\n<p>Ca et Mg sont des \u00e9l\u00e9ments essentiels pour une croissance et une floraison correctes des plantes, car ils jouent un r\u00f4le cl\u00e9 dans la production cellulaire et la photosynth\u00e8se.<\/p>\n<\/div>\n<\/div>\n<\/div>\n<\/div>\n<h3><strong>Pourquoi utiliser CalMag<\/strong><\/h3>\n<div class=\"page\" title=\"Page 1\">\n<div class=\"section\">\n<div class=\"layoutArea\">\n<div class=\"column\">\n<p>Les carences en Ca\/Mg sont fr\u00e9quentes : de nos jours, nous ne pouvons plus compter sur l&rsquo;eau du robinet pour obtenir une concentration correcte en min\u00e9raux.<\/p>\n<\/div>\n<\/div>\n<\/div>\n<\/div>\n<div class=\"page\" title=\"Page 1\">\n<div class=\"section\">\n<div class=\"layoutArea\">\n<div class=\"column\">\n<p>Si vous \u00eates confront\u00e9 \u00e0 une eau du robinet douce ou si vous souhaitez remin\u00e9raliser de l&rsquo;eau osmos\u00e9e, Biobizz Calmag vous offre une solution 100 % biologique et certifi\u00e9e pour les carences en Ca\/Mg.<\/p>\n<\/div>\n<\/div>\n<\/div>\n<\/div>\n<div class=\"page\" title=\"Page 1\">\n<div class=\"section\">\n<div class=\"layoutArea\">\n<div class=\"column\">\n<p>Ce produit contient le meilleur des ingr\u00e9dients 100% naturels et les pr\u00e9sente dans une formule qui n&rsquo;alt\u00e8re pas vos choix de culture.<\/p>\n<\/div>\n<\/div>\n<\/div>\n<\/div>\n<div class=\"page\" title=\"Page 1\">\n<div class=\"section\">\n<div class=\"layoutArea\">\n<div class=\"column\">\n<p>Avec Biobizz Calmag, vous corrigez une eau pauvre de mani\u00e8re simple, contr\u00f4l\u00e9e et naturelle.<\/p>\n<\/div>\n<\/div>\n<\/div>\n<\/div>\n<h3><strong>Comment l&rsquo;utiliser ?<\/strong><\/h3>\n<div class=\"vc_col-sm-10 wpb_column column_container vc_column_container col no-extra-padding instance-5\" data-t-w-inherits=\"default\" data-border-radius=\"none\" data-shadow=\"none\" data-border-animation=\"\" data-border-animation-delay=\"\" data-border-width=\"none\" data-border-style=\"solid\" data-border-color=\"\" data-bg-cover=\"\" data-padding-pos=\"all\" data-has-bg-color=\"false\" data-bg-color=\"\" data-bg-opacity=\"1\" data-hover-bg=\"\" data-hover-bg-opacity=\"1\" data-animation=\"\" data-delay=\"0\">\n<div class=\"vc_column-inner\">\n<div class=\"wpb_wrapper\">\n<div class=\"wpb_text_column wpb_content_element \">\n<div class=\"wpb_wrapper\">\n<div class=\"page\" title=\"Page 1\">\n<div class=\"section\">\n<div class=\"layoutArea\">\n<div class=\"column\">\n<p>Ajoutez la dose recommand\u00e9e de Calmag pour compl\u00e9ter le Ca et le Mg, pr\u00e9parez l&rsquo;eau et m\u00e9langez les engrais Biobizz n\u00e9cessaires.<\/p>\n<\/div>\n<\/div>\n<\/div>\n<\/div>\n<\/div>\n<\/div>\n<\/div>\n<\/div>\n<\/div>\n","protected":false},"excerpt":{"rendered":"<p>Biobizz Calmag est con\u00e7u pour les cultivateurs professionnels et les amateurs qui ont besoin d&rsquo;un apport suppl\u00e9mentaire de calcium et<\/p>\n","protected":false},"featured_media":156604,"comment_status":"open","ping_status":"closed","template":"","meta":[],"product_brand":[],"product_cat":[7933],"product_tag":[],"class_list":{"0":"post-156609","1":"product","2":"type-product","3":"status-publish","4":"has-post-thumbnail","6":"product_cat-engrais","8":"first","9":"instock","10":"sale","11":"taxable","12":"shipping-taxable","13":"purchasable","14":"product-type-variable"},"aioseo_notices":[],"_links":{"self":[{"href":"https:\/\/www.budream.com\/fr\/wp-json\/wp\/v2\/product\/156609","targetHints":{"allow":["GET"]}}],"collection":[{"href":"https:\/\/www.budream.com\/fr\/wp-json\/wp\/v2\/product"}],"about":[{"href":"https:\/\/www.budream.com\/fr\/wp-json\/wp\/v2\/types\/product"}],"replies":[{"embeddable":true,"href":"https:\/\/www.budream.com\/fr\/wp-json\/wp\/v2\/comments?post=156609"}],"version-history":[{"count":0,"href":"https:\/\/www.budream.com\/fr\/wp-json\/wp\/v2\/product\/156609\/revisions"}],"wp:featuredmedia":[{"embeddable":true,"href":"https:\/\/www.budream.com\/fr\/wp-json\/wp\/v2\/media\/156604"}],"wp:attachment":[{"href":"https:\/\/www.budream.com\/fr\/wp-json\/wp\/v2\/media?parent=156609"}],"wp:term":[{"taxonomy":"product_brand","embeddable":true,"href":"https:\/\/www.budream.com\/fr\/wp-json\/wp\/v2\/product_brand?post=156609"},{"taxonomy":"product_cat","embeddable":true,"href":"https:\/\/www.budream.com\/fr\/wp-json\/wp\/v2\/product_cat?post=156609"},{"taxonomy":"product_tag","embeddable":true,"href":"https:\/\/www.budream.com\/fr\/wp-json\/wp\/v2\/product_tag?post=156609"}],"curies":[{"name":"wp","href":"https:\/\/api.w.org\/{rel}","templated":true}]}}