{"id":156984,"date":"2025-07-31T15:06:35","date_gmt":"2025-07-31T13:06:35","guid":{"rendered":"https:\/\/www.budream.com\/shop\/super-sativa-seed-club-fat-petes-cookies-auto-fem\/"},"modified":"2026-03-17T16:27:40","modified_gmt":"2026-03-17T14:27:40","slug":"super-sativa-seed-club-fat-petes-cookies-auto-fem","status":"publish","type":"product","link":"https:\/\/www.budream.com\/fr\/shop\/super-sativa-seed-club-fat-petes-cookies-auto-fem\/","title":{"rendered":"SUPER SATIVA SEED CLUB &#8211; FAT PETE&rsquo;S COOKIES AUTO FEM"},"content":{"rendered":"<div class=\"FFpbKc\">\n<div class=\"ZTPlmc\">\n<div class=\"FFpbKc\">\n<div class=\"ZTPlmc\">Pour cr\u00e9er la Fat Pete&rsquo;s Cookies, nous avons crois\u00e9 une autofleur tr\u00e8s fruit\u00e9e avec l&rsquo;Auto Cookies. Le r\u00e9sultat a \u00e9t\u00e9 crois\u00e9 avec notre Auto Creeper. Les meilleures plantes ont \u00e9t\u00e9 s\u00e9lectionn\u00e9es et crois\u00e9es pour stabiliser cette vari\u00e9t\u00e9. Le r\u00e9sultat est une vari\u00e9t\u00e9 autofloraison de premier ordre.<\/div>\n<\/div>\n<div class=\"dePhmb\"><\/div>\n<\/div>\n<\/div>\n<h2><strong>Fat Pete&rsquo;s Cookies Auto Fem Caract\u00e9ristiques :<\/strong><\/h2>\n<ul style=\"list-style-type: disc\">\n<li><strong>Genre :<\/strong> Hybride Autofloraison F\u00e9minis\u00e9e<\/li>\n<li><strong>G\u00e9notype :<\/strong> 50% Sativa 50% Indica<\/li>\n<li><strong>G\u00e9n\u00e9tique :<\/strong> Williams Wonder x (Girl Scout Cookies x Rureralis)<\/li>\n<li><strong>Jours :<\/strong> 81 &#8211; 94<\/li>\n<\/ul>\n<p><em><strong>ATTENTION :<\/strong> les graines de chanvre sont exclues de la notion l\u00e9gale de Cannabis, ce qui signifie qu&rsquo;elles ne doivent pas \u00eatre consid\u00e9r\u00e9es comme des substances narcotiques (Loi 412 de 1974, art.1, paragraphe 1, lett. B ; Convention unique de New York sur les stup\u00e9fiants de 1961 et tableau II du d\u00e9cret minist\u00e9riel 27\/7\/1992). En Italie, la culture du chanvre est interdite (articles 28 et 73 du DPR 309\/90) si vous ne disposez pas de l&rsquo;autorisation appropri\u00e9e (article 17 du DPR 309\/90). En l&rsquo;absence d&rsquo;autorisation, les semences peuvent \u00eatre utilis\u00e9es exclusivement \u00e0 d&rsquo;autres fins (zootechniques, de collection, etc.). Les semences sont vendues \u00e0 condition qu&rsquo;elles ne soient pas utilis\u00e9es par des tiers en contradiction avec la loi.<\/em><\/p>\n","protected":false},"excerpt":{"rendered":"<p>Pour cr\u00e9er la Fat Pete&rsquo;s Cookies, nous avons crois\u00e9 une autofleur tr\u00e8s fruit\u00e9e avec l&rsquo;Auto Cookies. Le r\u00e9sultat a \u00e9t\u00e9<\/p>\n","protected":false},"featured_media":156979,"comment_status":"open","ping_status":"closed","template":"","meta":[],"product_brand":[],"product_cat":[7951],"product_tag":[],"class_list":{"0":"post-156984","1":"product","2":"type-product","3":"status-publish","4":"has-post-thumbnail","6":"product_cat-magasin-de-graines","8":"first","9":"instock","10":"sale","11":"taxable","12":"shipping-taxable","13":"purchasable","14":"product-type-variable"},"aioseo_notices":[],"_links":{"self":[{"href":"https:\/\/www.budream.com\/fr\/wp-json\/wp\/v2\/product\/156984","targetHints":{"allow":["GET"]}}],"collection":[{"href":"https:\/\/www.budream.com\/fr\/wp-json\/wp\/v2\/product"}],"about":[{"href":"https:\/\/www.budream.com\/fr\/wp-json\/wp\/v2\/types\/product"}],"replies":[{"embeddable":true,"href":"https:\/\/www.budream.com\/fr\/wp-json\/wp\/v2\/comments?post=156984"}],"version-history":[{"count":0,"href":"https:\/\/www.budream.com\/fr\/wp-json\/wp\/v2\/product\/156984\/revisions"}],"wp:featuredmedia":[{"embeddable":true,"href":"https:\/\/www.budream.com\/fr\/wp-json\/wp\/v2\/media\/156979"}],"wp:attachment":[{"href":"https:\/\/www.budream.com\/fr\/wp-json\/wp\/v2\/media?parent=156984"}],"wp:term":[{"taxonomy":"product_brand","embeddable":true,"href":"https:\/\/www.budream.com\/fr\/wp-json\/wp\/v2\/product_brand?post=156984"},{"taxonomy":"product_cat","embeddable":true,"href":"https:\/\/www.budream.com\/fr\/wp-json\/wp\/v2\/product_cat?post=156984"},{"taxonomy":"product_tag","embeddable":true,"href":"https:\/\/www.budream.com\/fr\/wp-json\/wp\/v2\/product_tag?post=156984"}],"curies":[{"name":"wp","href":"https:\/\/api.w.org\/{rel}","templated":true}]}}