{"id":157194,"date":"2025-07-31T15:18:37","date_gmt":"2025-07-31T13:18:37","guid":{"rendered":"https:\/\/www.budream.com\/shop\/dutch-passion-auto-blueberry-fem\/"},"modified":"2026-03-23T18:44:51","modified_gmt":"2026-03-23T16:44:51","slug":"dutch-passion-auto-blueberry-fem","status":"publish","type":"product","link":"https:\/\/www.budream.com\/fr\/shop\/dutch-passion-auto-blueberry-fem\/","title":{"rendered":"DUTCH PASSION &#8211; AUTO BLUEBERRY FEM"},"content":{"rendered":"<p style=\"text-align: justify\">Auto Blueberry&reg; est rapidement devenue la vari\u00e9t\u00e9 autoflorissante pr\u00e9f\u00e9r\u00e9e des connaisseurs. Gr\u00e2ce \u00e0 un programme de s\u00e9lection minutieux dans lequel une plante femelle Blueberry tr\u00e8s sp\u00e9ciale a \u00e9t\u00e9 crois\u00e9e avec une autofloraison \u00e0 dominante indica. Le r\u00e9trocroisement s\u00e9lectif de la g\u00e9n\u00e9ration F4 a donn\u00e9 naissance \u00e0 une Blueberry enti\u00e8rement autoflorissante. Ensuite, cette F4 a \u00e9t\u00e9 autopollinis\u00e9e pour cr\u00e9er les graines F5. Les g\u00e8nes de Blueberry utilis\u00e9s proviennent de notre banque de g\u00e8nes.<br \/>Cette vaste collection de g\u00e9n\u00e9tiques remonte \u00e0 l&rsquo;\u00e9poque o\u00f9 nous avons collabor\u00e9 avec DJ Short, le premier s\u00e9lectionneur original de la vari\u00e9t\u00e9 Blueberry. A l&rsquo;\u00e9poque, Dutch Passion travaillait en \u00e9troite collaboration avec DJ Short pour introduire la vari\u00e9t\u00e9 Blueberry sur le march\u00e9 europ\u00e9en et nous avons eu la chance de pouvoir inclure ces g\u00e9n\u00e9tiques originales dans notre collection. A partir de l\u00e0, nous avons commenc\u00e9 \u00e0 s\u00e9lectionner un parent appropri\u00e9 pour notre Auto Blueberry et le r\u00e9sultat est tr\u00e8s impressionnant !<\/p>\n<p><\/p>\n<h2><strong>Caract\u00e9ristiques Auto Blueberry Fem :<\/strong><\/h2>\n<ul style=\"list-style-type: disc\">\n<li><strong>Genre :<\/strong> Autofloraison F\u00e9minis\u00e9e<\/li>\n<li><strong>G\u00e9notype :<\/strong> Hybride \u00e0 dominance Indica<\/li>\n<li><strong>G\u00e9n\u00e9tique : <\/strong>Blueberry X Indica autofloraison<\/li>\n<li><strong>Jours : <\/strong>56 &#8211; 70 jours<\/li>\n<\/ul>\n<p><\/p>\n<div style=\"text-align: justify\"><span style=\"font-size: 11pt\"><em><strong>ATTENTION :<\/strong> Les graines de chanvre sont exclues de la notion l\u00e9gale de Cannabis, ce qui signifie qu&rsquo;elles ne doivent pas \u00eatre consid\u00e9r\u00e9es comme une substance stup\u00e9fiante (L. 412 de 1974, Art. 1, paragraphe 1, lettre B ; Convention unique sur les stup\u00e9fiants de New York de 1961 et tableau II du d\u00e9cret minist\u00e9riel 27\/7\/1992). En Italie, la culture du chanvre est interdite (articles 28 et 73 du d\u00e9cret pr\u00e9sidentiel 309\/90), sauf autorisation sp\u00e9ciale (article 17 du d\u00e9cret pr\u00e9sidentiel 309\/90). En l&rsquo;absence d&rsquo;autorisation, les semences ne peuvent \u00eatre utilis\u00e9es qu&rsquo;\u00e0 d&rsquo;autres fins (zootechniques, de collection, etc.). Les semences sont vendues sous r\u00e9serve qu&rsquo;elles ne soient pas utilis\u00e9es par des tiers en contradiction avec la loi.<\/em><\/span><\/div>\n","protected":false},"excerpt":{"rendered":"<p>Auto Blueberry&reg; est rapidement devenue la vari\u00e9t\u00e9 autoflorissante pr\u00e9f\u00e9r\u00e9e des connaisseurs. Gr\u00e2ce \u00e0 un programme de s\u00e9lection minutieux dans lequel<\/p>\n","protected":false},"featured_media":157184,"comment_status":"open","ping_status":"closed","template":"","meta":[],"product_brand":[],"product_cat":[7951],"product_tag":[],"class_list":{"0":"post-157194","1":"product","2":"type-product","3":"status-publish","4":"has-post-thumbnail","6":"product_cat-magasin-de-graines","8":"first","9":"instock","10":"sale","11":"taxable","12":"shipping-taxable","13":"purchasable","14":"product-type-variable"},"aioseo_notices":[],"_links":{"self":[{"href":"https:\/\/www.budream.com\/fr\/wp-json\/wp\/v2\/product\/157194","targetHints":{"allow":["GET"]}}],"collection":[{"href":"https:\/\/www.budream.com\/fr\/wp-json\/wp\/v2\/product"}],"about":[{"href":"https:\/\/www.budream.com\/fr\/wp-json\/wp\/v2\/types\/product"}],"replies":[{"embeddable":true,"href":"https:\/\/www.budream.com\/fr\/wp-json\/wp\/v2\/comments?post=157194"}],"version-history":[{"count":0,"href":"https:\/\/www.budream.com\/fr\/wp-json\/wp\/v2\/product\/157194\/revisions"}],"wp:featuredmedia":[{"embeddable":true,"href":"https:\/\/www.budream.com\/fr\/wp-json\/wp\/v2\/media\/157184"}],"wp:attachment":[{"href":"https:\/\/www.budream.com\/fr\/wp-json\/wp\/v2\/media?parent=157194"}],"wp:term":[{"taxonomy":"product_brand","embeddable":true,"href":"https:\/\/www.budream.com\/fr\/wp-json\/wp\/v2\/product_brand?post=157194"},{"taxonomy":"product_cat","embeddable":true,"href":"https:\/\/www.budream.com\/fr\/wp-json\/wp\/v2\/product_cat?post=157194"},{"taxonomy":"product_tag","embeddable":true,"href":"https:\/\/www.budream.com\/fr\/wp-json\/wp\/v2\/product_tag?post=157194"}],"curies":[{"name":"wp","href":"https:\/\/api.w.org\/{rel}","templated":true}]}}