{"id":157701,"date":"2025-07-31T15:37:40","date_gmt":"2025-07-31T13:37:40","guid":{"rendered":"https:\/\/www.budream.com\/shop\/passion-hollandaise-auto-desfran-fem\/"},"modified":"2026-03-16T18:03:07","modified_gmt":"2026-03-16T16:03:07","slug":"passion-hollandaise-auto-desfran-fem","status":"publish","type":"product","link":"https:\/\/www.budream.com\/fr\/shop\/passion-hollandaise-auto-desfran-fem\/","title":{"rendered":"PASSION HOLLANDAISE &#8211; AUTO DESFRAN FEM"},"content":{"rendered":"<div style=\"text-align: justify\">En utilisant la g\u00e9n\u00e9tique de la l\u00e9gendaire jungle sativa Desfr\u00e1n, nous avons cr\u00e9\u00e9 la meilleure Auto sativa jamais d\u00e9velopp\u00e9e par Dutch Passion. La g\u00e9n\u00e9tique sativa pure de la Desfr&aacute;n photop\u00e9riodique a \u00e9t\u00e9 convertie en format autofloraison en utilisant la g\u00e9n\u00e9tique sativa de l&rsquo;Auto Daiquiri Lime.<\/div>\n<p><\/p>\n<h2><strong>Caract\u00e9ristiques Auto Desfran Fem :<\/strong><\/h2>\n<ul style=\"list-style-type: disc\">\n<li><strong>Genre :<\/strong> Autofloraison F\u00e9minis\u00e9e<\/li>\n<li><strong>G\u00e9notype :<\/strong> Hybride \u00e0 dominance sativa<\/li>\n<li><strong>G\u00e9n\u00e9tique : <\/strong>Desfr&aacute;n X Auto Daiquiri Lime<\/li>\n<li><strong>Jours :<\/strong> 84-105 jours<\/li>\n<\/ul>\n<p><\/p>\n<div style=\"text-align: justify\"><span style=\"font-size: 11pt\"><em><strong>ATTENTION :<\/strong> Les graines de chanvre sont exclues de la notion l\u00e9gale de Cannabis, ce qui signifie qu&rsquo;elles ne doivent pas \u00eatre consid\u00e9r\u00e9es comme une substance stup\u00e9fiante (L. 412 de 1974, art. 1, alin\u00e9a 1, lettre B ; Convention unique sur les stup\u00e9fiants de New York de 1961 et tableau II du d\u00e9cret minist\u00e9riel 27\/7\/1992). En Italie, la culture du chanvre est interdite (articles 28 et 73 du d\u00e9cret pr\u00e9sidentiel 309\/90), sauf autorisation sp\u00e9ciale (article 17 du d\u00e9cret pr\u00e9sidentiel 309\/90). En l&rsquo;absence d&rsquo;autorisation, les semences ne peuvent \u00eatre utilis\u00e9es qu&rsquo;\u00e0 d&rsquo;autres fins (zootechniques, de collection, etc.). Les semences sont vendues sous r\u00e9serve qu&rsquo;elles ne soient pas utilis\u00e9es par des tiers en contradiction avec la loi.<\/em><\/span><\/div>\n","protected":false},"excerpt":{"rendered":"<p>En utilisant la g\u00e9n\u00e9tique de la l\u00e9gendaire jungle sativa Desfr\u00e1n, nous avons cr\u00e9\u00e9 la meilleure Auto sativa jamais d\u00e9velopp\u00e9e par<\/p>\n","protected":false},"featured_media":157691,"comment_status":"open","ping_status":"closed","template":"","meta":[],"product_brand":[],"product_cat":[7951],"product_tag":[],"class_list":{"0":"post-157701","1":"product","2":"type-product","3":"status-publish","4":"has-post-thumbnail","6":"product_cat-magasin-de-graines","8":"first","9":"instock","10":"sale","11":"taxable","12":"shipping-taxable","13":"purchasable","14":"product-type-variable"},"aioseo_notices":[],"_links":{"self":[{"href":"https:\/\/www.budream.com\/fr\/wp-json\/wp\/v2\/product\/157701","targetHints":{"allow":["GET"]}}],"collection":[{"href":"https:\/\/www.budream.com\/fr\/wp-json\/wp\/v2\/product"}],"about":[{"href":"https:\/\/www.budream.com\/fr\/wp-json\/wp\/v2\/types\/product"}],"replies":[{"embeddable":true,"href":"https:\/\/www.budream.com\/fr\/wp-json\/wp\/v2\/comments?post=157701"}],"version-history":[{"count":0,"href":"https:\/\/www.budream.com\/fr\/wp-json\/wp\/v2\/product\/157701\/revisions"}],"wp:featuredmedia":[{"embeddable":true,"href":"https:\/\/www.budream.com\/fr\/wp-json\/wp\/v2\/media\/157691"}],"wp:attachment":[{"href":"https:\/\/www.budream.com\/fr\/wp-json\/wp\/v2\/media?parent=157701"}],"wp:term":[{"taxonomy":"product_brand","embeddable":true,"href":"https:\/\/www.budream.com\/fr\/wp-json\/wp\/v2\/product_brand?post=157701"},{"taxonomy":"product_cat","embeddable":true,"href":"https:\/\/www.budream.com\/fr\/wp-json\/wp\/v2\/product_cat?post=157701"},{"taxonomy":"product_tag","embeddable":true,"href":"https:\/\/www.budream.com\/fr\/wp-json\/wp\/v2\/product_tag?post=157701"}],"curies":[{"name":"wp","href":"https:\/\/api.w.org\/{rel}","templated":true}]}}