{"id":157966,"date":"2025-07-31T15:49:53","date_gmt":"2025-07-31T13:49:53","guid":{"rendered":"https:\/\/www.budream.com\/shop\/dutch-passion-californian-orange-fem\/"},"modified":"2026-04-07T15:42:42","modified_gmt":"2026-04-07T13:42:42","slug":"dutch-passion-californian-orange-fem","status":"publish","type":"product","link":"https:\/\/www.budream.com\/fr\/shop\/dutch-passion-californian-orange-fem\/","title":{"rendered":"DUTCH PASSION &#8211; CALIFORNIAN ORANGE FEM"},"content":{"rendered":"<div style=\"text-align: justify\">La Californian Orange est un v\u00e9ritable classique de la vieille \u00e9cole, uniquement disponible chez Dutch Passion. Il s&rsquo;agit d&rsquo;un hybride 50 % Indica et 50 % Sativa des ann\u00e9es 1980 qui n&rsquo;a \u00e9t\u00e9 crois\u00e9 que depuis. La g\u00e9n\u00e9tique est d\u00e9riv\u00e9e d&rsquo;une vari\u00e9t\u00e9 californienne exceptionnelle.<\/div>\n<div style=\"text-align: justify\">Parfois, les vari\u00e9t\u00e9s classiques telles que la Californian Orange conservent de nombreux admirateurs m\u00eame plusieurs ann\u00e9es apr\u00e8s leur lancement, malgr\u00e9 toutes les nouvelles vari\u00e9t\u00e9s et hybrides modernes passionnants qui apparaissent au fil du temps.<\/div>\n<div style=\"text-align: justify\">Une beaut\u00e9 californienne traditionnelle de grande qualit\u00e9 datant de l&rsquo;\u00e9poque hippie. Une vari\u00e9t\u00e9 exceptionnelle, tr\u00e8s recherch\u00e9e aussi bien \u00e0 l&rsquo;\u00e9poque de sa sortie qu&rsquo;aujourd&rsquo;hui.<\/div>\n<p><\/p>\n<h2><strong>Caract\u00e9ristiques Californian Orange Fem :<\/strong><\/h2>\n<ul style=\"list-style-type: disc\">\n<li><strong>Genre :<\/strong> Feminized XL<\/li>\n<li><strong>G\u00e9notype :<\/strong> Hybride Indica\/Sativa<\/li>\n<li><strong>G\u00e9n\u00e9tique :<\/strong> Original Californian Orange<\/li>\n<li><strong>Jours :<\/strong> 63<\/li>\n<\/ul>\n<p><\/p>\n<div style=\"text-align: justify\"><span style=\"font-size: 11pt\"><em><strong>ATTENTION :<\/strong> Les graines de chanvre sont exclues de la notion l\u00e9gale de Cannabis, ce qui signifie qu&rsquo;elles ne doivent pas \u00eatre consid\u00e9r\u00e9es comme une substance stup\u00e9fiante (Loi 412 de 1974, Art. 1, paragraphe 1, lettre B ; Convention unique sur les stup\u00e9fiants de New York de 1961 et tableau II du D\u00e9cret minist\u00e9riel 27\/7\/1992). En Italie, la culture du chanvre est interdite (articles 28 et 73 du d\u00e9cret pr\u00e9sidentiel 309\/90), sauf autorisation sp\u00e9ciale (article 17 du d\u00e9cret pr\u00e9sidentiel 309\/90). En l&rsquo;absence d&rsquo;autorisation, les semences ne peuvent \u00eatre utilis\u00e9es qu&rsquo;\u00e0 d&rsquo;autres fins (zootechniques, de collection, etc.). Les semences sont vendues sous r\u00e9serve qu&rsquo;elles ne soient pas utilis\u00e9es par des tiers en contradiction avec la loi.<\/em><\/span><\/div>\n","protected":false},"excerpt":{"rendered":"<p>La Californian Orange est un v\u00e9ritable classique de la vieille \u00e9cole, uniquement disponible chez Dutch Passion. Il s&rsquo;agit d&rsquo;un hybride<\/p>\n","protected":false},"featured_media":157956,"comment_status":"open","ping_status":"closed","template":"","meta":[],"product_brand":[],"product_cat":[7951],"product_tag":[],"class_list":{"0":"post-157966","1":"product","2":"type-product","3":"status-publish","4":"has-post-thumbnail","6":"product_cat-magasin-de-graines","8":"first","9":"instock","10":"sale","11":"taxable","12":"shipping-taxable","13":"purchasable","14":"product-type-variable"},"aioseo_notices":[],"_links":{"self":[{"href":"https:\/\/www.budream.com\/fr\/wp-json\/wp\/v2\/product\/157966","targetHints":{"allow":["GET"]}}],"collection":[{"href":"https:\/\/www.budream.com\/fr\/wp-json\/wp\/v2\/product"}],"about":[{"href":"https:\/\/www.budream.com\/fr\/wp-json\/wp\/v2\/types\/product"}],"replies":[{"embeddable":true,"href":"https:\/\/www.budream.com\/fr\/wp-json\/wp\/v2\/comments?post=157966"}],"version-history":[{"count":1,"href":"https:\/\/www.budream.com\/fr\/wp-json\/wp\/v2\/product\/157966\/revisions"}],"predecessor-version":[{"id":262283,"href":"https:\/\/www.budream.com\/fr\/wp-json\/wp\/v2\/product\/157966\/revisions\/262283"}],"wp:featuredmedia":[{"embeddable":true,"href":"https:\/\/www.budream.com\/fr\/wp-json\/wp\/v2\/media\/157956"}],"wp:attachment":[{"href":"https:\/\/www.budream.com\/fr\/wp-json\/wp\/v2\/media?parent=157966"}],"wp:term":[{"taxonomy":"product_brand","embeddable":true,"href":"https:\/\/www.budream.com\/fr\/wp-json\/wp\/v2\/product_brand?post=157966"},{"taxonomy":"product_cat","embeddable":true,"href":"https:\/\/www.budream.com\/fr\/wp-json\/wp\/v2\/product_cat?post=157966"},{"taxonomy":"product_tag","embeddable":true,"href":"https:\/\/www.budream.com\/fr\/wp-json\/wp\/v2\/product_tag?post=157966"}],"curies":[{"name":"wp","href":"https:\/\/api.w.org\/{rel}","templated":true}]}}