{"id":158081,"date":"2025-07-31T15:53:28","date_gmt":"2025-07-31T13:53:28","guid":{"rendered":"https:\/\/www.budream.com\/shop\/passion-hollandaise-desfran-fem-2\/"},"modified":"2026-03-23T19:26:21","modified_gmt":"2026-03-23T17:26:21","slug":"passion-hollandaise-desfran-fem-2","status":"publish","type":"product","link":"https:\/\/www.budream.com\/fr\/shop\/passion-hollandaise-desfran-fem-2\/","title":{"rendered":"PASSION HOLLANDAISE &#8211; DESFRAN FEM"},"content":{"rendered":"<div style=\"text-align: justify\">Le Desfr&aacute;n est une vari\u00e9t\u00e9 l\u00e9gendaire d&rsquo;Am\u00e9rique du Sud. Elle est le r\u00e9sultat d&rsquo;un croisement entre Destroyer et Destroyer ; \u00e0 l&rsquo;origine, il s&rsquo;agissait d&rsquo;un triple croisement entre Oaxaca (Mexique), Punto Rojo (Colombie) et Meao Thai, et elle est arriv\u00e9e \u00e0 Dutch Passion en provenance d&rsquo;Argentine.<\/div>\n<h2><strong>Caract\u00e9ristiques Desfran Fem :<\/strong><\/h2>\n<ul style=\"list-style-type: disc\">\n<li><strong>Genre :<\/strong> Feminized XL<\/li>\n<li><strong>G\u00e9notype :<\/strong> Hybride principalement Sativa<\/li>\n<li><strong>G\u00e9n\u00e9tique<\/strong>: Destroyer x Destroyer<\/li>\n<li><strong>Jours :<\/strong> 63<\/li>\n<\/ul>\n<p><\/p>\n<div style=\"text-align: justify\"><span style=\"font-size: 11pt\"><em><strong>ATTENTION :<\/strong> Les graines de chanvre sont exclues de la notion l\u00e9gale de Cannabis, ce qui signifie qu&rsquo;elles ne doivent pas \u00eatre consid\u00e9r\u00e9es comme une substance stup\u00e9fiante (L. 412 de 1974, Art. 1, paragraphe 1, lettre B ; Convention unique sur les stup\u00e9fiants de New York de 1961 et tableau II du d\u00e9cret minist\u00e9riel 27\/7\/1992). En Italie, la culture du chanvre est interdite (articles 28 et 73 du d\u00e9cret pr\u00e9sidentiel 309\/90), sauf autorisation sp\u00e9ciale (article 17 du d\u00e9cret pr\u00e9sidentiel 309\/90). En l&rsquo;absence d&rsquo;autorisation, les semences ne peuvent \u00eatre utilis\u00e9es qu&rsquo;\u00e0 d&rsquo;autres fins (zootechniques, de collection, etc.). Les semences sont vendues sous r\u00e9serve qu&rsquo;elles ne soient pas utilis\u00e9es par des tiers en contradiction avec la loi.<\/em><\/span><\/div>\n","protected":false},"excerpt":{"rendered":"<p>Le Desfr&aacute;n est une vari\u00e9t\u00e9 l\u00e9gendaire d&rsquo;Am\u00e9rique du Sud. Elle est le r\u00e9sultat d&rsquo;un croisement entre Destroyer et Destroyer ;<\/p>\n","protected":false},"featured_media":158069,"comment_status":"open","ping_status":"closed","template":"","meta":[],"product_brand":[],"product_cat":[7951],"product_tag":[],"class_list":{"0":"post-158081","1":"product","2":"type-product","3":"status-publish","4":"has-post-thumbnail","6":"product_cat-magasin-de-graines","8":"first","9":"instock","10":"taxable","11":"shipping-taxable","12":"purchasable","13":"product-type-variable"},"aioseo_notices":[],"_links":{"self":[{"href":"https:\/\/www.budream.com\/fr\/wp-json\/wp\/v2\/product\/158081","targetHints":{"allow":["GET"]}}],"collection":[{"href":"https:\/\/www.budream.com\/fr\/wp-json\/wp\/v2\/product"}],"about":[{"href":"https:\/\/www.budream.com\/fr\/wp-json\/wp\/v2\/types\/product"}],"replies":[{"embeddable":true,"href":"https:\/\/www.budream.com\/fr\/wp-json\/wp\/v2\/comments?post=158081"}],"version-history":[{"count":0,"href":"https:\/\/www.budream.com\/fr\/wp-json\/wp\/v2\/product\/158081\/revisions"}],"wp:featuredmedia":[{"embeddable":true,"href":"https:\/\/www.budream.com\/fr\/wp-json\/wp\/v2\/media\/158069"}],"wp:attachment":[{"href":"https:\/\/www.budream.com\/fr\/wp-json\/wp\/v2\/media?parent=158081"}],"wp:term":[{"taxonomy":"product_brand","embeddable":true,"href":"https:\/\/www.budream.com\/fr\/wp-json\/wp\/v2\/product_brand?post=158081"},{"taxonomy":"product_cat","embeddable":true,"href":"https:\/\/www.budream.com\/fr\/wp-json\/wp\/v2\/product_cat?post=158081"},{"taxonomy":"product_tag","embeddable":true,"href":"https:\/\/www.budream.com\/fr\/wp-json\/wp\/v2\/product_tag?post=158081"}],"curies":[{"name":"wp","href":"https:\/\/api.w.org\/{rel}","templated":true}]}}