{"id":158358,"date":"2025-07-31T16:04:08","date_gmt":"2025-07-31T14:04:08","guid":{"rendered":"https:\/\/www.budream.com\/shop\/passion-hollandaise-meringue-fem\/"},"modified":"2026-04-22T13:49:24","modified_gmt":"2026-04-22T11:49:24","slug":"passion-hollandaise-meringue-fem","status":"publish","type":"product","link":"https:\/\/www.budream.com\/fr\/shop\/passion-hollandaise-meringue-fem\/","title":{"rendered":"PASSION HOLLANDAISE &#8211; MERINGUE FEM"},"content":{"rendered":"<div style=\"text-align: justify\">La meringue est cultiv\u00e9e en croisant Wedding Cake et Animal Cookies. Wedding Cake, \u00e9galement connu sous le nom de Pink Cookies, est un croisement <em>am\u00e9ricain <\/em>des c\u00e9l\u00e8bres vari\u00e9t\u00e9s Girl Scout Cookies et Cherry Pie. Ces deux vari\u00e9t\u00e9s donnent la Meringue.<\/div>\n<p><\/p>\n<h2><strong>Caract\u00e9ristiques Meringue Fem :<\/strong><\/h2>\n<ul style=\"list-style-type: disc\">\n<li><strong>Genre :<\/strong> Feminized XL<\/li>\n<li><strong>G\u00e9notype :<\/strong> Hybride Indica\/Sativa<\/li>\n<li><strong>G\u00e9n\u00e9tique :<\/strong> Wedding Cake X Animal Cookies<\/li>\n<li><strong>Jours :<\/strong> 56<\/li>\n<\/ul>\n<p><\/p>\n<div style=\"text-align: justify\"><span style=\"font-size: 11pt\"><em><strong>ATTENTION :<\/strong> Les graines de chanvre sont exclues de la notion l\u00e9gale de Cannabis, ce qui signifie qu&rsquo;elles ne doivent pas \u00eatre consid\u00e9r\u00e9es comme une substance stup\u00e9fiante (L. 412 de 1974, Art. 1, paragraphe 1, lettre B ; Convention unique sur les stup\u00e9fiants de New York de 1961 et tableau II du d\u00e9cret minist\u00e9riel 27\/7\/1992). En Italie, la culture du chanvre est interdite (articles 28 et 73 du d\u00e9cret pr\u00e9sidentiel 309\/90), sauf autorisation sp\u00e9ciale (article 17 du d\u00e9cret pr\u00e9sidentiel 309\/90). En l&rsquo;absence d&rsquo;autorisation, les semences ne peuvent \u00eatre utilis\u00e9es qu&rsquo;\u00e0 d&rsquo;autres fins (zootechniques, de collection, etc.). Les semences sont vendues sous r\u00e9serve qu&rsquo;elles ne soient pas utilis\u00e9es par des tiers en contradiction avec la loi.<\/em><\/span><\/div>\n","protected":false},"excerpt":{"rendered":"<p>La meringue est cultiv\u00e9e en croisant Wedding Cake et Animal Cookies. Wedding Cake, \u00e9galement connu sous le nom de Pink<\/p>\n","protected":false},"featured_media":158348,"comment_status":"open","ping_status":"closed","template":"","meta":[],"product_brand":[],"product_cat":[1175],"product_tag":[],"class_list":{"0":"post-158358","1":"product","2":"type-product","3":"status-publish","4":"has-post-thumbnail","6":"product_cat-seedshop","8":"first","9":"outofstock","10":"taxable","11":"shipping-taxable","12":"purchasable","13":"product-type-variable"},"aioseo_notices":[],"_links":{"self":[{"href":"https:\/\/www.budream.com\/fr\/wp-json\/wp\/v2\/product\/158358","targetHints":{"allow":["GET"]}}],"collection":[{"href":"https:\/\/www.budream.com\/fr\/wp-json\/wp\/v2\/product"}],"about":[{"href":"https:\/\/www.budream.com\/fr\/wp-json\/wp\/v2\/types\/product"}],"replies":[{"embeddable":true,"href":"https:\/\/www.budream.com\/fr\/wp-json\/wp\/v2\/comments?post=158358"}],"version-history":[{"count":1,"href":"https:\/\/www.budream.com\/fr\/wp-json\/wp\/v2\/product\/158358\/revisions"}],"predecessor-version":[{"id":264373,"href":"https:\/\/www.budream.com\/fr\/wp-json\/wp\/v2\/product\/158358\/revisions\/264373"}],"wp:featuredmedia":[{"embeddable":true,"href":"https:\/\/www.budream.com\/fr\/wp-json\/wp\/v2\/media\/158348"}],"wp:attachment":[{"href":"https:\/\/www.budream.com\/fr\/wp-json\/wp\/v2\/media?parent=158358"}],"wp:term":[{"taxonomy":"product_brand","embeddable":true,"href":"https:\/\/www.budream.com\/fr\/wp-json\/wp\/v2\/product_brand?post=158358"},{"taxonomy":"product_cat","embeddable":true,"href":"https:\/\/www.budream.com\/fr\/wp-json\/wp\/v2\/product_cat?post=158358"},{"taxonomy":"product_tag","embeddable":true,"href":"https:\/\/www.budream.com\/fr\/wp-json\/wp\/v2\/product_tag?post=158358"}],"curies":[{"name":"wp","href":"https:\/\/api.w.org\/{rel}","templated":true}]}}