{"id":158429,"date":"2025-07-31T16:07:39","date_gmt":"2025-07-31T14:07:39","guid":{"rendered":"https:\/\/www.budream.com\/shop\/dutch-passion-frisian-dew-fem\/"},"modified":"2026-04-14T09:11:55","modified_gmt":"2026-04-14T07:11:55","slug":"dutch-passion-frisian-dew-fem","status":"publish","type":"product","link":"https:\/\/www.budream.com\/fr\/shop\/dutch-passion-frisian-dew-fem\/","title":{"rendered":"DUTCH PASSION &#8211; FRISIAN DEW FEM"},"content":{"rendered":"<div style=\"text-align: justify\">Frisian Dew a remport\u00e9 la premi\u00e8re place en 2008 lors de la Highlife Cup aux Pays-Bas. Plus r\u00e9cemment, lors de la Homegrown Cup 2018, elle a remport\u00e9 la troisi\u00e8me place dans la cat\u00e9gorie \u00ab\u00a0Dutch Hash\u00a0\u00bb. Elle constitue une partie importante de la collection de graines f\u00e9minis\u00e9es d&rsquo;ext\u00e9rieur depuis de nombreuses ann\u00e9es et parvient toujours \u00e0 battre les nouvelles vari\u00e9t\u00e9s avec facilit\u00e9. La Frisian Dew est le r\u00e9sultat d&rsquo;ann\u00e9es de croisements et de d\u00e9veloppement des g\u00e9n\u00e9tiques Skunk et Purple. Le nom Frisian Dew vient de la r\u00e9gion o\u00f9 cette vari\u00e9t\u00e9 a \u00e9t\u00e9 cr\u00e9\u00e9e. Frisian est la traduction litt\u00e9rale de &lsquo;Fries&rsquo; en anglais, une des r\u00e9gions les plus septentrionales des Pays-Bas, avec sa propre langue et son fort h\u00e9ritage culturel.<\/div>\n<h2><strong>Caract\u00e9ristiques Frisian Dew Fem :<\/strong><\/h2>\n<ul style=\"list-style-type: disc\">\n<li><strong>Genre :<\/strong> XXL F\u00e9minis\u00e9e<\/li>\n<li><strong>G\u00e9notype :<\/strong> Hybride Indica\/Sativa<\/li>\n<li><strong>G\u00e9n\u00e9tique :<\/strong> Super Skunk X Purple Star<\/li>\n<li><strong>Jours :<\/strong> 56<\/li>\n<\/ul>\n<p><\/p>\n<div style=\"text-align: justify\"><span style=\"font-size: 11pt\"><em><strong>ATTENTION :<\/strong> Les graines de chanvre sont exclues de la notion l\u00e9gale de Cannabis, ce qui signifie qu&rsquo;elles ne doivent pas \u00eatre consid\u00e9r\u00e9es comme une substance narcotique (Loi 412 de 1974, Art. 1, paragraphe 1, lettre B ; Convention Unique sur les Stup\u00e9fiants de New York de 1961 et tableau II du D\u00e9cret Minist\u00e9riel 27\/7\/1992). En Italie, la culture du chanvre est interdite (articles 28 et 73 du d\u00e9cret pr\u00e9sidentiel 309\/90), sauf autorisation sp\u00e9ciale (article 17 du d\u00e9cret pr\u00e9sidentiel 309\/90). En l&rsquo;absence d&rsquo;autorisation, les semences ne peuvent \u00eatre utilis\u00e9es qu&rsquo;\u00e0 d&rsquo;autres fins (zootechniques, de collection, etc.). Les semences sont vendues sous r\u00e9serve qu&rsquo;elles ne soient pas utilis\u00e9es par des tiers en contradiction avec la loi.<\/em><\/span><\/div>\n","protected":false},"excerpt":{"rendered":"<p>Frisian Dew a remport\u00e9 la premi\u00e8re place en 2008 lors de la Highlife Cup aux Pays-Bas. Plus r\u00e9cemment, lors de<\/p>\n","protected":false},"featured_media":158417,"comment_status":"open","ping_status":"closed","template":"","meta":[],"product_brand":[],"product_cat":[7951],"product_tag":[],"class_list":{"0":"post-158429","1":"product","2":"type-product","3":"status-publish","4":"has-post-thumbnail","6":"product_cat-magasin-de-graines","8":"first","9":"instock","10":"taxable","11":"shipping-taxable","12":"purchasable","13":"product-type-variable"},"aioseo_notices":[],"_links":{"self":[{"href":"https:\/\/www.budream.com\/fr\/wp-json\/wp\/v2\/product\/158429","targetHints":{"allow":["GET"]}}],"collection":[{"href":"https:\/\/www.budream.com\/fr\/wp-json\/wp\/v2\/product"}],"about":[{"href":"https:\/\/www.budream.com\/fr\/wp-json\/wp\/v2\/types\/product"}],"replies":[{"embeddable":true,"href":"https:\/\/www.budream.com\/fr\/wp-json\/wp\/v2\/comments?post=158429"}],"version-history":[{"count":1,"href":"https:\/\/www.budream.com\/fr\/wp-json\/wp\/v2\/product\/158429\/revisions"}],"predecessor-version":[{"id":262561,"href":"https:\/\/www.budream.com\/fr\/wp-json\/wp\/v2\/product\/158429\/revisions\/262561"}],"wp:featuredmedia":[{"embeddable":true,"href":"https:\/\/www.budream.com\/fr\/wp-json\/wp\/v2\/media\/158417"}],"wp:attachment":[{"href":"https:\/\/www.budream.com\/fr\/wp-json\/wp\/v2\/media?parent=158429"}],"wp:term":[{"taxonomy":"product_brand","embeddable":true,"href":"https:\/\/www.budream.com\/fr\/wp-json\/wp\/v2\/product_brand?post=158429"},{"taxonomy":"product_cat","embeddable":true,"href":"https:\/\/www.budream.com\/fr\/wp-json\/wp\/v2\/product_cat?post=158429"},{"taxonomy":"product_tag","embeddable":true,"href":"https:\/\/www.budream.com\/fr\/wp-json\/wp\/v2\/product_tag?post=158429"}],"curies":[{"name":"wp","href":"https:\/\/api.w.org\/{rel}","templated":true}]}}