{"id":158513,"date":"2025-07-31T16:11:26","date_gmt":"2025-07-31T14:11:26","guid":{"rendered":"https:\/\/www.budream.com\/shop\/dutch-passion-fruit-de-la-passion-fem\/"},"modified":"2026-03-03T21:00:42","modified_gmt":"2026-03-03T19:00:42","slug":"dutch-passion-fruit-de-la-passion-fem","status":"publish","type":"product","link":"https:\/\/www.budream.com\/fr\/shop\/dutch-passion-fruit-de-la-passion-fem\/","title":{"rendered":"DUTCH PASSION &#8211; FRUIT DE LA PASSION FEM"},"content":{"rendered":"<p style=\"font-weight: 400;text-align: justify\">Passion Fruit est issue d&rsquo;un croisement entre Orange Bud et Sweet Pink Grapefruit. Dutch Passion a obtenu un magnifique clone de Sweet Pink Grapefruit aupr\u00e8s d&rsquo;un ami de confiance en Belgique. L&rsquo;\u00e9quipe s&rsquo;est rapidement rendu compte qu&rsquo;elle devait cr\u00e9er une nouvelle vari\u00e9t\u00e9 de graines \u00e0 partir de cette souche. Sweet Pink Grapefruit et Orange Bud sont deux vari\u00e9t\u00e9s tr\u00e8s appr\u00e9ci\u00e9es. Lorsqu&rsquo;elles sont combin\u00e9es, le r\u00e9sultat est encore meilleur que les vari\u00e9t\u00e9s parentes.<\/p>\n<p><\/p>\n<h2><strong>Caract\u00e9ristiques Passion Fruit Fem :<\/strong><\/h2>\n<ul style=\"list-style-type: disc\">\n<li><strong>Genre :<\/strong> XXL F\u00e9minis\u00e9e<\/li>\n<li><strong>G\u00e9notype :<\/strong> Hybride Indica\/Sativa<\/li>\n<li><strong>G\u00e9n\u00e9tique :<\/strong> Sweet Pink Grapefruit X Orange Bud<\/li>\n<li><strong>Jours :<\/strong> 56<\/li>\n<\/ul>\n<p><\/p>\n<div style=\"text-align: justify\"><span style=\"font-size: 11pt\"><em><strong>ATTENTION :<\/strong> Les graines de chanvre sont exclues de la notion l\u00e9gale de Cannabis, ce qui signifie qu&rsquo;elles ne doivent pas \u00eatre consid\u00e9r\u00e9es comme une substance narcotique (Loi 412 de 1974, Art. 1, paragraphe 1, lettre B ; Convention Unique sur les Stup\u00e9fiants de New York de 1961 et tableau II du D\u00e9cret Minist\u00e9riel 27\/7\/1992). En Italie, la culture du chanvre est interdite (articles 28 et 73 du d\u00e9cret pr\u00e9sidentiel 309\/90), sauf autorisation sp\u00e9ciale (article 17 du d\u00e9cret pr\u00e9sidentiel 309\/90). En l&rsquo;absence d&rsquo;autorisation, les semences ne peuvent \u00eatre utilis\u00e9es qu&rsquo;\u00e0 d&rsquo;autres fins (zootechniques, de collection, etc.). Les semences sont vendues sous r\u00e9serve qu&rsquo;elles ne soient pas utilis\u00e9es par des tiers en contradiction avec la loi.<\/em><\/span><\/div>\n","protected":false},"excerpt":{"rendered":"<p>Passion Fruit est issue d&rsquo;un croisement entre Orange Bud et Sweet Pink Grapefruit. Dutch Passion a obtenu un magnifique clone<\/p>\n","protected":false},"featured_media":158500,"comment_status":"open","ping_status":"closed","template":"","meta":[],"product_brand":[],"product_cat":[7951],"product_tag":[],"class_list":{"0":"post-158513","1":"product","2":"type-product","3":"status-publish","4":"has-post-thumbnail","6":"product_cat-magasin-de-graines","8":"first","9":"instock","10":"taxable","11":"shipping-taxable","12":"purchasable","13":"product-type-variable"},"aioseo_notices":[],"_links":{"self":[{"href":"https:\/\/www.budream.com\/fr\/wp-json\/wp\/v2\/product\/158513","targetHints":{"allow":["GET"]}}],"collection":[{"href":"https:\/\/www.budream.com\/fr\/wp-json\/wp\/v2\/product"}],"about":[{"href":"https:\/\/www.budream.com\/fr\/wp-json\/wp\/v2\/types\/product"}],"replies":[{"embeddable":true,"href":"https:\/\/www.budream.com\/fr\/wp-json\/wp\/v2\/comments?post=158513"}],"version-history":[{"count":0,"href":"https:\/\/www.budream.com\/fr\/wp-json\/wp\/v2\/product\/158513\/revisions"}],"wp:featuredmedia":[{"embeddable":true,"href":"https:\/\/www.budream.com\/fr\/wp-json\/wp\/v2\/media\/158500"}],"wp:attachment":[{"href":"https:\/\/www.budream.com\/fr\/wp-json\/wp\/v2\/media?parent=158513"}],"wp:term":[{"taxonomy":"product_brand","embeddable":true,"href":"https:\/\/www.budream.com\/fr\/wp-json\/wp\/v2\/product_brand?post=158513"},{"taxonomy":"product_cat","embeddable":true,"href":"https:\/\/www.budream.com\/fr\/wp-json\/wp\/v2\/product_cat?post=158513"},{"taxonomy":"product_tag","embeddable":true,"href":"https:\/\/www.budream.com\/fr\/wp-json\/wp\/v2\/product_tag?post=158513"}],"curies":[{"name":"wp","href":"https:\/\/api.w.org\/{rel}","templated":true}]}}