{"id":159394,"date":"2025-07-31T16:54:32","date_gmt":"2025-07-31T14:54:32","guid":{"rendered":"https:\/\/www.budream.com\/shop\/royal-queen-seeds-special-queen-1-fem\/"},"modified":"2026-03-17T18:52:10","modified_gmt":"2026-03-17T16:52:10","slug":"royal-queen-seeds-special-queen-1-fem","status":"publish","type":"product","link":"https:\/\/www.budream.com\/fr\/shop\/royal-queen-seeds-special-queen-1-fem\/","title":{"rendered":"ROYAL QUEEN SEEDS &#8211; SPECIAL QUEEN #1 FEM"},"content":{"rendered":"<div id=\"short_description_content\" class=\"rte short-description-product hidden-sm hidden-xs\">\n<p>Dans les ann\u00e9es 1990, les producteurs de semences et les n\u00e9gociants se sont lanc\u00e9s dans une course effr\u00e9n\u00e9e pour trouver \u00ab\u00a0la\u00a0\u00bb skunk. Les caract\u00e9ristiques g\u00e9n\u00e9tiques de ces plantes de cannabis allaient plus tard jeter les bases de la plupart des marijuana en Europe.<br \/>Chez Royal Queen Seeds, ils ont d\u00e9cid\u00e9 de vous proposer un hybride de skunk typique \u00e0 un prix avantageux<\/p>\n<\/div>\n<h2><strong>Caract\u00e9ristiques Special Queen #1 Royal Queen Seeds :<\/strong><\/h2>\n<ul style=\"list-style-type: disc\">\n<li><strong>Genre :<\/strong> F\u00e9minis\u00e9e<\/li>\n<li><strong>G\u00e9notype :<\/strong> Hybride 50% Sativa 50% Indica<\/li>\n<li><strong>G\u00e9n\u00e9tique :<\/strong> Power Bud x Skunk<\/li>\n<li><strong>Jours :<\/strong> 49<\/li>\n<\/ul>\n<p><em><strong>ATTENTION :<\/strong> Les graines de chanvre sont exclues de la notion l\u00e9gale de Cannabis, ce qui signifie qu&rsquo;elles ne doivent pas \u00eatre consid\u00e9r\u00e9es comme une substance stup\u00e9fiante (L. 412 de 1974, Art. 1, paragraphe 1, lettre B ; Convention unique sur les stup\u00e9fiants de New York de 1961 et tableau II du d\u00e9cret minist\u00e9riel 27\/7\/1992). En Italie, la culture du chanvre est interdite (articles 28 et 73 du d\u00e9cret pr\u00e9sidentiel 309\/90), sauf autorisation sp\u00e9ciale (article 17 du d\u00e9cret pr\u00e9sidentiel 309\/90). En l&rsquo;absence d&rsquo;autorisation, les semences ne peuvent \u00eatre utilis\u00e9es qu&rsquo;\u00e0 d&rsquo;autres fins (zootechniques, de collection, etc.). Les semences sont vendues sous r\u00e9serve qu&rsquo;elles ne soient pas utilis\u00e9es par des tiers en contradiction avec la loi.<\/em><\/p>\n","protected":false},"excerpt":{"rendered":"<p>Dans les ann\u00e9es 1990, les producteurs de semences et les n\u00e9gociants se sont lanc\u00e9s dans une course effr\u00e9n\u00e9e pour trouver<\/p>\n","protected":false},"featured_media":159384,"comment_status":"open","ping_status":"closed","template":"","meta":[],"product_brand":[],"product_cat":[7951],"product_tag":[],"class_list":{"0":"post-159394","1":"product","2":"type-product","3":"status-publish","4":"has-post-thumbnail","6":"product_cat-magasin-de-graines","8":"first","9":"instock","10":"taxable","11":"shipping-taxable","12":"purchasable","13":"product-type-variable"},"aioseo_notices":[],"_links":{"self":[{"href":"https:\/\/www.budream.com\/fr\/wp-json\/wp\/v2\/product\/159394","targetHints":{"allow":["GET"]}}],"collection":[{"href":"https:\/\/www.budream.com\/fr\/wp-json\/wp\/v2\/product"}],"about":[{"href":"https:\/\/www.budream.com\/fr\/wp-json\/wp\/v2\/types\/product"}],"replies":[{"embeddable":true,"href":"https:\/\/www.budream.com\/fr\/wp-json\/wp\/v2\/comments?post=159394"}],"version-history":[{"count":0,"href":"https:\/\/www.budream.com\/fr\/wp-json\/wp\/v2\/product\/159394\/revisions"}],"wp:featuredmedia":[{"embeddable":true,"href":"https:\/\/www.budream.com\/fr\/wp-json\/wp\/v2\/media\/159384"}],"wp:attachment":[{"href":"https:\/\/www.budream.com\/fr\/wp-json\/wp\/v2\/media?parent=159394"}],"wp:term":[{"taxonomy":"product_brand","embeddable":true,"href":"https:\/\/www.budream.com\/fr\/wp-json\/wp\/v2\/product_brand?post=159394"},{"taxonomy":"product_cat","embeddable":true,"href":"https:\/\/www.budream.com\/fr\/wp-json\/wp\/v2\/product_cat?post=159394"},{"taxonomy":"product_tag","embeddable":true,"href":"https:\/\/www.budream.com\/fr\/wp-json\/wp\/v2\/product_tag?post=159394"}],"curies":[{"name":"wp","href":"https:\/\/api.w.org\/{rel}","templated":true}]}}