{"id":159456,"date":"2025-07-31T16:56:40","date_gmt":"2025-07-31T14:56:40","guid":{"rendered":"https:\/\/www.budream.com\/shop\/royal-queen-seeds-royal-gorilla-fem-usa-premium-2\/"},"modified":"2026-03-26T13:20:51","modified_gmt":"2026-03-26T11:20:51","slug":"royal-queen-seeds-royal-gorilla-fem-usa-premium-2","status":"publish","type":"product","link":"https:\/\/www.budream.com\/fr\/shop\/royal-queen-seeds-royal-gorilla-fem-usa-premium-2\/","title":{"rendered":"ROYAL QUEEN SEEDS &#8211; ROYAL GORILLA FEM (USA PREMIUM)"},"content":{"rendered":"<p>Royal Gorilla est, sans l&rsquo;ombre d&rsquo;un doute, l&rsquo;une des vari\u00e9t\u00e9s de cannabis les plus l\u00e9gendaires et les plus acclam\u00e9es lanc\u00e9es sur le march\u00e9 am\u00e9ricain, devenant rapidement l&rsquo;une des plus recherch\u00e9es par les connaisseurs am\u00e9ricains de marijuana. Pourtant, sa d\u00e9couverte est tout \u00e0 fait accidentelle. Les deux s\u00e9lectionneurs am\u00e9ricains Joesy Whales et Lonie Watie sont tomb\u00e9s sur cette g\u00e9n\u00e9tique lorsque la souche Chem Sis de Joesy a \u00e9t\u00e9 accidentellement pollinis\u00e9e par une Sour Dubb.<\/p>\n<h2><strong>Caract\u00e9ristiques Royal Gorilla Royal Queen Seeds :<\/strong><\/h2>\n<ul style=\"list-style-type: disc\">\n<li><strong>Genre :<\/strong> F\u00e9minis\u00e9e<\/li>\n<li><strong>G\u00e9notype :<\/strong> Hybride 50% Sativa 50% Indica<\/li>\n<li><strong>G\u00e9n\u00e9tique :<\/strong> Sour Dubb x Chem Sis x Chocolate Diesel<\/li>\n<li><strong>Jours :<\/strong> 56-63<\/li>\n<\/ul>\n<p><em><strong>ATTENTION :<\/strong> Les graines de chanvre sont exclues de la notion l\u00e9gale de Cannabis, ce qui signifie qu&rsquo;elles ne doivent pas \u00eatre consid\u00e9r\u00e9es comme une substance stup\u00e9fiante (L. 412 de 1974, Art. 1, paragraphe 1, lettre B ; Convention unique sur les stup\u00e9fiants de New York de 1961 et tableau II du d\u00e9cret minist\u00e9riel 27\/7\/1992). En Italie, la culture du chanvre est interdite (articles 28 et 73 du d\u00e9cret pr\u00e9sidentiel 309\/90), sauf autorisation sp\u00e9ciale (article 17 du d\u00e9cret pr\u00e9sidentiel 309\/90). En l&rsquo;absence d&rsquo;autorisation, les semences ne peuvent \u00eatre utilis\u00e9es qu&rsquo;\u00e0 d&rsquo;autres fins (zootechniques, de collection, etc.). Les semences sont vendues sous r\u00e9serve qu&rsquo;elles ne soient pas utilis\u00e9es par des tiers en contradiction avec la loi.<\/em><\/p>\n","protected":false},"excerpt":{"rendered":"<p>Royal Gorilla est, sans l&rsquo;ombre d&rsquo;un doute, l&rsquo;une des vari\u00e9t\u00e9s de cannabis les plus l\u00e9gendaires et les plus acclam\u00e9es lanc\u00e9es<\/p>\n","protected":false},"featured_media":159432,"comment_status":"open","ping_status":"closed","template":"","meta":[],"product_brand":[],"product_cat":[7951],"product_tag":[],"class_list":{"0":"post-159456","1":"product","2":"type-product","3":"status-publish","4":"has-post-thumbnail","6":"product_cat-magasin-de-graines","8":"first","9":"instock","10":"taxable","11":"shipping-taxable","12":"purchasable","13":"product-type-variable"},"aioseo_notices":[],"_links":{"self":[{"href":"https:\/\/www.budream.com\/fr\/wp-json\/wp\/v2\/product\/159456","targetHints":{"allow":["GET"]}}],"collection":[{"href":"https:\/\/www.budream.com\/fr\/wp-json\/wp\/v2\/product"}],"about":[{"href":"https:\/\/www.budream.com\/fr\/wp-json\/wp\/v2\/types\/product"}],"replies":[{"embeddable":true,"href":"https:\/\/www.budream.com\/fr\/wp-json\/wp\/v2\/comments?post=159456"}],"version-history":[{"count":0,"href":"https:\/\/www.budream.com\/fr\/wp-json\/wp\/v2\/product\/159456\/revisions"}],"wp:featuredmedia":[{"embeddable":true,"href":"https:\/\/www.budream.com\/fr\/wp-json\/wp\/v2\/media\/159432"}],"wp:attachment":[{"href":"https:\/\/www.budream.com\/fr\/wp-json\/wp\/v2\/media?parent=159456"}],"wp:term":[{"taxonomy":"product_brand","embeddable":true,"href":"https:\/\/www.budream.com\/fr\/wp-json\/wp\/v2\/product_brand?post=159456"},{"taxonomy":"product_cat","embeddable":true,"href":"https:\/\/www.budream.com\/fr\/wp-json\/wp\/v2\/product_cat?post=159456"},{"taxonomy":"product_tag","embeddable":true,"href":"https:\/\/www.budream.com\/fr\/wp-json\/wp\/v2\/product_tag?post=159456"}],"curies":[{"name":"wp","href":"https:\/\/api.w.org\/{rel}","templated":true}]}}