{"id":159791,"date":"2025-07-31T17:09:48","date_gmt":"2025-07-31T15:09:48","guid":{"rendered":"https:\/\/www.budream.com\/shop\/royal-queen-seeds-chocolate-haze-fem\/"},"modified":"2026-03-30T20:12:00","modified_gmt":"2026-03-30T18:12:00","slug":"royal-queen-seeds-chocolate-haze-fem","status":"publish","type":"product","link":"https:\/\/www.budream.com\/fr\/shop\/royal-queen-seeds-chocolate-haze-fem\/","title":{"rendered":"ROYAL QUEEN SEEDS &#8211; CHOCOLATE HAZE FEM"},"content":{"rendered":"<p>Cette plante est issue de l&rsquo;OG Chocolate Thai, combin\u00e9e \u00e0 la Cannalope Haze. La Chocolate Haze fait partie de la famille des Hazes et est donc \u00e0 dominante sativa, avec 95% de sativa et 5% d&rsquo;indica. Les vari\u00e9t\u00e9s Haze sont n\u00e9es en Californie dans les ann\u00e9es 1970 et ont ensuite acquis une renomm\u00e9e internationale gr\u00e2ce aux comptoirs des cofeeshop d&rsquo;Amsterdam.<\/p>\n<h2><strong>Caract\u00e9ristiques Chocolate Haze Royal Queen Seeds :<\/strong><\/h2>\n<ul style=\"list-style-type: disc\">\n<li><strong>Genre :<\/strong> F\u00e9minis\u00e9e<\/li>\n<li><strong>G\u00e9notype :<\/strong> Hybride 5% Sativa \/ 95% Indica<\/li>\n<li><strong>G\u00e9n\u00e9tique :<\/strong> OG Chocolate Thai x Cannalope Haze<\/li>\n<li><strong>Jours :<\/strong> 63-70<\/li>\n<\/ul>\n<p><em><strong>ATTENTION :<\/strong> Les graines de chanvre sont exclues de la notion l\u00e9gale de Cannabis, ce qui signifie qu&rsquo;elles ne doivent pas \u00eatre consid\u00e9r\u00e9es comme une substance stup\u00e9fiante (L. 412 de 1974, art. 1, virgule 1, lett. B ; Convention unique sur les stup\u00e9fiants de New York de 1961 et tableau II du d\u00e9cret minist\u00e9riel 27\/7\/1992). En Italie, la culture du chanvre est interdite (articles 28 et 73 du d\u00e9cret pr\u00e9sidentiel 309\/90), sauf autorisation sp\u00e9ciale (article 17 du d\u00e9cret pr\u00e9sidentiel 309\/90). En l&rsquo;absence d&rsquo;autorisation, les semences ne peuvent \u00eatre utilis\u00e9es qu&rsquo;\u00e0 d&rsquo;autres fins (zootechniques, de collection, etc.). Les semences sont vendues sous r\u00e9serve qu&rsquo;elles ne soient pas utilis\u00e9es par des tiers en contradiction avec la loi.<\/em><\/p>\n","protected":false},"excerpt":{"rendered":"<p>Cette plante est issue de l&rsquo;OG Chocolate Thai, combin\u00e9e \u00e0 la Cannalope Haze. La Chocolate Haze fait partie de la<\/p>\n","protected":false},"featured_media":159781,"comment_status":"open","ping_status":"closed","template":"","meta":[],"product_brand":[],"product_cat":[1175],"product_tag":[],"class_list":{"0":"post-159791","1":"product","2":"type-product","3":"status-publish","4":"has-post-thumbnail","6":"product_cat-seedshop","8":"first","9":"instock","10":"taxable","11":"shipping-taxable","12":"purchasable","13":"product-type-variable"},"aioseo_notices":[],"_links":{"self":[{"href":"https:\/\/www.budream.com\/fr\/wp-json\/wp\/v2\/product\/159791","targetHints":{"allow":["GET"]}}],"collection":[{"href":"https:\/\/www.budream.com\/fr\/wp-json\/wp\/v2\/product"}],"about":[{"href":"https:\/\/www.budream.com\/fr\/wp-json\/wp\/v2\/types\/product"}],"replies":[{"embeddable":true,"href":"https:\/\/www.budream.com\/fr\/wp-json\/wp\/v2\/comments?post=159791"}],"version-history":[{"count":0,"href":"https:\/\/www.budream.com\/fr\/wp-json\/wp\/v2\/product\/159791\/revisions"}],"wp:featuredmedia":[{"embeddable":true,"href":"https:\/\/www.budream.com\/fr\/wp-json\/wp\/v2\/media\/159781"}],"wp:attachment":[{"href":"https:\/\/www.budream.com\/fr\/wp-json\/wp\/v2\/media?parent=159791"}],"wp:term":[{"taxonomy":"product_brand","embeddable":true,"href":"https:\/\/www.budream.com\/fr\/wp-json\/wp\/v2\/product_brand?post=159791"},{"taxonomy":"product_cat","embeddable":true,"href":"https:\/\/www.budream.com\/fr\/wp-json\/wp\/v2\/product_cat?post=159791"},{"taxonomy":"product_tag","embeddable":true,"href":"https:\/\/www.budream.com\/fr\/wp-json\/wp\/v2\/product_tag?post=159791"}],"curies":[{"name":"wp","href":"https:\/\/api.w.org\/{rel}","templated":true}]}}