{"id":160716,"date":"2025-07-31T17:45:43","date_gmt":"2025-07-31T15:45:43","guid":{"rendered":"https:\/\/www.budream.com\/shop\/royal-queen-seeds-royal-dwarf-auto\/"},"modified":"2026-03-10T12:38:30","modified_gmt":"2026-03-10T10:38:30","slug":"royal-queen-seeds-royal-dwarf-auto","status":"publish","type":"product","link":"https:\/\/www.budream.com\/fr\/shop\/royal-queen-seeds-royal-dwarf-auto\/","title":{"rendered":"ROYAL QUEEN SEEDS &#8211; ROYAL DWARF AUTO"},"content":{"rendered":"<p>Avec un bagage g\u00e9n\u00e9tique similaire \u00e0 celui de l&rsquo;Easy Bud, mais avec des accents de Skunk suppl\u00e9mentaires, Royal Dwarf est un cultivar autofloraison court et joufflu.<\/p>\n<div class=\"clearfix\"><\/div>\n<h2><strong>Caract\u00e9ristiques Royal Dwarf Royal Queen Seeds :<\/strong><\/h2>\n<ul style=\"list-style-type: disc\">\n<li><strong>Genre :<\/strong> Autofloraison f\u00e9minis\u00e9e<\/li>\n<li><strong>G\u00e9notype :<\/strong> Hybride 60% Sativa 10% Indica 30% Ruderalis<\/li>\n<li><strong>G\u00e9n\u00e9tique<\/strong>: Skunk x Ruderalis<\/li>\n<li><strong>Jours :<\/strong> 40-50<\/li>\n<\/ul>\n<p><span style=\"font-size: 12.222222328186px\"><\/p>\n<p><em><strong>ATTENTION :<\/strong> Les graines de chanvre sont exclues de la notion l\u00e9gale de Cannabis, ce qui signifie qu&rsquo;elles ne doivent pas \u00eatre consid\u00e9r\u00e9es comme une substance stup\u00e9fiante (L. 412 de 1974, art. 1, alin\u00e9a 1, lettre B ; Convention unique sur les stup\u00e9fiants de New York de 1961 et tableau II du d\u00e9cret minist\u00e9riel 27\/7\/1992). En Italie, la culture du chanvre est interdite (articles 28 et 73 du d\u00e9cret pr\u00e9sidentiel 309\/90), sauf autorisation sp\u00e9ciale (article 17 du d\u00e9cret pr\u00e9sidentiel 309\/90). En l&rsquo;absence d&rsquo;autorisation, les semences ne peuvent \u00eatre utilis\u00e9es qu&rsquo;\u00e0 d&rsquo;autres fins (zootechniques, de collection, etc.). Les semences sont vendues sous r\u00e9serve qu&rsquo;elles ne soient pas utilis\u00e9es par des tiers en contradiction avec la loi.<\/em><\/span><\/p>\n","protected":false},"excerpt":{"rendered":"<p>Avec un bagage g\u00e9n\u00e9tique similaire \u00e0 celui de l&rsquo;Easy Bud, mais avec des accents de Skunk suppl\u00e9mentaires, Royal Dwarf est<\/p>\n","protected":false},"featured_media":160703,"comment_status":"open","ping_status":"closed","template":"","meta":[],"product_brand":[],"product_cat":[7951],"product_tag":[],"class_list":{"0":"post-160716","1":"product","2":"type-product","3":"status-publish","4":"has-post-thumbnail","6":"product_cat-magasin-de-graines","8":"first","9":"instock","10":"sale","11":"taxable","12":"shipping-taxable","13":"purchasable","14":"product-type-variable"},"_links":{"self":[{"href":"https:\/\/www.budream.com\/fr\/wp-json\/wp\/v2\/product\/160716","targetHints":{"allow":["GET"]}}],"collection":[{"href":"https:\/\/www.budream.com\/fr\/wp-json\/wp\/v2\/product"}],"about":[{"href":"https:\/\/www.budream.com\/fr\/wp-json\/wp\/v2\/types\/product"}],"replies":[{"embeddable":true,"href":"https:\/\/www.budream.com\/fr\/wp-json\/wp\/v2\/comments?post=160716"}],"version-history":[{"count":0,"href":"https:\/\/www.budream.com\/fr\/wp-json\/wp\/v2\/product\/160716\/revisions"}],"wp:featuredmedia":[{"embeddable":true,"href":"https:\/\/www.budream.com\/fr\/wp-json\/wp\/v2\/media\/160703"}],"wp:attachment":[{"href":"https:\/\/www.budream.com\/fr\/wp-json\/wp\/v2\/media?parent=160716"}],"wp:term":[{"taxonomy":"product_brand","embeddable":true,"href":"https:\/\/www.budream.com\/fr\/wp-json\/wp\/v2\/product_brand?post=160716"},{"taxonomy":"product_cat","embeddable":true,"href":"https:\/\/www.budream.com\/fr\/wp-json\/wp\/v2\/product_cat?post=160716"},{"taxonomy":"product_tag","embeddable":true,"href":"https:\/\/www.budream.com\/fr\/wp-json\/wp\/v2\/product_tag?post=160716"}],"curies":[{"name":"wp","href":"https:\/\/api.w.org\/{rel}","templated":true}]}}