{"id":161771,"date":"2025-07-31T18:34:01","date_gmt":"2025-07-31T16:34:01","guid":{"rendered":"https:\/\/www.budream.com\/shop\/royal-queen-seeds-royal-cheese-automatic\/"},"modified":"2026-03-27T15:12:51","modified_gmt":"2026-03-27T13:12:51","slug":"royal-queen-seeds-royal-cheese-automatic","status":"publish","type":"product","link":"https:\/\/www.budream.com\/fr\/shop\/royal-queen-seeds-royal-cheese-automatic\/","title":{"rendered":"ROYAL QUEEN SEEDS &#8211; ROYAL CHEESE AUTOMATIC"},"content":{"rendered":"<p>La Cheese n&rsquo;est pas seulement une vari\u00e9t\u00e9 tr\u00e8s recherch\u00e9e dans toutes les parties du monde, elle a aussi une histoire \u00e9nigmatique. Avec son influence consid\u00e9rable sur la sc\u00e8ne rave britannique des ann\u00e9es 1990 et l&rsquo;un des profils terp\u00e9niques les plus distinctifs qui soient, ce n&rsquo;\u00e9tait qu&rsquo;une question de temps avant que cette l\u00e9gende ne soit mise \u00e0 jour avec une vari\u00e9t\u00e9 robuste \u00e0 autofloraison.<\/p>\n<h2><strong>Caract\u00e9ristiques Royal Cheese Automatic Royal Queen Seeds :<\/strong><\/h2>\n<ul style=\"list-style-type: disc\">\n<li><strong>Genre :<\/strong> Autofloraison f\u00e9minis\u00e9e<\/li>\n<li><strong>G\u00e9notype :<\/strong> Hybride 30% Sativa 50% Indica 20% Ruderalis<\/li>\n<li><strong>G\u00e9n\u00e9tique<\/strong>: Cheese x Royal Critical Automatic<\/li>\n<li><strong>Jours :<\/strong> 50-60<\/li>\n<\/ul>\n<p><em><strong>ATTENTION :<\/strong> Les graines de chanvre sont exclues de la notion l\u00e9gale de Cannabis, ce qui signifie qu&rsquo;elles ne doivent pas \u00eatre consid\u00e9r\u00e9es comme une substance stup\u00e9fiante (L. 412 de 1974, art. 1, virgule 1, lett. B ; Convention unique sur les stup\u00e9fiants de New York de 1961 et tableau II du d\u00e9cret minist\u00e9riel 27\/7\/1992). En Italie, la culture du chanvre est interdite (articles 28 et 73 du d\u00e9cret pr\u00e9sidentiel 309\/90), sauf autorisation sp\u00e9ciale (article 17 du d\u00e9cret pr\u00e9sidentiel 309\/90). En l&rsquo;absence d&rsquo;autorisation, les semences ne peuvent \u00eatre utilis\u00e9es qu&rsquo;\u00e0 d&rsquo;autres fins (zootechniques, de collection, etc.). Les semences sont vendues sous r\u00e9serve qu&rsquo;elles ne soient pas utilis\u00e9es par des tiers en contradiction avec la loi.<\/em><\/p>\n","protected":false},"excerpt":{"rendered":"<p>La Cheese n&rsquo;est pas seulement une vari\u00e9t\u00e9 tr\u00e8s recherch\u00e9e dans toutes les parties du monde, elle a aussi une histoire<\/p>\n","protected":false},"featured_media":161761,"comment_status":"open","ping_status":"closed","template":"","meta":[],"product_brand":[],"product_cat":[1175],"product_tag":[],"class_list":{"0":"post-161771","1":"product","2":"type-product","3":"status-publish","4":"has-post-thumbnail","6":"product_cat-seedshop","8":"first","9":"instock","10":"taxable","11":"shipping-taxable","12":"purchasable","13":"product-type-variable"},"aioseo_notices":[],"_links":{"self":[{"href":"https:\/\/www.budream.com\/fr\/wp-json\/wp\/v2\/product\/161771","targetHints":{"allow":["GET"]}}],"collection":[{"href":"https:\/\/www.budream.com\/fr\/wp-json\/wp\/v2\/product"}],"about":[{"href":"https:\/\/www.budream.com\/fr\/wp-json\/wp\/v2\/types\/product"}],"replies":[{"embeddable":true,"href":"https:\/\/www.budream.com\/fr\/wp-json\/wp\/v2\/comments?post=161771"}],"version-history":[{"count":0,"href":"https:\/\/www.budream.com\/fr\/wp-json\/wp\/v2\/product\/161771\/revisions"}],"wp:featuredmedia":[{"embeddable":true,"href":"https:\/\/www.budream.com\/fr\/wp-json\/wp\/v2\/media\/161761"}],"wp:attachment":[{"href":"https:\/\/www.budream.com\/fr\/wp-json\/wp\/v2\/media?parent=161771"}],"wp:term":[{"taxonomy":"product_brand","embeddable":true,"href":"https:\/\/www.budream.com\/fr\/wp-json\/wp\/v2\/product_brand?post=161771"},{"taxonomy":"product_cat","embeddable":true,"href":"https:\/\/www.budream.com\/fr\/wp-json\/wp\/v2\/product_cat?post=161771"},{"taxonomy":"product_tag","embeddable":true,"href":"https:\/\/www.budream.com\/fr\/wp-json\/wp\/v2\/product_tag?post=161771"}],"curies":[{"name":"wp","href":"https:\/\/api.w.org\/{rel}","templated":true}]}}