{"id":162271,"date":"2025-07-31T18:51:28","date_gmt":"2025-07-31T16:51:28","guid":{"rendered":"https:\/\/www.budream.com\/shop\/barneys-farm-amnesia-haze-auto-fem\/"},"modified":"2026-04-27T14:44:02","modified_gmt":"2026-04-27T12:44:02","slug":"barneys-farm-amnesia-haze-auto-fem","status":"publish","type":"product","link":"https:\/\/www.budream.com\/fr\/shop\/barneys-farm-amnesia-haze-auto-fem\/","title":{"rendered":"BARNEY&rsquo;S FARM &#8211; AMNESIA HAZE AUTO FEM"},"content":{"rendered":"<p>AMNESIA HAZE AUTO&trade; est probablement l&rsquo;une des sorties les plus excitantes que Barney&rsquo;s Farm ait faite depuis un certain temps, une \u00e9volution tr\u00e8s attendue d&rsquo;un v\u00e9ritable classique. L&rsquo;ascendance de la g\u00e9n\u00e9tique de l&rsquo;AMNESIA HAZE est vraiment \u00e9poustouflante, croisant des vari\u00e9t\u00e9s indig\u00e8nes d&rsquo;Asie du Sud-Est (tha\u00eflandaise, cambodgienne, laotienne), une pinc\u00e9e de vari\u00e9t\u00e9s Haze jama\u00efcaines compl\u00e9t\u00e9e par l&rsquo;acc\u00e9l\u00e9rateur de la g\u00e9n\u00e9tique afghane et hawa\u00efenne. Il y a pr\u00e8s de vingt ans, Soma a donn\u00e9 l&rsquo;un de ses meilleurs ph\u00e9notypes AMNESIA HAZE \u00e0 Barneys Farm Labs. Ces g\u00e9n\u00e9tiques l\u00e9gendaires, qui ont domin\u00e9 la sc\u00e8ne d&rsquo;Amsterdam depuis que Barney&rsquo;s a remport\u00e9 la High Times Cup en 2004, sont rest\u00e9es silencieuses en arri\u00e8re-plan, endurant une fusion complexe avec notre BF Super Auto #1.<\/p>\n<h2><strong>Caract\u00e9ristiques Amnesia Haze Auto Fem :<\/strong><\/h2>\n<ul style=\"list-style-type: disc\">\n<li><strong>Genre :<\/strong> Autofloraison f\u00e9minis\u00e9e<\/li>\n<li><strong>G\u00e9notype :<\/strong> 20% Indica \/ 80% Sativa<\/li>\n<li><strong>G\u00e9n\u00e9tique :<\/strong> Amnesia Haze x BF Super Auto #1<\/li>\n<li>Jours<strong>:<\/strong> 65 jours<\/li>\n<\/ul>\n<p><span style=\"font-size: 11pt\"><em><strong>ATTENTION :<\/strong> Les graines de chanvre sont exclues de la notion l\u00e9gale de Cannabis, ce qui signifie qu&rsquo;elles ne doivent pas \u00eatre consid\u00e9r\u00e9es comme une substance stup\u00e9fiante (L. 412 de 1974, art. 1, paragraphe 1, lettre B ; Convention unique sur les stup\u00e9fiants de New York de 1961 et tableau II du d\u00e9cret minist\u00e9riel 27\/7\/1992). En Italie, la culture du chanvre est interdite (articles 28 et 73 du d\u00e9cret pr\u00e9sidentiel 309\/90), sauf autorisation sp\u00e9ciale (article 17 du d\u00e9cret pr\u00e9sidentiel 309\/90). En l&rsquo;absence d&rsquo;autorisation, les semences ne peuvent \u00eatre utilis\u00e9es qu&rsquo;\u00e0 d&rsquo;autres fins (zootechniques, de collection, etc.). Les semences sont vendues sous r\u00e9serve qu&rsquo;elles ne soient pas utilis\u00e9es par des tiers en contradiction avec la loi.<\/em><\/span><\/p>\n","protected":false},"excerpt":{"rendered":"<p>AMNESIA HAZE AUTO&trade; est probablement l&rsquo;une des sorties les plus excitantes que Barney&rsquo;s Farm ait faite depuis un certain temps,<\/p>\n","protected":false},"featured_media":162261,"comment_status":"open","ping_status":"closed","template":"","meta":[],"product_brand":[],"product_cat":[1175],"product_tag":[],"class_list":{"0":"post-162271","1":"product","2":"type-product","3":"status-publish","4":"has-post-thumbnail","6":"product_cat-seedshop","8":"first","9":"instock","10":"taxable","11":"shipping-taxable","12":"purchasable","13":"product-type-variable"},"aioseo_notices":[],"_links":{"self":[{"href":"https:\/\/www.budream.com\/fr\/wp-json\/wp\/v2\/product\/162271","targetHints":{"allow":["GET"]}}],"collection":[{"href":"https:\/\/www.budream.com\/fr\/wp-json\/wp\/v2\/product"}],"about":[{"href":"https:\/\/www.budream.com\/fr\/wp-json\/wp\/v2\/types\/product"}],"replies":[{"embeddable":true,"href":"https:\/\/www.budream.com\/fr\/wp-json\/wp\/v2\/comments?post=162271"}],"version-history":[{"count":1,"href":"https:\/\/www.budream.com\/fr\/wp-json\/wp\/v2\/product\/162271\/revisions"}],"predecessor-version":[{"id":265671,"href":"https:\/\/www.budream.com\/fr\/wp-json\/wp\/v2\/product\/162271\/revisions\/265671"}],"wp:featuredmedia":[{"embeddable":true,"href":"https:\/\/www.budream.com\/fr\/wp-json\/wp\/v2\/media\/162261"}],"wp:attachment":[{"href":"https:\/\/www.budream.com\/fr\/wp-json\/wp\/v2\/media?parent=162271"}],"wp:term":[{"taxonomy":"product_brand","embeddable":true,"href":"https:\/\/www.budream.com\/fr\/wp-json\/wp\/v2\/product_brand?post=162271"},{"taxonomy":"product_cat","embeddable":true,"href":"https:\/\/www.budream.com\/fr\/wp-json\/wp\/v2\/product_cat?post=162271"},{"taxonomy":"product_tag","embeddable":true,"href":"https:\/\/www.budream.com\/fr\/wp-json\/wp\/v2\/product_tag?post=162271"}],"curies":[{"name":"wp","href":"https:\/\/api.w.org\/{rel}","templated":true}]}}