{"id":162370,"date":"2025-07-31T18:54:47","date_gmt":"2025-07-31T16:54:47","guid":{"rendered":"https:\/\/www.budream.com\/shop\/barneys-farm-strawberry-cheesecake-auto-fem\/"},"modified":"2026-04-27T14:45:35","modified_gmt":"2026-04-27T12:45:35","slug":"barneys-farm-strawberry-cheesecake-auto-fem","status":"publish","type":"product","link":"https:\/\/www.budream.com\/fr\/shop\/barneys-farm-strawberry-cheesecake-auto-fem\/","title":{"rendered":"BARNEY&rsquo;S FARM &#8211; STRAWBERRY CHEESECAKE AUTO FEM"},"content":{"rendered":"<div style=\"text-align: justify\">Avec une touche absolument unique, Barneys Farm poursuit ses recherches sur la cr\u00e9ation de g\u00e9n\u00e9tiques pionni\u00e8res avec notre Strawberry Cheesecake Auto. Apr\u00e8s une s\u00e9lection pouss\u00e9e de nos diff\u00e9rentes vari\u00e9t\u00e9s de fraises riches en terp\u00e8nes, nous avons choisi un ph\u00e9notype all\u00e9chant de Strawberry Pie (tarte \u00e0 la fraise). Le laboratoire l&rsquo;a ensuite crois\u00e9 avec une coupe rare d&rsquo;Afghan OG. En croisant cette cr\u00e9ation avec notre BF Super Auto #1, la Strawberry Cheesecake Auto peut \u00e9galement prosp\u00e9rer dans des climats plus frais.<\/p>\n<\/div>\n<h2><strong>Caract\u00e9ristiques Strawberry Cheesecake Auto Fem :<\/strong><\/h2>\n<ul style=\"list-style-type: disc\">\n<li><strong>Genre :<\/strong> Autofloraison f\u00e9minis\u00e9e<\/li>\n<li><strong>G\u00e9notype :<\/strong> 70% Indica \/ 30% Sativa<\/li>\n<li><strong>G\u00e9n\u00e9tique :<\/strong> Sreawberry Pie x Afghan OG x BF Super Auto #1<\/li>\n<li>Jours<strong>:<\/strong> 65 jours<\/li>\n<\/ul>\n<p><\/p>\n<div style=\"text-align: justify\"><span style=\"font-size: 11pt\"><em><strong>ATTENTION :<\/strong> Les graines de chanvre sont exclues de la notion l\u00e9gale de Cannabis, ce qui signifie qu&rsquo;elles ne doivent pas \u00eatre consid\u00e9r\u00e9es comme une substance stup\u00e9fiante (L. 412 de 1974, art. 1, alin\u00e9a 1, lettre B ; Convention unique sur les stup\u00e9fiants de New York de 1961 et tableau II du d\u00e9cret minist\u00e9riel 27\/7\/1992). En Italie, la culture du chanvre est interdite (articles 28 et 73 du d\u00e9cret pr\u00e9sidentiel 309\/90), sauf autorisation sp\u00e9ciale (article 17 du d\u00e9cret pr\u00e9sidentiel 309\/90). En l&rsquo;absence d&rsquo;autorisation, les semences ne peuvent \u00eatre utilis\u00e9es qu&rsquo;\u00e0 d&rsquo;autres fins (zootechniques, de collection, etc.). Les semences sont vendues sous r\u00e9serve qu&rsquo;elles ne soient pas utilis\u00e9es par des tiers en contradiction avec la loi.<\/em><\/span><\/div>\n","protected":false},"excerpt":{"rendered":"<p>Avec une touche absolument unique, Barneys Farm poursuit ses recherches sur la cr\u00e9ation de g\u00e9n\u00e9tiques pionni\u00e8res avec notre Strawberry Cheesecake<\/p>\n","protected":false},"featured_media":162360,"comment_status":"open","ping_status":"closed","template":"","meta":[],"product_brand":[],"product_cat":[1175],"product_tag":[],"class_list":{"0":"post-162370","1":"product","2":"type-product","3":"status-publish","4":"has-post-thumbnail","6":"product_cat-seedshop","8":"first","9":"instock","10":"taxable","11":"shipping-taxable","12":"purchasable","13":"product-type-variable"},"aioseo_notices":[],"_links":{"self":[{"href":"https:\/\/www.budream.com\/fr\/wp-json\/wp\/v2\/product\/162370","targetHints":{"allow":["GET"]}}],"collection":[{"href":"https:\/\/www.budream.com\/fr\/wp-json\/wp\/v2\/product"}],"about":[{"href":"https:\/\/www.budream.com\/fr\/wp-json\/wp\/v2\/types\/product"}],"replies":[{"embeddable":true,"href":"https:\/\/www.budream.com\/fr\/wp-json\/wp\/v2\/comments?post=162370"}],"version-history":[{"count":1,"href":"https:\/\/www.budream.com\/fr\/wp-json\/wp\/v2\/product\/162370\/revisions"}],"predecessor-version":[{"id":264332,"href":"https:\/\/www.budream.com\/fr\/wp-json\/wp\/v2\/product\/162370\/revisions\/264332"}],"wp:featuredmedia":[{"embeddable":true,"href":"https:\/\/www.budream.com\/fr\/wp-json\/wp\/v2\/media\/162360"}],"wp:attachment":[{"href":"https:\/\/www.budream.com\/fr\/wp-json\/wp\/v2\/media?parent=162370"}],"wp:term":[{"taxonomy":"product_brand","embeddable":true,"href":"https:\/\/www.budream.com\/fr\/wp-json\/wp\/v2\/product_brand?post=162370"},{"taxonomy":"product_cat","embeddable":true,"href":"https:\/\/www.budream.com\/fr\/wp-json\/wp\/v2\/product_cat?post=162370"},{"taxonomy":"product_tag","embeddable":true,"href":"https:\/\/www.budream.com\/fr\/wp-json\/wp\/v2\/product_tag?post=162370"}],"curies":[{"name":"wp","href":"https:\/\/api.w.org\/{rel}","templated":true}]}}