{"id":162421,"date":"2025-07-31T18:56:37","date_gmt":"2025-07-31T16:56:37","guid":{"rendered":"https:\/\/www.budream.com\/shop\/royal-queen-seeds-sherbet-queen-automatic-fem\/"},"modified":"2026-03-27T14:15:17","modified_gmt":"2026-03-27T12:15:17","slug":"royal-queen-seeds-sherbet-queen-automatic-fem","status":"publish","type":"product","link":"https:\/\/www.budream.com\/fr\/shop\/royal-queen-seeds-sherbet-queen-automatic-fem\/","title":{"rendered":"ROYAL QUEEN SEEDS &#8211; SHERBET QUEEN AUTOMATIC FEM"},"content":{"rendered":"<p>Sherbet Queen est n\u00e9e d&rsquo;un r\u00eave \u00e9veill\u00e9. Notre \u00e9quipe de s\u00e9lectionneurs voulait \u00e9lever les standards de la g\u00e9n\u00e9tique autoflorissante. Pour atteindre cet objectif, ils ont s\u00e9lectionn\u00e9 un sp\u00e9cimen descendant de Pink Panties \u00e0 partir de deux vari\u00e9t\u00e9s de Kush \u00e9pic\u00e9es et l&rsquo;ont crois\u00e9 avec Cookies Auto pour am\u00e9liorer sa douceur et ajouter des g\u00e8nes d&rsquo;autofloraison au m\u00e9lange.<\/p>\n<p>Apr\u00e8s avoir perfectionn\u00e9 cette union sur plusieurs g\u00e9n\u00e9rations, la Sherbet Queen Automatic est finalement n\u00e9e, avec un patrimoine g\u00e9n\u00e9tique compos\u00e9 de 65 % de g\u00e8nes indica, 30 % de g\u00e8nes sativa et 5 % de g\u00e8nes ruderalis.<\/p>\n<p><\/p>\n<h2><strong>Caract\u00e9ristiques Sherbet Queen Automatic Royal Queen Seeds :<\/strong><\/h2>\n<ul style=\"list-style-type: disc\">\n<li><strong>Genre :<\/strong> Autofloraison f\u00e9minis\u00e9e<\/li>\n<li><strong>G\u00e9notype :<\/strong> Hybride 30% Sativa 65% Indica 35% Ruderalis<\/li>\n<li><strong>G\u00e9n\u00e9tique :<\/strong> Pink Panties x Cookies Auto<\/li>\n<li><strong>Jours :<\/strong> 56 &#8211; 63<\/li>\n<\/ul>\n<p><em><strong>ATTENTION :<\/strong> Les graines de chanvre sont exclues de la notion l\u00e9gale de Cannabis, ce qui signifie qu&rsquo;elles ne doivent pas \u00eatre consid\u00e9r\u00e9es comme une substance stup\u00e9fiante (L. 412 de 1974, art. 1, alin\u00e9a 1, lettre B ; Convention unique sur les stup\u00e9fiants de New York de 1961 et tableau II du d\u00e9cret minist\u00e9riel 27\/7\/1992). En Italie, la culture du chanvre est interdite (articles 28 et 73 du d\u00e9cret pr\u00e9sidentiel 309\/90), sauf autorisation sp\u00e9ciale (article 17 du d\u00e9cret pr\u00e9sidentiel 309\/90). En l&rsquo;absence d&rsquo;autorisation, les semences ne peuvent \u00eatre utilis\u00e9es qu&rsquo;\u00e0 d&rsquo;autres fins (zootechniques, de collection, etc.). Les semences sont vendues sous r\u00e9serve qu&rsquo;elles ne soient pas utilis\u00e9es par des tiers en contradiction avec la loi.<\/em><\/p>\n","protected":false},"excerpt":{"rendered":"<p>Sherbet Queen est n\u00e9e d&rsquo;un r\u00eave \u00e9veill\u00e9. Notre \u00e9quipe de s\u00e9lectionneurs voulait \u00e9lever les standards de la g\u00e9n\u00e9tique autoflorissante. Pour<\/p>\n","protected":false},"featured_media":162411,"comment_status":"open","ping_status":"closed","template":"","meta":[],"product_brand":[],"product_cat":[7951],"product_tag":[],"class_list":{"0":"post-162421","1":"product","2":"type-product","3":"status-publish","4":"has-post-thumbnail","6":"product_cat-magasin-de-graines","8":"first","9":"instock","10":"sale","11":"taxable","12":"shipping-taxable","13":"purchasable","14":"product-type-variable"},"aioseo_notices":[],"_links":{"self":[{"href":"https:\/\/www.budream.com\/fr\/wp-json\/wp\/v2\/product\/162421","targetHints":{"allow":["GET"]}}],"collection":[{"href":"https:\/\/www.budream.com\/fr\/wp-json\/wp\/v2\/product"}],"about":[{"href":"https:\/\/www.budream.com\/fr\/wp-json\/wp\/v2\/types\/product"}],"replies":[{"embeddable":true,"href":"https:\/\/www.budream.com\/fr\/wp-json\/wp\/v2\/comments?post=162421"}],"version-history":[{"count":0,"href":"https:\/\/www.budream.com\/fr\/wp-json\/wp\/v2\/product\/162421\/revisions"}],"wp:featuredmedia":[{"embeddable":true,"href":"https:\/\/www.budream.com\/fr\/wp-json\/wp\/v2\/media\/162411"}],"wp:attachment":[{"href":"https:\/\/www.budream.com\/fr\/wp-json\/wp\/v2\/media?parent=162421"}],"wp:term":[{"taxonomy":"product_brand","embeddable":true,"href":"https:\/\/www.budream.com\/fr\/wp-json\/wp\/v2\/product_brand?post=162421"},{"taxonomy":"product_cat","embeddable":true,"href":"https:\/\/www.budream.com\/fr\/wp-json\/wp\/v2\/product_cat?post=162421"},{"taxonomy":"product_tag","embeddable":true,"href":"https:\/\/www.budream.com\/fr\/wp-json\/wp\/v2\/product_tag?post=162421"}],"curies":[{"name":"wp","href":"https:\/\/api.w.org\/{rel}","templated":true}]}}