{"id":162630,"date":"2025-07-31T19:05:26","date_gmt":"2025-07-31T17:05:26","guid":{"rendered":"https:\/\/www.budream.com\/shop\/royal-queen-seeds-triple-g-fem-usa-premium\/"},"modified":"2026-04-02T11:02:14","modified_gmt":"2026-04-02T09:02:14","slug":"royal-queen-seeds-triple-g-fem-usa-premium","status":"publish","type":"product","link":"https:\/\/www.budream.com\/fr\/shop\/royal-queen-seeds-triple-g-fem-usa-premium\/","title":{"rendered":"ROYAL QUEEN SEEDS &#8211; TRIPLE G FEM (USA PREMIUM)"},"content":{"rendered":"<p>Les s\u00e9lectionneurs de Royal Queen Seeds ont fait un excellent travail avec la Triple G. Ils ont pris les meilleures qualit\u00e9s de deux vari\u00e9t\u00e9s mondialement connues et ont cr\u00e9\u00e9 une indica de premi\u00e8re classe. Son nom est un hommage \u00e0 ses parents puissants et c\u00e9l\u00e8bres : une Gorilla Glue et une Ice Cream. Ces deux vari\u00e9t\u00e9s ont pris d&rsquo;assaut le monde du cannabis.<\/p>\n<p><\/p>\n<h2><strong>Caract\u00e9ristiques Triple G Royal Queen Seeds :<\/strong><\/h2>\n<ul style=\"list-style-type: disc\">\n<li><strong>Genre :<\/strong> F\u00e9minis\u00e9e<\/li>\n<li><strong>G\u00e9notype :<\/strong> Hybride 15% Sativa \/ 85% Indica<\/li>\n<li><strong>G\u00e9n\u00e9tique :<\/strong> Gorilla Glue #4 x Ice Cream 33<\/li>\n<li><strong>Jours :<\/strong> 56-63<\/li>\n<\/ul>\n<p><em><strong>AVERTISSEMENT :<\/strong> Les graines de chanvre sont exclues de la notion l\u00e9gale de Cannabis, ce qui signifie qu&rsquo;elles ne doivent pas \u00eatre consid\u00e9r\u00e9es comme une substance stup\u00e9fiante (L. 412 de 1974, art. 1, paragraphe 1, lettre B ; Convention unique sur les stup\u00e9fiants de New York de 1961 et tableau II du d\u00e9cret minist\u00e9riel 27\/7\/1992). En Italie, la culture du chanvre est interdite (articles 28 et 73 du d\u00e9cret pr\u00e9sidentiel 309\/90), sauf autorisation sp\u00e9ciale (article 17 du d\u00e9cret pr\u00e9sidentiel 309\/90). En l&rsquo;absence d&rsquo;autorisation, les semences ne peuvent \u00eatre utilis\u00e9es qu&rsquo;\u00e0 d&rsquo;autres fins (zootechniques, de collection, etc.). Les semences sont vendues sous r\u00e9serve qu&rsquo;elles ne soient pas utilis\u00e9es par des tiers en contradiction avec la loi.<\/em><\/p>\n","protected":false},"excerpt":{"rendered":"<p>Les s\u00e9lectionneurs de Royal Queen Seeds ont fait un excellent travail avec la Triple G. Ils ont pris les meilleures<\/p>\n","protected":false},"featured_media":162620,"comment_status":"open","ping_status":"closed","template":"","meta":[],"product_brand":[],"product_cat":[7951],"product_tag":[],"class_list":{"0":"post-162630","1":"product","2":"type-product","3":"status-publish","4":"has-post-thumbnail","6":"product_cat-magasin-de-graines","8":"first","9":"instock","10":"sale","11":"taxable","12":"shipping-taxable","13":"purchasable","14":"product-type-variable"},"aioseo_notices":[],"_links":{"self":[{"href":"https:\/\/www.budream.com\/fr\/wp-json\/wp\/v2\/product\/162630","targetHints":{"allow":["GET"]}}],"collection":[{"href":"https:\/\/www.budream.com\/fr\/wp-json\/wp\/v2\/product"}],"about":[{"href":"https:\/\/www.budream.com\/fr\/wp-json\/wp\/v2\/types\/product"}],"replies":[{"embeddable":true,"href":"https:\/\/www.budream.com\/fr\/wp-json\/wp\/v2\/comments?post=162630"}],"version-history":[{"count":1,"href":"https:\/\/www.budream.com\/fr\/wp-json\/wp\/v2\/product\/162630\/revisions"}],"predecessor-version":[{"id":262125,"href":"https:\/\/www.budream.com\/fr\/wp-json\/wp\/v2\/product\/162630\/revisions\/262125"}],"wp:featuredmedia":[{"embeddable":true,"href":"https:\/\/www.budream.com\/fr\/wp-json\/wp\/v2\/media\/162620"}],"wp:attachment":[{"href":"https:\/\/www.budream.com\/fr\/wp-json\/wp\/v2\/media?parent=162630"}],"wp:term":[{"taxonomy":"product_brand","embeddable":true,"href":"https:\/\/www.budream.com\/fr\/wp-json\/wp\/v2\/product_brand?post=162630"},{"taxonomy":"product_cat","embeddable":true,"href":"https:\/\/www.budream.com\/fr\/wp-json\/wp\/v2\/product_cat?post=162630"},{"taxonomy":"product_tag","embeddable":true,"href":"https:\/\/www.budream.com\/fr\/wp-json\/wp\/v2\/product_tag?post=162630"}],"curies":[{"name":"wp","href":"https:\/\/api.w.org\/{rel}","templated":true}]}}