{"id":162673,"date":"2025-07-31T19:07:31","date_gmt":"2025-07-31T17:07:31","guid":{"rendered":"https:\/\/www.budream.com\/shop\/royal-queen-seeds-candy-kush-express-fast-fem\/"},"modified":"2026-03-25T16:10:45","modified_gmt":"2026-03-25T14:10:45","slug":"royal-queen-seeds-candy-kush-express-fast-fem","status":"publish","type":"product","link":"https:\/\/www.budream.com\/fr\/shop\/royal-queen-seeds-candy-kush-express-fast-fem\/","title":{"rendered":"ROYAL QUEEN SEEDS &#8211; CANDY KUSH EXPRESS FAST FEM"},"content":{"rendered":"<p>La Candy Kush Express (Fast Flowering) est unique parmi les hybrides car elle contient <em>40% de sativa et 60% d&rsquo;indica<\/em>, ce qui en fait la vari\u00e9t\u00e9 disponible dans le commerce la plus proche d&rsquo;un hybride pur. Ses effets sont donc \u00e0 la fois Indica et Sativa.<\/p>\n<h2><strong>Caract\u00e9ristiques Candy Kush Express Fast Royal Queen Seeds :<\/strong><\/h2>\n<ul style=\"list-style-type: disc\">\n<li><strong>Genre :<\/strong> F\u00e9minis\u00e9e Rapide<\/li>\n<li><strong>G\u00e9notype :<\/strong> Hybride 40% Sativa \/ 60% Indica<\/li>\n<li><strong>G\u00e9n\u00e9tique<\/strong>: Sweet Special x Royal Kush<\/li>\n<li><strong>Jours :<\/strong> 49<\/li>\n<\/ul>\n<p><em><strong>ATTENTION :<\/strong> Les graines de chanvre sont exclues de la notion l\u00e9gale de Cannabis, ce qui signifie qu&rsquo;elles ne doivent pas \u00eatre consid\u00e9r\u00e9es comme une substance stup\u00e9fiante (L. 412 de 1974, Art. 1, paragraphe 1, lettre B ; Convention unique sur les stup\u00e9fiants de New York de 1961 et tableau II du d\u00e9cret minist\u00e9riel 27\/7\/1992). En Italie, la culture du chanvre est interdite (articles 28 et 73 du d\u00e9cret pr\u00e9sidentiel 309\/90), sauf autorisation sp\u00e9ciale (article 17 du d\u00e9cret pr\u00e9sidentiel 309\/90). En l&rsquo;absence d&rsquo;autorisation, les semences ne peuvent \u00eatre utilis\u00e9es qu&rsquo;\u00e0 d&rsquo;autres fins (zootechniques, de collection, etc.). Les semences sont vendues sous r\u00e9serve qu&rsquo;elles ne soient pas utilis\u00e9es par des tiers en contradiction avec la loi.<\/em><\/p>\n","protected":false},"excerpt":{"rendered":"<p>La Candy Kush Express (Fast Flowering) est unique parmi les hybrides car elle contient 40% de sativa et 60% d&rsquo;indica,<\/p>\n","protected":false},"featured_media":162663,"comment_status":"open","ping_status":"closed","template":"","meta":[],"product_brand":[],"product_cat":[7951],"product_tag":[],"class_list":{"0":"post-162673","1":"product","2":"type-product","3":"status-publish","4":"has-post-thumbnail","6":"product_cat-magasin-de-graines","8":"first","9":"instock","10":"sale","11":"taxable","12":"shipping-taxable","13":"purchasable","14":"product-type-variable"},"aioseo_notices":[],"_links":{"self":[{"href":"https:\/\/www.budream.com\/fr\/wp-json\/wp\/v2\/product\/162673","targetHints":{"allow":["GET"]}}],"collection":[{"href":"https:\/\/www.budream.com\/fr\/wp-json\/wp\/v2\/product"}],"about":[{"href":"https:\/\/www.budream.com\/fr\/wp-json\/wp\/v2\/types\/product"}],"replies":[{"embeddable":true,"href":"https:\/\/www.budream.com\/fr\/wp-json\/wp\/v2\/comments?post=162673"}],"version-history":[{"count":0,"href":"https:\/\/www.budream.com\/fr\/wp-json\/wp\/v2\/product\/162673\/revisions"}],"wp:featuredmedia":[{"embeddable":true,"href":"https:\/\/www.budream.com\/fr\/wp-json\/wp\/v2\/media\/162663"}],"wp:attachment":[{"href":"https:\/\/www.budream.com\/fr\/wp-json\/wp\/v2\/media?parent=162673"}],"wp:term":[{"taxonomy":"product_brand","embeddable":true,"href":"https:\/\/www.budream.com\/fr\/wp-json\/wp\/v2\/product_brand?post=162673"},{"taxonomy":"product_cat","embeddable":true,"href":"https:\/\/www.budream.com\/fr\/wp-json\/wp\/v2\/product_cat?post=162673"},{"taxonomy":"product_tag","embeddable":true,"href":"https:\/\/www.budream.com\/fr\/wp-json\/wp\/v2\/product_tag?post=162673"}],"curies":[{"name":"wp","href":"https:\/\/api.w.org\/{rel}","templated":true}]}}