{"id":166269,"date":"2025-07-31T21:38:11","date_gmt":"2025-07-31T19:38:11","guid":{"rendered":"https:\/\/www.budream.com\/shop\/dutch-passion-auto-mimosa-punch\/"},"modified":"2026-03-30T22:39:08","modified_gmt":"2026-03-30T20:39:08","slug":"dutch-passion-auto-mimosa-punch","status":"publish","type":"product","link":"https:\/\/www.budream.com\/fr\/shop\/dutch-passion-auto-mimosa-punch\/","title":{"rendered":"DUTCH PASSION &#8211; AUTO MIMOSA PUNCH"},"content":{"rendered":"<div style=\"text-align: justify\">Si vous \u00eates \u00e0 la recherche d&rsquo;une vari\u00e9t\u00e9 \u00e0 autofloraison de qualit\u00e9 sup\u00e9rieure, la nouvelle star \u00e0 autofloraison de notre \u00e9quipe est bas\u00e9e sur la g\u00e9n\u00e9tique prim\u00e9e de la c\u00e9l\u00e8bre &lsquo;Mimosa&rsquo;, une coupe clon\u00e9e d&rsquo;Am\u00e9rique du Nord. Mimosa a \u00e9t\u00e9 cr\u00e9\u00e9e \u00e0 l&rsquo;origine en croisant Clementine et Purple Punch. L&rsquo;\u00e9quipe de s\u00e9lection de Dutch Passion a crois\u00e9 cette coupe avec une Purple Punch autofloraison.<\/p>\n<\/div>\n<h2><strong>Caract\u00e9ristiques Auto Mimosa Punch Fem :<\/strong><\/h2>\n<ul style=\"list-style-type: disc\">\n<li><strong>Genre :<\/strong> F\u00e9minis\u00e9e<\/li>\n<li><strong>G\u00e9notype :<\/strong> Hybride Indica\/Sativa<\/li>\n<li><strong>G\u00e9n\u00e9tique :<\/strong> Mimosa (Clementine X Purple Punch) X Auto Purple Punch<\/li>\n<li><strong>Jours :<\/strong> 70-84 jours<\/li>\n<\/ul>\n<p><\/p>\n<div style=\"text-align: justify\"><span style=\"font-size: 11pt\"><em><strong>ATTENTION :<\/strong> Les graines de chanvre sont exclues de la notion l\u00e9gale de Cannabis, ce qui signifie qu&rsquo;elles ne doivent pas \u00eatre consid\u00e9r\u00e9es comme une substance stup\u00e9fiante (Loi 412 de 1974, Art. 1, paragraphe 1, lettre B ; Convention unique sur les stup\u00e9fiants de New York de 1961 et tableau II du D\u00e9cret minist\u00e9riel 27\/7\/1992). En Italie, la culture du chanvre est interdite (articles 28 et 73 du d\u00e9cret pr\u00e9sidentiel 309\/90), sauf autorisation sp\u00e9ciale (article 17 du d\u00e9cret pr\u00e9sidentiel 309\/90). En l&rsquo;absence d&rsquo;autorisation, les semences ne peuvent \u00eatre utilis\u00e9es qu&rsquo;\u00e0 d&rsquo;autres fins (zootechniques, de collection, etc.). Les semences sont vendues sous r\u00e9serve qu&rsquo;elles ne soient pas utilis\u00e9es par des tiers en contradiction avec la loi.<\/em><\/span><\/div>\n","protected":false},"excerpt":{"rendered":"<p>Si vous \u00eates \u00e0 la recherche d&rsquo;une vari\u00e9t\u00e9 \u00e0 autofloraison de qualit\u00e9 sup\u00e9rieure, la nouvelle star \u00e0 autofloraison de notre<\/p>\n","protected":false},"featured_media":166259,"comment_status":"open","ping_status":"closed","template":"","meta":[],"product_brand":[],"product_cat":[7951],"product_tag":[],"class_list":{"0":"post-166269","1":"product","2":"type-product","3":"status-publish","4":"has-post-thumbnail","6":"product_cat-magasin-de-graines","8":"first","9":"instock","10":"taxable","11":"shipping-taxable","12":"purchasable","13":"product-type-variable"},"aioseo_notices":[],"_links":{"self":[{"href":"https:\/\/www.budream.com\/fr\/wp-json\/wp\/v2\/product\/166269","targetHints":{"allow":["GET"]}}],"collection":[{"href":"https:\/\/www.budream.com\/fr\/wp-json\/wp\/v2\/product"}],"about":[{"href":"https:\/\/www.budream.com\/fr\/wp-json\/wp\/v2\/types\/product"}],"replies":[{"embeddable":true,"href":"https:\/\/www.budream.com\/fr\/wp-json\/wp\/v2\/comments?post=166269"}],"wp:featuredmedia":[{"embeddable":true,"href":"https:\/\/www.budream.com\/fr\/wp-json\/wp\/v2\/media\/166259"}],"wp:attachment":[{"href":"https:\/\/www.budream.com\/fr\/wp-json\/wp\/v2\/media?parent=166269"}],"wp:term":[{"taxonomy":"product_brand","embeddable":true,"href":"https:\/\/www.budream.com\/fr\/wp-json\/wp\/v2\/product_brand?post=166269"},{"taxonomy":"product_cat","embeddable":true,"href":"https:\/\/www.budream.com\/fr\/wp-json\/wp\/v2\/product_cat?post=166269"},{"taxonomy":"product_tag","embeddable":true,"href":"https:\/\/www.budream.com\/fr\/wp-json\/wp\/v2\/product_tag?post=166269"}],"curies":[{"name":"wp","href":"https:\/\/api.w.org\/{rel}","templated":true}]}}