{"id":166304,"date":"2025-07-31T21:39:53","date_gmt":"2025-07-31T19:39:53","guid":{"rendered":"https:\/\/www.budream.com\/shop\/dutch-passion-auto-trichome-et-creme-fem\/"},"modified":"2026-04-28T13:26:16","modified_gmt":"2026-04-28T11:26:16","slug":"dutch-passion-auto-trichome-et-creme-fem","status":"publish","type":"product","link":"https:\/\/www.budream.com\/fr\/shop\/dutch-passion-auto-trichome-et-creme-fem\/","title":{"rendered":"DUTCH PASSION &#8211; AUTO TRICHOME ET CR\u00c8ME FEM"},"content":{"rendered":"<p>Lorsque vous croisez une coupe \u00e9lite d&rsquo;une Cookies &amp; Cream photop\u00e9riodique (Starfighter x Girl Scout Cookie) avec l&rsquo;une de nos vari\u00e9t\u00e9s autofloraison les plus froides, le r\u00e9sultat est \u00e9tonnant.<\/p>\n<h2><strong>Caract\u00e9ristiques Auto Trichome et Cream Fem :<\/strong><\/h2>\n<ul style=\"list-style-type: disc\">\n<li><strong>Genre :<\/strong> F\u00e9minis\u00e9e<\/li>\n<li><strong>G\u00e9notype :<\/strong> Hybride Indica\/Sativa<\/li>\n<li><strong>G\u00e9n\u00e9tique :<\/strong> Cookies &amp; Cream (Starfighter x Girl Scout Cookies) x Autoflower<\/li>\n<li><strong>Jours :<\/strong> 70-84 jours<\/li>\n<\/ul>\n<p><span style=\"font-size: 11pt\"><em><strong>ATTENTION :<\/strong> Les graines de chanvre sont exclues de la notion l\u00e9gale de Cannabis, ce qui signifie qu&rsquo;elles ne doivent pas \u00eatre consid\u00e9r\u00e9es comme une substance stup\u00e9fiante (L. 412 de 1974, art. 1, paragraphe 1, lettre B ; Convention unique sur les stup\u00e9fiants de New York de 1961 et tableau II du d\u00e9cret minist\u00e9riel 27\/7\/1992). En Italie, la culture du chanvre est interdite (articles 28 et 73 du d\u00e9cret pr\u00e9sidentiel 309\/90), sauf autorisation sp\u00e9ciale (article 17 du d\u00e9cret pr\u00e9sidentiel 309\/90). En l&rsquo;absence d&rsquo;autorisation, les semences ne peuvent \u00eatre utilis\u00e9es qu&rsquo;\u00e0 d&rsquo;autres fins (zootechniques, de collection, etc.). Les semences sont vendues sous r\u00e9serve qu&rsquo;elles ne soient pas utilis\u00e9es par des tiers en contradiction avec la loi.<\/em><\/span><\/p>\n","protected":false},"excerpt":{"rendered":"<p>Lorsque vous croisez une coupe \u00e9lite d&rsquo;une Cookies &amp; Cream photop\u00e9riodique (Starfighter x Girl Scout Cookie) avec l&rsquo;une de nos<\/p>\n","protected":false},"featured_media":166294,"comment_status":"open","ping_status":"closed","template":"","meta":[],"product_brand":[],"product_cat":[7951],"product_tag":[],"class_list":{"0":"post-166304","1":"product","2":"type-product","3":"status-publish","4":"has-post-thumbnail","6":"product_cat-magasin-de-graines","8":"first","9":"instock","10":"sale","11":"taxable","12":"shipping-taxable","13":"purchasable","14":"product-type-variable"},"_links":{"self":[{"href":"https:\/\/www.budream.com\/fr\/wp-json\/wp\/v2\/product\/166304","targetHints":{"allow":["GET"]}}],"collection":[{"href":"https:\/\/www.budream.com\/fr\/wp-json\/wp\/v2\/product"}],"about":[{"href":"https:\/\/www.budream.com\/fr\/wp-json\/wp\/v2\/types\/product"}],"replies":[{"embeddable":true,"href":"https:\/\/www.budream.com\/fr\/wp-json\/wp\/v2\/comments?post=166304"}],"version-history":[{"count":1,"href":"https:\/\/www.budream.com\/fr\/wp-json\/wp\/v2\/product\/166304\/revisions"}],"predecessor-version":[{"id":265911,"href":"https:\/\/www.budream.com\/fr\/wp-json\/wp\/v2\/product\/166304\/revisions\/265911"}],"wp:featuredmedia":[{"embeddable":true,"href":"https:\/\/www.budream.com\/fr\/wp-json\/wp\/v2\/media\/166294"}],"wp:attachment":[{"href":"https:\/\/www.budream.com\/fr\/wp-json\/wp\/v2\/media?parent=166304"}],"wp:term":[{"taxonomy":"product_brand","embeddable":true,"href":"https:\/\/www.budream.com\/fr\/wp-json\/wp\/v2\/product_brand?post=166304"},{"taxonomy":"product_cat","embeddable":true,"href":"https:\/\/www.budream.com\/fr\/wp-json\/wp\/v2\/product_cat?post=166304"},{"taxonomy":"product_tag","embeddable":true,"href":"https:\/\/www.budream.com\/fr\/wp-json\/wp\/v2\/product_tag?post=166304"}],"curies":[{"name":"wp","href":"https:\/\/api.w.org\/{rel}","templated":true}]}}