{"id":168126,"date":"2025-07-31T22:55:28","date_gmt":"2025-07-31T20:55:28","guid":{"rendered":"https:\/\/www.budream.com\/shop\/royal-queen-seeds-royal-skywalker-fem-usa-premium\/"},"modified":"2025-12-22T21:34:46","modified_gmt":"2025-12-22T19:34:46","slug":"royal-queen-seeds-royal-skywalker-fem-usa-premium","status":"publish","type":"product","link":"https:\/\/www.budream.com\/fr\/shop\/royal-queen-seeds-royal-skywalker-fem-usa-premium\/","title":{"rendered":"ROYAL QUEEN SEEDS &#8211; ROYAL SKYWALKER FEM (USA PREMIUM)"},"content":{"rendered":"<p>De nombreux facteurs contribuent \u00e0 la cr\u00e9ation d&rsquo;un hybride r\u00e9ussi, mais peu d&rsquo;entre eux influencent autant le processus que la s\u00e9lection correcte de la vari\u00e9t\u00e9. Nos s\u00e9lectionneurs ont accord\u00e9 une attention particuli\u00e8re \u00e0 cet aspect lors de la cr\u00e9ation des graines f\u00e9minis\u00e9es Royal Skywalker, et cela en valait la peine ! Ils ont commenc\u00e9 par prendre la Blueberry et ont ensuite crois\u00e9 sa g\u00e9n\u00e9tique avec la vari\u00e9t\u00e9 indica Mazar. Le r\u00e9sultat est un hybride avec une dominance indica de 60%.<\/p>\n<h2><strong>Caract\u00e9ristiques Royal Skywalker Fem Royal Queen Seeds :<\/strong><\/h2>\n<ul style=\"list-style-type: disc\">\n<li><strong>Genre :<\/strong> F\u00e9minis\u00e9e<\/li>\n<li><strong>G\u00e9notype :<\/strong> Hybride 40% Sativa \/ 60% Indica<\/li>\n<li><strong>G\u00e9n\u00e9tique<\/strong>: Blueberry x Mazar<\/li>\n<li><strong>Jours :<\/strong> 63-70<\/li>\n<\/ul>\n<p><em><strong>ATTENTION :<\/strong> Les graines de chanvre sont exclues de la notion l\u00e9gale de Cannabis, ce qui signifie qu&rsquo;elles ne doivent pas \u00eatre consid\u00e9r\u00e9es comme une substance stup\u00e9fiante (L. 412 de 1974, Art. 1, paragraphe 1, lettre B ; Convention unique sur les stup\u00e9fiants de New York de 1961 et tableau II du d\u00e9cret minist\u00e9riel 27\/7\/1992). En Italie, la culture du chanvre est interdite (articles 28 et 73 du d\u00e9cret pr\u00e9sidentiel 309\/90), sauf autorisation sp\u00e9ciale (article 17 du d\u00e9cret pr\u00e9sidentiel 309\/90). En l&rsquo;absence d&rsquo;autorisation, les semences ne peuvent \u00eatre utilis\u00e9es qu&rsquo;\u00e0 d&rsquo;autres fins (zootechniques, de collection, etc.). Les semences sont vendues sous r\u00e9serve qu&rsquo;elles ne soient pas utilis\u00e9es par des tiers en contradiction avec la loi.<\/em><\/p>\n","protected":false},"excerpt":{"rendered":"<p>De nombreux facteurs contribuent \u00e0 la cr\u00e9ation d&rsquo;un hybride r\u00e9ussi, mais peu d&rsquo;entre eux influencent autant le processus que la<\/p>\n","protected":false},"featured_media":168115,"comment_status":"open","ping_status":"closed","template":"","meta":[],"product_brand":[],"product_cat":[7951],"product_tag":[],"class_list":{"0":"post-168126","1":"product","2":"type-product","3":"status-publish","4":"has-post-thumbnail","6":"product_cat-magasin-de-graines","8":"first","9":"instock","10":"taxable","11":"shipping-taxable","12":"purchasable","13":"product-type-variable"},"aioseo_notices":[],"_links":{"self":[{"href":"https:\/\/www.budream.com\/fr\/wp-json\/wp\/v2\/product\/168126","targetHints":{"allow":["GET"]}}],"collection":[{"href":"https:\/\/www.budream.com\/fr\/wp-json\/wp\/v2\/product"}],"about":[{"href":"https:\/\/www.budream.com\/fr\/wp-json\/wp\/v2\/types\/product"}],"replies":[{"embeddable":true,"href":"https:\/\/www.budream.com\/fr\/wp-json\/wp\/v2\/comments?post=168126"}],"version-history":[{"count":0,"href":"https:\/\/www.budream.com\/fr\/wp-json\/wp\/v2\/product\/168126\/revisions"}],"wp:featuredmedia":[{"embeddable":true,"href":"https:\/\/www.budream.com\/fr\/wp-json\/wp\/v2\/media\/168115"}],"wp:attachment":[{"href":"https:\/\/www.budream.com\/fr\/wp-json\/wp\/v2\/media?parent=168126"}],"wp:term":[{"taxonomy":"product_brand","embeddable":true,"href":"https:\/\/www.budream.com\/fr\/wp-json\/wp\/v2\/product_brand?post=168126"},{"taxonomy":"product_cat","embeddable":true,"href":"https:\/\/www.budream.com\/fr\/wp-json\/wp\/v2\/product_cat?post=168126"},{"taxonomy":"product_tag","embeddable":true,"href":"https:\/\/www.budream.com\/fr\/wp-json\/wp\/v2\/product_tag?post=168126"}],"curies":[{"name":"wp","href":"https:\/\/api.w.org\/{rel}","templated":true}]}}