{"id":168225,"date":"2025-07-31T22:59:02","date_gmt":"2025-07-31T20:59:02","guid":{"rendered":"https:\/\/www.budream.com\/shop\/royal-queen-seeds-watermelon-fem-usa-premium\/"},"modified":"2025-12-22T22:37:18","modified_gmt":"2025-12-22T20:37:18","slug":"royal-queen-seeds-watermelon-fem-usa-premium","status":"publish","type":"product","link":"https:\/\/www.budream.com\/fr\/shop\/royal-queen-seeds-watermelon-fem-usa-premium\/","title":{"rendered":"ROYAL QUEEN SEEDS &#8211; WATERMELON FEM (USA PREMIUM)"},"content":{"rendered":"<p>D&rsquo;o\u00f9 vient la past\u00e8que ? Au d\u00e9part, les s\u00e9lectionneurs de Royal Queen Seeds ont cr\u00e9\u00e9 la Watermelon OG S1. Apr\u00e8s avoir manipul\u00e9 cette g\u00e9n\u00e9tique pendant un certain temps, ils ont r\u00e9ussi \u00e0 donner \u00e0 cette vari\u00e9t\u00e9 tr\u00e8s pris\u00e9e une touche encore plus sp\u00e9ciale.<\/p>\n<h2><strong>Caract\u00e9ristiques Past\u00e8que Fem Royal Queen Seeds :<\/strong><\/h2>\n<ul style=\"list-style-type: disc\">\n<li><strong>Genre :<\/strong> F\u00e9minis\u00e9e<\/li>\n<li><strong>G\u00e9notype :<\/strong> Hybride 20% Sativa \/ 80% Indica<\/li>\n<li><strong>G\u00e9n\u00e9tique<\/strong>: Past\u00e8que OG S1<\/li>\n<li><strong>Jours :<\/strong> 63-70<\/li>\n<\/ul>\n<p><em><strong>ATTENTION :<\/strong> Les graines de chanvre sont exclues de la notion l\u00e9gale de Cannabis, ce qui signifie qu&rsquo;elles ne doivent pas \u00eatre consid\u00e9r\u00e9es comme une substance stup\u00e9fiante (L. 412 de 1974, Art. 1, paragraphe 1, lett. B ; Convention unique sur les stup\u00e9fiants de New York de 1961 et tableau II du d\u00e9cret minist\u00e9riel 27\/7\/1992). En Italie, la culture du chanvre est interdite (articles 28 et 73 du d\u00e9cret pr\u00e9sidentiel 309\/90), sauf autorisation sp\u00e9ciale (article 17 du d\u00e9cret pr\u00e9sidentiel 309\/90). En l&rsquo;absence d&rsquo;autorisation, les semences ne peuvent \u00eatre utilis\u00e9es qu&rsquo;\u00e0 d&rsquo;autres fins (zootechniques, de collection, etc.). Les semences sont vendues sous r\u00e9serve qu&rsquo;elles ne soient pas utilis\u00e9es par des tiers en contradiction avec la loi.<\/em><\/p>\n","protected":false},"excerpt":{"rendered":"<p>D&rsquo;o\u00f9 vient la past\u00e8que ? Au d\u00e9part, les s\u00e9lectionneurs de Royal Queen Seeds ont cr\u00e9\u00e9 la Watermelon OG S1. Apr\u00e8s<\/p>\n","protected":false},"featured_media":168215,"comment_status":"open","ping_status":"closed","template":"","meta":[],"product_brand":[],"product_cat":[7951],"product_tag":[],"class_list":{"0":"post-168225","1":"product","2":"type-product","3":"status-publish","4":"has-post-thumbnail","6":"product_cat-magasin-de-graines","8":"first","9":"instock","10":"taxable","11":"shipping-taxable","12":"purchasable","13":"product-type-variable"},"aioseo_notices":[],"_links":{"self":[{"href":"https:\/\/www.budream.com\/fr\/wp-json\/wp\/v2\/product\/168225","targetHints":{"allow":["GET"]}}],"collection":[{"href":"https:\/\/www.budream.com\/fr\/wp-json\/wp\/v2\/product"}],"about":[{"href":"https:\/\/www.budream.com\/fr\/wp-json\/wp\/v2\/types\/product"}],"replies":[{"embeddable":true,"href":"https:\/\/www.budream.com\/fr\/wp-json\/wp\/v2\/comments?post=168225"}],"version-history":[{"count":0,"href":"https:\/\/www.budream.com\/fr\/wp-json\/wp\/v2\/product\/168225\/revisions"}],"wp:featuredmedia":[{"embeddable":true,"href":"https:\/\/www.budream.com\/fr\/wp-json\/wp\/v2\/media\/168215"}],"wp:attachment":[{"href":"https:\/\/www.budream.com\/fr\/wp-json\/wp\/v2\/media?parent=168225"}],"wp:term":[{"taxonomy":"product_brand","embeddable":true,"href":"https:\/\/www.budream.com\/fr\/wp-json\/wp\/v2\/product_brand?post=168225"},{"taxonomy":"product_cat","embeddable":true,"href":"https:\/\/www.budream.com\/fr\/wp-json\/wp\/v2\/product_cat?post=168225"},{"taxonomy":"product_tag","embeddable":true,"href":"https:\/\/www.budream.com\/fr\/wp-json\/wp\/v2\/product_tag?post=168225"}],"curies":[{"name":"wp","href":"https:\/\/api.w.org\/{rel}","templated":true}]}}