{"id":168574,"date":"2025-07-31T23:10:16","date_gmt":"2025-07-31T21:10:16","guid":{"rendered":"https:\/\/www.budream.com\/shop\/barneys-farm-mimosa-x-orange-punch-auto-fem\/"},"modified":"2026-03-24T01:21:01","modified_gmt":"2026-03-23T23:21:01","slug":"barneys-farm-mimosa-x-orange-punch-auto-fem","status":"publish","type":"product","link":"https:\/\/www.budream.com\/fr\/shop\/barneys-farm-mimosa-x-orange-punch-auto-fem\/","title":{"rendered":"BARNEY&rsquo;S FARM &#8211; MIMOSA x ORANGE PUNCH AUTO FEM"},"content":{"rendered":"<div style=\"text-align: justify\">L&rsquo;\u00e9volution de Mimosa se poursuit avec cette nouvelle vari\u00e9t\u00e9 autofloraison super compacte : MIMOSA X ORANGE PUNCH AUTO&trade; Initialement cr\u00e9\u00e9e \u00e0 partir d&rsquo;un d\u00e9licat r\u00e9trocroisement de notre c\u00e9l\u00e8bre Orange Punch avec le ph\u00e9nom\u00e8ne 2020 Mimosa Evo, le laboratoire a encore \u00e9volu\u00e9 en introduisant notre BF Super Auto #1.<\/div>\n<p><\/p>\n<h2><strong>Caract\u00e9ristiques : Moimosa x Orange Punch Auto :<\/strong><\/h2>\n<ul style=\"list-style-type: disc\">\n<li><strong>Genre :<\/strong> Autofloraison f\u00e9minis\u00e9e<\/li>\n<li><strong>G\u00e9notype :<\/strong> 60% Indica \/ 40% Sativa<\/li>\n<li><strong>G\u00e9n\u00e9tique : <\/strong>Mimosa Evo x Orange Punch x BF Super Auto #1<\/li>\n<li><strong>Jours :<\/strong> 65-70 jours<\/li>\n<\/ul>\n<p><\/p>\n<div style=\"text-align: justify\"><span style=\"font-size: 11pt\"><em><strong>ATTENTION :<\/strong> Les graines de chanvre sont exclues de la notion l\u00e9gale de Cannabis, ce qui signifie qu&rsquo;elles ne doivent pas \u00eatre consid\u00e9r\u00e9es comme une substance stup\u00e9fiante (L. 412 de 1974, art. 1, alin\u00e9a 1, lettre B ; Convention unique sur les stup\u00e9fiants de New York de 1961 et tableau II du d\u00e9cret minist\u00e9riel 27\/7\/1992). En Italie, la culture du chanvre est interdite (articles 28 et 73 du d\u00e9cret pr\u00e9sidentiel 309\/90), sauf autorisation sp\u00e9ciale (article 17 du d\u00e9cret pr\u00e9sidentiel 309\/90). En l&rsquo;absence d&rsquo;autorisation, les semences ne peuvent \u00eatre utilis\u00e9es qu&rsquo;\u00e0 d&rsquo;autres fins (zootechniques, de collection, etc.). Les semences sont vendues sous r\u00e9serve qu&rsquo;elles ne soient pas utilis\u00e9es par des tiers en contradiction avec la loi.<\/em><\/span><\/div>\n","protected":false},"excerpt":{"rendered":"<p>L&rsquo;\u00e9volution de Mimosa se poursuit avec cette nouvelle vari\u00e9t\u00e9 autofloraison super compacte : MIMOSA X ORANGE PUNCH AUTO&trade; Initialement cr\u00e9\u00e9e<\/p>\n","protected":false},"featured_media":168564,"comment_status":"open","ping_status":"closed","template":"","meta":[],"product_brand":[],"product_cat":[7951],"product_tag":[],"class_list":{"0":"post-168574","1":"product","2":"type-product","3":"status-publish","4":"has-post-thumbnail","6":"product_cat-magasin-de-graines","8":"first","9":"instock","10":"sale","11":"taxable","12":"shipping-taxable","13":"purchasable","14":"product-type-variable"},"_links":{"self":[{"href":"https:\/\/www.budream.com\/fr\/wp-json\/wp\/v2\/product\/168574","targetHints":{"allow":["GET"]}}],"collection":[{"href":"https:\/\/www.budream.com\/fr\/wp-json\/wp\/v2\/product"}],"about":[{"href":"https:\/\/www.budream.com\/fr\/wp-json\/wp\/v2\/types\/product"}],"replies":[{"embeddable":true,"href":"https:\/\/www.budream.com\/fr\/wp-json\/wp\/v2\/comments?post=168574"}],"version-history":[{"count":0,"href":"https:\/\/www.budream.com\/fr\/wp-json\/wp\/v2\/product\/168574\/revisions"}],"wp:featuredmedia":[{"embeddable":true,"href":"https:\/\/www.budream.com\/fr\/wp-json\/wp\/v2\/media\/168564"}],"wp:attachment":[{"href":"https:\/\/www.budream.com\/fr\/wp-json\/wp\/v2\/media?parent=168574"}],"wp:term":[{"taxonomy":"product_brand","embeddable":true,"href":"https:\/\/www.budream.com\/fr\/wp-json\/wp\/v2\/product_brand?post=168574"},{"taxonomy":"product_cat","embeddable":true,"href":"https:\/\/www.budream.com\/fr\/wp-json\/wp\/v2\/product_cat?post=168574"},{"taxonomy":"product_tag","embeddable":true,"href":"https:\/\/www.budream.com\/fr\/wp-json\/wp\/v2\/product_tag?post=168574"}],"curies":[{"name":"wp","href":"https:\/\/api.w.org\/{rel}","templated":true}]}}