{"id":168976,"date":"2025-07-31T23:25:58","date_gmt":"2025-07-31T21:25:58","guid":{"rendered":"https:\/\/www.budream.com\/shop\/green-house-seed-co-persian-pie-fem-2\/"},"modified":"2026-03-25T22:03:12","modified_gmt":"2026-03-25T20:03:12","slug":"green-house-seed-co-persian-pie-fem-2","status":"publish","type":"product","link":"https:\/\/www.budream.com\/fr\/shop\/green-house-seed-co-persian-pie-fem-2\/","title":{"rendered":"GREEN HOUSE SEED CO. &#8211; PERSIAN PIE FEM"},"content":{"rendered":"<p>La tarte persane est notre nouvelle combinaison de deux profils. D&rsquo;un c\u00f4t\u00e9, le c\u00e9l\u00e8bre LemonTree des \u00c9tats-Unis et de l&rsquo;autre, notre Banana Krumble.<\/p>\n<h2><strong>Caract\u00e9ristiques Persian Pie Fem<\/strong><\/h2>\n<ul style=\"list-style-type: disc\">\n<li><strong>Genre :<\/strong> F\u00e9minis\u00e9e<\/li>\n<li><strong>G\u00e9notype :<\/strong> Hybride 60% Indica 40% Sativa<\/li>\n<li><strong>G\u00e9n\u00e9tique :<\/strong> Lemo Tree x Banana Krumble<\/li>\n<li><strong>Jours :<\/strong> 56-63 jours<\/li>\n<\/ul>\n<p><span style=\"font-size: 11pt\"><em><strong>ATTENTION :<\/strong> Les graines de chanvre sont exclues de la notion l\u00e9gale de Cannabis, ce qui signifie qu&rsquo;elles ne doivent pas \u00eatre consid\u00e9r\u00e9es comme une substance stup\u00e9fiante (L. 412 de 1974, Art. 1, paragraphe 1, lett. B ; Convention unique sur les stup\u00e9fiants de New York de 1961 et tableau II du d\u00e9cret minist\u00e9riel 27\/7\/1992). En Italie, la culture du chanvre est interdite (articles 28 et 73 du d\u00e9cret pr\u00e9sidentiel 309\/90), sauf autorisation sp\u00e9ciale (article 17 du d\u00e9cret pr\u00e9sidentiel 309\/90). En l&rsquo;absence d&rsquo;autorisation, les semences ne peuvent \u00eatre utilis\u00e9es qu&rsquo;\u00e0 d&rsquo;autres fins (zootechniques, de collection, etc.). Les semences sont vendues sous r\u00e9serve qu&rsquo;elles ne soient pas utilis\u00e9es par des tiers en contradiction avec la loi.<\/em><\/span><\/p>\n","protected":false},"excerpt":{"rendered":"<p>La tarte persane est notre nouvelle combinaison de deux profils. D&rsquo;un c\u00f4t\u00e9, le c\u00e9l\u00e8bre LemonTree des \u00c9tats-Unis et de l&rsquo;autre,<\/p>\n","protected":false},"featured_media":225832,"comment_status":"open","ping_status":"closed","template":"","meta":[],"product_brand":[],"product_cat":[7951],"product_tag":[],"class_list":{"0":"post-168976","1":"product","2":"type-product","3":"status-publish","4":"has-post-thumbnail","6":"product_cat-magasin-de-graines","8":"first","9":"instock","10":"sale","11":"taxable","12":"shipping-taxable","13":"purchasable","14":"product-type-variable"},"aioseo_notices":[],"_links":{"self":[{"href":"https:\/\/www.budream.com\/fr\/wp-json\/wp\/v2\/product\/168976","targetHints":{"allow":["GET"]}}],"collection":[{"href":"https:\/\/www.budream.com\/fr\/wp-json\/wp\/v2\/product"}],"about":[{"href":"https:\/\/www.budream.com\/fr\/wp-json\/wp\/v2\/types\/product"}],"replies":[{"embeddable":true,"href":"https:\/\/www.budream.com\/fr\/wp-json\/wp\/v2\/comments?post=168976"}],"version-history":[{"count":0,"href":"https:\/\/www.budream.com\/fr\/wp-json\/wp\/v2\/product\/168976\/revisions"}],"wp:featuredmedia":[{"embeddable":true,"href":"https:\/\/www.budream.com\/fr\/wp-json\/wp\/v2\/media\/225832"}],"wp:attachment":[{"href":"https:\/\/www.budream.com\/fr\/wp-json\/wp\/v2\/media?parent=168976"}],"wp:term":[{"taxonomy":"product_brand","embeddable":true,"href":"https:\/\/www.budream.com\/fr\/wp-json\/wp\/v2\/product_brand?post=168976"},{"taxonomy":"product_cat","embeddable":true,"href":"https:\/\/www.budream.com\/fr\/wp-json\/wp\/v2\/product_cat?post=168976"},{"taxonomy":"product_tag","embeddable":true,"href":"https:\/\/www.budream.com\/fr\/wp-json\/wp\/v2\/product_tag?post=168976"}],"curies":[{"name":"wp","href":"https:\/\/api.w.org\/{rel}","templated":true}]}}