{"id":169091,"date":"2025-07-31T23:30:35","date_gmt":"2025-07-31T21:30:35","guid":{"rendered":"https:\/\/www.budream.com\/shop\/super-sativa-seed-club-tnt-trichome-fem\/"},"modified":"2025-11-27T13:30:48","modified_gmt":"2025-11-27T11:30:48","slug":"super-sativa-seed-club-tnt-trichome-fem","status":"publish","type":"product","link":"https:\/\/www.budream.com\/fr\/shop\/super-sativa-seed-club-tnt-trichome-fem\/","title":{"rendered":"SUPER SATIVA SEED CLUB &#8211; TNT TRICHOME FEM"},"content":{"rendered":"<p><span style=\"font-size: 12.222222328186px\"><span style=\"font-size: 11pt\">TnT Trichome est une Afghani \u00e0 dominance Indica, courte et compacte, avec un temps de floraison rapide d&rsquo;environ 7-8 semaines.<\/span><\/p>\n<p><\/span><\/p>\n<h2><strong>Caract\u00e9ristiques TNT Trichome Fem :<\/strong><\/h2>\n<ul style=\"list-style-type: disc\">\n<li><strong>Genre :<\/strong> F\u00e9minis\u00e9<\/li>\n<li><strong>G\u00e9notype :<\/strong> Hybride \u00e0 dominance Indica<\/li>\n<li><strong>G\u00e9n\u00e9tique : <\/strong>Afghani \u00e0 dominante indica<\/li>\n<li>Jours<strong>:<\/strong> 56 jours <\/li>\n<\/ul>\n<p><span style=\"font-size: 12.222222328186px\"><br \/><span style=\"font-size: 11pt\"><em><strong>ATTENTION :<\/strong> Les graines de chanvre sont exclues de la notion juridique de cannabis, ce qui signifie qu&rsquo;elles ne doivent pas \u00eatre consid\u00e9r\u00e9es comme une substance stup\u00e9fiante (loi 412 de 1974, article 1, paragraphe 1, lettre B ; Convention unique sur les stup\u00e9fiants de New York de 1961 et tableau II du d\u00e9cret minist\u00e9riel 27\/7\/1992). En Italie, la culture du chanvre est interdite (articles 28 et 73 du d\u00e9cret pr\u00e9sidentiel 309\/90), sauf autorisation sp\u00e9ciale (article 17 du d\u00e9cret pr\u00e9sidentiel 309\/90). En l&rsquo;absence d&rsquo;autorisation, les semences ne peuvent \u00eatre utilis\u00e9es qu&rsquo;\u00e0 d&rsquo;autres fins (zootechniques, de collection, etc.). Les semences sont vendues sous r\u00e9serve qu&rsquo;elles ne soient pas utilis\u00e9es par des tiers en contradiction avec la loi.<\/em><\/span><\/span><\/p>\n","protected":false},"excerpt":{"rendered":"<p>TnT Trichome est une Afghani \u00e0 dominance Indica, courte et compacte, avec un temps de floraison rapide d&rsquo;environ 7-8 semaines.<\/p>\n","protected":false},"featured_media":169086,"comment_status":"open","ping_status":"closed","template":"","meta":[],"product_brand":[],"product_cat":[7951],"product_tag":[],"class_list":{"0":"post-169091","1":"product","2":"type-product","3":"status-publish","4":"has-post-thumbnail","6":"product_cat-magasin-de-graines","8":"first","9":"instock","10":"taxable","11":"shipping-taxable","12":"purchasable","13":"product-type-variable"},"aioseo_notices":[],"_links":{"self":[{"href":"https:\/\/www.budream.com\/fr\/wp-json\/wp\/v2\/product\/169091","targetHints":{"allow":["GET"]}}],"collection":[{"href":"https:\/\/www.budream.com\/fr\/wp-json\/wp\/v2\/product"}],"about":[{"href":"https:\/\/www.budream.com\/fr\/wp-json\/wp\/v2\/types\/product"}],"replies":[{"embeddable":true,"href":"https:\/\/www.budream.com\/fr\/wp-json\/wp\/v2\/comments?post=169091"}],"version-history":[{"count":0,"href":"https:\/\/www.budream.com\/fr\/wp-json\/wp\/v2\/product\/169091\/revisions"}],"wp:featuredmedia":[{"embeddable":true,"href":"https:\/\/www.budream.com\/fr\/wp-json\/wp\/v2\/media\/169086"}],"wp:attachment":[{"href":"https:\/\/www.budream.com\/fr\/wp-json\/wp\/v2\/media?parent=169091"}],"wp:term":[{"taxonomy":"product_brand","embeddable":true,"href":"https:\/\/www.budream.com\/fr\/wp-json\/wp\/v2\/product_brand?post=169091"},{"taxonomy":"product_cat","embeddable":true,"href":"https:\/\/www.budream.com\/fr\/wp-json\/wp\/v2\/product_cat?post=169091"},{"taxonomy":"product_tag","embeddable":true,"href":"https:\/\/www.budream.com\/fr\/wp-json\/wp\/v2\/product_tag?post=169091"}],"curies":[{"name":"wp","href":"https:\/\/api.w.org\/{rel}","templated":true}]}}