{"id":170365,"date":"2025-08-01T00:10:18","date_gmt":"2025-07-31T22:10:18","guid":{"rendered":"https:\/\/www.budream.com\/shop\/banque-de-semences-sensi-durban-fem-2\/"},"modified":"2026-03-27T12:37:40","modified_gmt":"2026-03-27T10:37:40","slug":"banque-de-semences-sensi-durban-fem-2","status":"publish","type":"product","link":"https:\/\/www.budream.com\/fr\/shop\/banque-de-semences-sensi-durban-fem-2\/","title":{"rendered":"BANQUE DE SEMENCES SENSI &#8211; DURBAN FEM"},"content":{"rendered":"<p>Les graines f\u00e9minis\u00e9es Durban de Sensi Seeds sont issues d&rsquo;une souche sud-africaine pure. Cette vari\u00e9t\u00e9 \u00e0 nette dominance Sativa conserve la plupart des caract\u00e9ristiques exceptionnelles de son pr\u00e9d\u00e9cesseur.<\/p>\n<h2><strong>Caract\u00e9ristiques Durban Fem Sensi Seeds Bank :<\/strong><\/h2>\n<ul style=\"list-style-type: disc\">\n<li><strong>Genre :<\/strong> Hybride f\u00e9minis\u00e9<\/li>\n<li><strong>G\u00e9notype :<\/strong> 10% Indica \/ 90% Sativa<\/li>\n<li><strong>G\u00e9n\u00e9tique :<\/strong> vari\u00e9t\u00e9 sud-africaine<\/li>\n<li><strong>Jours de floraison :<\/strong> 50 &#8211; 70<\/li>\n<\/ul>\n<p><span style=\"font-size: 11pt\"><em><strong>ATTENTION :<\/strong> Les graines de chanvre sont exclues de la notion l\u00e9gale de Cannabis, ce qui signifie qu&rsquo;elles ne doivent pas \u00eatre consid\u00e9r\u00e9es comme une substance stup\u00e9fiante (L. 412 de 1974, Art. 1, paragraphe 1, lettre B ; Convention unique sur les stup\u00e9fiants de New York de 1961 et tableau II du d\u00e9cret minist\u00e9riel 27\/7\/1992). En Italie, la culture du chanvre est interdite (articles 28 et 73 du d\u00e9cret pr\u00e9sidentiel 309\/90), sauf autorisation sp\u00e9ciale (article 17 du d\u00e9cret pr\u00e9sidentiel 309\/90). En l&rsquo;absence d&rsquo;autorisation, les semences ne peuvent \u00eatre utilis\u00e9es qu&rsquo;\u00e0 d&rsquo;autres fins (zootechniques, de collection, etc.). Les semences sont vendues sous r\u00e9serve qu&rsquo;elles ne soient pas utilis\u00e9es par des tiers en contradiction avec la loi.<\/em><\/span><\/p>\n","protected":false},"excerpt":{"rendered":"<p>Les graines f\u00e9minis\u00e9es Durban de Sensi Seeds sont issues d&rsquo;une souche sud-africaine pure. Cette vari\u00e9t\u00e9 \u00e0 nette dominance Sativa conserve<\/p>\n","protected":false},"featured_media":197006,"comment_status":"open","ping_status":"closed","template":"","meta":[],"product_brand":[],"product_cat":[7951],"product_tag":[],"class_list":{"0":"post-170365","1":"product","2":"type-product","3":"status-publish","4":"has-post-thumbnail","6":"product_cat-magasin-de-graines","8":"first","9":"instock","10":"sale","11":"taxable","12":"shipping-taxable","13":"purchasable","14":"product-type-variable"},"aioseo_notices":[],"_links":{"self":[{"href":"https:\/\/www.budream.com\/fr\/wp-json\/wp\/v2\/product\/170365","targetHints":{"allow":["GET"]}}],"collection":[{"href":"https:\/\/www.budream.com\/fr\/wp-json\/wp\/v2\/product"}],"about":[{"href":"https:\/\/www.budream.com\/fr\/wp-json\/wp\/v2\/types\/product"}],"replies":[{"embeddable":true,"href":"https:\/\/www.budream.com\/fr\/wp-json\/wp\/v2\/comments?post=170365"}],"version-history":[{"count":0,"href":"https:\/\/www.budream.com\/fr\/wp-json\/wp\/v2\/product\/170365\/revisions"}],"wp:featuredmedia":[{"embeddable":true,"href":"https:\/\/www.budream.com\/fr\/wp-json\/wp\/v2\/media\/197006"}],"wp:attachment":[{"href":"https:\/\/www.budream.com\/fr\/wp-json\/wp\/v2\/media?parent=170365"}],"wp:term":[{"taxonomy":"product_brand","embeddable":true,"href":"https:\/\/www.budream.com\/fr\/wp-json\/wp\/v2\/product_brand?post=170365"},{"taxonomy":"product_cat","embeddable":true,"href":"https:\/\/www.budream.com\/fr\/wp-json\/wp\/v2\/product_cat?post=170365"},{"taxonomy":"product_tag","embeddable":true,"href":"https:\/\/www.budream.com\/fr\/wp-json\/wp\/v2\/product_tag?post=170365"}],"curies":[{"name":"wp","href":"https:\/\/api.w.org\/{rel}","templated":true}]}}