{"id":170691,"date":"2025-08-01T00:21:03","date_gmt":"2025-07-31T22:21:03","guid":{"rendered":"https:\/\/www.budream.com\/shop\/sensi-seeds-bank-northern-lights-5-x-haze-fem\/"},"modified":"2026-03-23T23:23:57","modified_gmt":"2026-03-23T21:23:57","slug":"sensi-seeds-bank-northern-lights-5-x-haze-fem","status":"publish","type":"product","link":"https:\/\/www.budream.com\/fr\/shop\/sensi-seeds-bank-northern-lights-5-x-haze-fem\/","title":{"rendered":"SENSI SEEDS BANK &#8211; NORTHERN LIGHTS #5 X HAZE FEM"},"content":{"rendered":"<div style=\"text-align: justify\">NL#5 x Haze de Sensi Seeds est une graine f\u00e9minis\u00e9e issue du croisement d&rsquo;une Sativa tropicale et d&rsquo;une Indica s\u00e9lectionn\u00e9e.<br \/>De nombreux hybrides mondialement connus comme Silver Haze, Shiva Skunk ou Silver Pearl sont issus de la NL#5 x Haze et, apr\u00e8s avoir remport\u00e9 de nombreux prix, elle est devenue une vari\u00e9t\u00e9 \u00e0 se procurer.<\/p>\n<\/div>\n<h2><strong>Caract\u00e9ristiques Northern Lights #5 x Haze Fem Sensi Seeds Bank :<\/strong><\/h2>\n<ul style=\"list-style-type: disc\">\n<li><strong>Genre :<\/strong> F\u00e9minis\u00e9e<\/li>\n<li><strong>G\u00e9notype : <\/strong>Hybride 30% Indica \/ 70% Sativa<\/li>\n<li><strong>G\u00e9n\u00e9tique :<\/strong> Northern Lights#5 <span class=\"cross\">x<\/span> Haze<\/li>\n<li><strong>Jours de floraison :<\/strong> 65-75 jours<\/li>\n<\/ul>\n<p><span style=\"font-size: 11pt\"><em><strong>ATTENTION :<\/strong> Les graines de chanvre sont exclues de la notion l\u00e9gale de Cannabis, ce qui signifie qu&rsquo;elles ne doivent pas \u00eatre consid\u00e9r\u00e9es comme une substance stup\u00e9fiante (L. 412 de 1974, art. 1, paragraphe 1, lettre B ; Convention unique sur les stup\u00e9fiants de New York de 1961 et tableau II du d\u00e9cret minist\u00e9riel 27\/7\/1992). En Italie, la culture du chanvre est interdite (articles 28 et 73 du d\u00e9cret pr\u00e9sidentiel 309\/90), sauf autorisation sp\u00e9ciale (article 17 du d\u00e9cret pr\u00e9sidentiel 309\/90). En l&rsquo;absence d&rsquo;autorisation, les semences ne peuvent \u00eatre utilis\u00e9es qu&rsquo;\u00e0 d&rsquo;autres fins (zootechniques, de collection, etc.). Les semences sont vendues sous r\u00e9serve qu&rsquo;elles ne soient pas utilis\u00e9es par des tiers en contradiction avec la loi.<\/em><\/span><\/p>\n","protected":false},"excerpt":{"rendered":"<p>NL#5 x Haze de Sensi Seeds est une graine f\u00e9minis\u00e9e issue du croisement d&rsquo;une Sativa tropicale et d&rsquo;une Indica s\u00e9lectionn\u00e9e.De<\/p>\n","protected":false},"featured_media":197081,"comment_status":"open","ping_status":"closed","template":"","meta":[],"product_brand":[],"product_cat":[7951],"product_tag":[],"class_list":{"0":"post-170691","1":"product","2":"type-product","3":"status-publish","4":"has-post-thumbnail","6":"product_cat-magasin-de-graines","8":"first","9":"instock","10":"sale","11":"taxable","12":"shipping-taxable","13":"purchasable","14":"product-type-variable"},"_links":{"self":[{"href":"https:\/\/www.budream.com\/fr\/wp-json\/wp\/v2\/product\/170691","targetHints":{"allow":["GET"]}}],"collection":[{"href":"https:\/\/www.budream.com\/fr\/wp-json\/wp\/v2\/product"}],"about":[{"href":"https:\/\/www.budream.com\/fr\/wp-json\/wp\/v2\/types\/product"}],"replies":[{"embeddable":true,"href":"https:\/\/www.budream.com\/fr\/wp-json\/wp\/v2\/comments?post=170691"}],"version-history":[{"count":0,"href":"https:\/\/www.budream.com\/fr\/wp-json\/wp\/v2\/product\/170691\/revisions"}],"wp:featuredmedia":[{"embeddable":true,"href":"https:\/\/www.budream.com\/fr\/wp-json\/wp\/v2\/media\/197081"}],"wp:attachment":[{"href":"https:\/\/www.budream.com\/fr\/wp-json\/wp\/v2\/media?parent=170691"}],"wp:term":[{"taxonomy":"product_brand","embeddable":true,"href":"https:\/\/www.budream.com\/fr\/wp-json\/wp\/v2\/product_brand?post=170691"},{"taxonomy":"product_cat","embeddable":true,"href":"https:\/\/www.budream.com\/fr\/wp-json\/wp\/v2\/product_cat?post=170691"},{"taxonomy":"product_tag","embeddable":true,"href":"https:\/\/www.budream.com\/fr\/wp-json\/wp\/v2\/product_tag?post=170691"}],"curies":[{"name":"wp","href":"https:\/\/api.w.org\/{rel}","templated":true}]}}