{"id":171760,"date":"2025-08-01T01:15:51","date_gmt":"2025-07-31T23:15:51","guid":{"rendered":"https:\/\/www.budream.com\/shop\/green-house-seed-co-ice-cream-41-autoflowering-fem\/"},"modified":"2026-03-26T15:55:08","modified_gmt":"2026-03-26T13:55:08","slug":"green-house-seed-co-ice-cream-41-autoflowering-fem","status":"publish","type":"product","link":"https:\/\/www.budream.com\/fr\/shop\/green-house-seed-co-ice-cream-41-autoflowering-fem\/","title":{"rendered":"GREEN HOUSE SEED CO. &#8211; ICE CREAM #41 AUTOFLOWERING FEM"},"content":{"rendered":"<p>Si vous \u00eates \u00e0 la recherche de la version autofloraison parfaite de la Ice Cream #41, voici votre vari\u00e9t\u00e9 !<br \/>Apr\u00e8s une recherche minutieuse, nous avons s\u00e9lectionn\u00e9 uniquement les plantes les plus satisfaisantes qui refl\u00e8tent les principaux caract\u00e8res de cette c\u00e9l\u00e8bre g\u00e9n\u00e9tique am\u00e9ricaine, provenant de Sunset Sherbet et Girl Scout Cookies (Thin Mint Pheno).<\/p>\n<h2><strong>Caract\u00e9ristiques Gelato 41 x Gelato #41 Autoflowering Fem :<\/p>\n<p><\/strong><\/h2>\n<ul style=\"list-style-type: disc\">\n<li><strong>Genre :<\/strong> Hybride f\u00e9minis\u00e9 \u00e0 autofloraison<\/li>\n<li><strong>G\u00e9notype :<\/strong> Indica 70%\/ Sativa 20%\/ Ruderalis 10%<\/li>\n<li><strong>G\u00e9n\u00e9tique :<\/strong> Gelato 41 x Gelato #41 Autio<\/li>\n<li><strong>Jours :<\/strong> 49- 56 jours<\/li>\n<\/ul>\n<p><span style=\"font-size: 11pt\"><em><strong>ATTENTION :<\/strong> Les graines de chanvre sont exclues de la notion l\u00e9gale de Cannabis, ce qui signifie qu&rsquo;elles ne doivent pas \u00eatre consid\u00e9r\u00e9es comme une substance stup\u00e9fiante (L. 412 de 1974, art. 1, alin\u00e9a 1, lettre B ; Convention unique sur les stup\u00e9fiants de New York de 1961 et tableau II du d\u00e9cret minist\u00e9riel 27\/7\/1992). En Italie, la culture du chanvre est interdite (articles 28 et 73 du d\u00e9cret pr\u00e9sidentiel 309\/90), sauf autorisation sp\u00e9ciale (article 17 du d\u00e9cret pr\u00e9sidentiel 309\/90). En l&rsquo;absence d&rsquo;autorisation, les semences ne peuvent \u00eatre utilis\u00e9es qu&rsquo;\u00e0 d&rsquo;autres fins (zootechniques, de collection, etc.). Les semences sont vendues sous r\u00e9serve qu&rsquo;elles ne soient pas utilis\u00e9es par des tiers en contradiction avec la loi.<\/em><\/span><\/p>\n","protected":false},"excerpt":{"rendered":"<p>Si vous \u00eates \u00e0 la recherche de la version autofloraison parfaite de la Ice Cream #41, voici votre vari\u00e9t\u00e9 !Apr\u00e8s<\/p>\n","protected":false},"featured_media":214919,"comment_status":"open","ping_status":"closed","template":"","meta":[],"product_brand":[],"product_cat":[7951],"product_tag":[],"class_list":{"0":"post-171760","1":"product","2":"type-product","3":"status-publish","4":"has-post-thumbnail","6":"product_cat-magasin-de-graines","8":"first","9":"instock","10":"taxable","11":"shipping-taxable","12":"purchasable","13":"product-type-variable"},"aioseo_notices":[],"_links":{"self":[{"href":"https:\/\/www.budream.com\/fr\/wp-json\/wp\/v2\/product\/171760","targetHints":{"allow":["GET"]}}],"collection":[{"href":"https:\/\/www.budream.com\/fr\/wp-json\/wp\/v2\/product"}],"about":[{"href":"https:\/\/www.budream.com\/fr\/wp-json\/wp\/v2\/types\/product"}],"replies":[{"embeddable":true,"href":"https:\/\/www.budream.com\/fr\/wp-json\/wp\/v2\/comments?post=171760"}],"version-history":[{"count":0,"href":"https:\/\/www.budream.com\/fr\/wp-json\/wp\/v2\/product\/171760\/revisions"}],"wp:featuredmedia":[{"embeddable":true,"href":"https:\/\/www.budream.com\/fr\/wp-json\/wp\/v2\/media\/214919"}],"wp:attachment":[{"href":"https:\/\/www.budream.com\/fr\/wp-json\/wp\/v2\/media?parent=171760"}],"wp:term":[{"taxonomy":"product_brand","embeddable":true,"href":"https:\/\/www.budream.com\/fr\/wp-json\/wp\/v2\/product_brand?post=171760"},{"taxonomy":"product_cat","embeddable":true,"href":"https:\/\/www.budream.com\/fr\/wp-json\/wp\/v2\/product_cat?post=171760"},{"taxonomy":"product_tag","embeddable":true,"href":"https:\/\/www.budream.com\/fr\/wp-json\/wp\/v2\/product_tag?post=171760"}],"curies":[{"name":"wp","href":"https:\/\/api.w.org\/{rel}","templated":true}]}}