{"id":171855,"date":"2025-08-01T01:20:58","date_gmt":"2025-07-31T23:20:58","guid":{"rendered":"https:\/\/www.budream.com\/shop\/green-house-seed-co-west-coast-og-x-ice-cream-41-autofloraison-fem\/"},"modified":"2026-03-26T12:44:32","modified_gmt":"2026-03-26T10:44:32","slug":"green-house-seed-co-west-coast-og-x-ice-cream-41-autofloraison-fem","status":"publish","type":"product","link":"https:\/\/www.budream.com\/fr\/shop\/green-house-seed-co-west-coast-og-x-ice-cream-41-autofloraison-fem\/","title":{"rendered":"GREEN HOUSE SEED CO. &#8211; WEST COAST OG X ICE CREAM #41 AUTOFLORAISON FEM"},"content":{"rendered":"<p>Ce croisement particulier est une combinaison du grand classique OG Kush et de la d\u00e9sormais l\u00e9gendaire vari\u00e9t\u00e9 Ice Cream #41, dans une version autofloraison.<\/p>\n<h2><strong>Caract\u00e9ristiques West Coast OG x Gelato #41 Autofloraison Fem :<\/p>\n<p><\/strong><\/h2>\n<ul style=\"list-style-type: disc\">\n<li><strong>Genus :<\/strong> Hybride f\u00e9minis\u00e9 \u00e0 autofloraison<\/li>\n<li><strong>G\u00e9notype : Indica 80%\/ Sativa 10%\/ Ruderalis 10% :<\/strong> Indica 80%\/ Sativa 10%\/ Ruderalis 10%<\/li>\n<li><strong>G\u00e9n\u00e9tique :<\/strong> West Coast OG x Gelato 41 Autio<\/li>\n<li>Jours<strong>:<\/strong> 56-63 jours<\/li>\n<\/ul>\n<p><span style=\"font-size: 11pt\"><em><strong>ATTENTION :<\/strong> Les graines de chanvre sont exclues de la notion l\u00e9gale de Cannabis, ce qui signifie qu&rsquo;elles ne doivent pas \u00eatre consid\u00e9r\u00e9es comme une substance narcotique (Loi 412 de 1974, Art. 1, paragraphe 1, lettre B ; Convention Unique sur les Stup\u00e9fiants de New York de 1961 et tableau II du D\u00e9cret Minist\u00e9riel 27\/7\/1992). En Italie, la culture du chanvre est interdite (articles 28 et 73 du d\u00e9cret pr\u00e9sidentiel 309\/90), sauf autorisation sp\u00e9ciale (article 17 du d\u00e9cret pr\u00e9sidentiel 309\/90). En l&rsquo;absence d&rsquo;autorisation, les semences ne peuvent \u00eatre utilis\u00e9es qu&rsquo;\u00e0 d&rsquo;autres fins (zootechniques, de collection, etc.). Les semences sont vendues sous r\u00e9serve qu&rsquo;elles ne soient pas utilis\u00e9es par des tiers en contradiction avec la loi.<\/em><\/span><\/p>\n","protected":false},"excerpt":{"rendered":"<p>Ce croisement particulier est une combinaison du grand classique OG Kush et de la d\u00e9sormais l\u00e9gendaire vari\u00e9t\u00e9 Ice Cream #41,<\/p>\n","protected":false},"featured_media":244550,"comment_status":"open","ping_status":"closed","template":"","meta":[],"product_brand":[],"product_cat":[7951],"product_tag":[],"class_list":{"0":"post-171855","1":"product","2":"type-product","3":"status-publish","4":"has-post-thumbnail","6":"product_cat-magasin-de-graines","8":"first","9":"instock","10":"sale","11":"taxable","12":"shipping-taxable","13":"purchasable","14":"product-type-variable"},"_links":{"self":[{"href":"https:\/\/www.budream.com\/fr\/wp-json\/wp\/v2\/product\/171855","targetHints":{"allow":["GET"]}}],"collection":[{"href":"https:\/\/www.budream.com\/fr\/wp-json\/wp\/v2\/product"}],"about":[{"href":"https:\/\/www.budream.com\/fr\/wp-json\/wp\/v2\/types\/product"}],"replies":[{"embeddable":true,"href":"https:\/\/www.budream.com\/fr\/wp-json\/wp\/v2\/comments?post=171855"}],"version-history":[{"count":0,"href":"https:\/\/www.budream.com\/fr\/wp-json\/wp\/v2\/product\/171855\/revisions"}],"wp:featuredmedia":[{"embeddable":true,"href":"https:\/\/www.budream.com\/fr\/wp-json\/wp\/v2\/media\/244550"}],"wp:attachment":[{"href":"https:\/\/www.budream.com\/fr\/wp-json\/wp\/v2\/media?parent=171855"}],"wp:term":[{"taxonomy":"product_brand","embeddable":true,"href":"https:\/\/www.budream.com\/fr\/wp-json\/wp\/v2\/product_brand?post=171855"},{"taxonomy":"product_cat","embeddable":true,"href":"https:\/\/www.budream.com\/fr\/wp-json\/wp\/v2\/product_cat?post=171855"},{"taxonomy":"product_tag","embeddable":true,"href":"https:\/\/www.budream.com\/fr\/wp-json\/wp\/v2\/product_tag?post=171855"}],"curies":[{"name":"wp","href":"https:\/\/api.w.org\/{rel}","templated":true}]}}