{"id":171885,"date":"2025-08-01T01:22:39","date_gmt":"2025-07-31T23:22:39","guid":{"rendered":"https:\/\/www.budream.com\/shop\/sensi-seeds-research-purple-skunk-auto-fem\/"},"modified":"2026-03-17T14:41:34","modified_gmt":"2026-03-17T12:41:34","slug":"sensi-seeds-research-purple-skunk-auto-fem","status":"publish","type":"product","link":"https:\/\/www.budream.com\/fr\/shop\/sensi-seeds-research-purple-skunk-auto-fem\/","title":{"rendered":"SENSI SEEDS RESEARCH &#8211; PURPLE SKUNK AUTO FEM"},"content":{"rendered":"<p><span style=\"font-size: 12.222222328186px\"><span style=\"font-size: 11pt\">Purple Skunk Autoflowering (75% indica et 25% sativa) a \u00e9t\u00e9 d\u00e9velopp\u00e9e dans le cadre du projet de recherche de Sensi Seeds Research sur les vari\u00e9t\u00e9s de cannabis et comprend des origines telles que Shiva Skunk, Skunk #1 et Hindu Kush Auto. <br \/><\/span><br \/><\/span><\/p>\n<h2><strong>Caract\u00e9ristiques Purple Skunk Auto Fem Sensi Seeds Research :<\/strong><\/h2>\n<ul style=\"list-style-type: disc\">\n<li><strong>Genre :<\/strong> Autofloraison f\u00e9minis\u00e9e<\/li>\n<li><strong>G\u00e9notype :<\/strong> Hybride 75% Indica 25% Sativa<\/li>\n<li><strong>G\u00e9n\u00e9tique : <\/strong>Skunk #1 x Shiva Skunk x Hindu Kush Auto<\/li>\n<li>Jours<strong>:<\/strong> 60 jours<\/li>\n<\/ul>\n<p><span style=\"font-size: 12.222222328186px\"><br \/><span style=\"font-size: 11pt\"><em><strong>ATTENTION :<\/strong> Les graines de chanvre sont exclues de la notion l\u00e9gale de Cannabis, ce qui signifie qu&rsquo;elles ne doivent pas \u00eatre consid\u00e9r\u00e9es comme une substance stup\u00e9fiante (L. 412 de 1974, art. 1, virgule 1, lett. B ; Convention unique sur les stup\u00e9fiants de New York de 1961 et tableau II du d\u00e9cret minist\u00e9riel 27\/7\/1992). En Italie, la culture du chanvre est interdite (articles 28 et 73 du d\u00e9cret pr\u00e9sidentiel 309\/90), sauf autorisation sp\u00e9ciale (article 17 du d\u00e9cret pr\u00e9sidentiel 309\/90). En l&rsquo;absence d&rsquo;autorisation, les semences ne peuvent \u00eatre utilis\u00e9es qu&rsquo;\u00e0 d&rsquo;autres fins (zootechniques, de collection, etc.). Les semences sont vendues sous r\u00e9serve qu&rsquo;elles ne soient pas utilis\u00e9es par des tiers en contradiction avec la loi.<\/em><\/span><\/span><\/p>\n","protected":false},"excerpt":{"rendered":"<p>Purple Skunk Autoflowering (75% indica et 25% sativa) a \u00e9t\u00e9 d\u00e9velopp\u00e9e dans le cadre du projet de recherche de Sensi<\/p>\n","protected":false},"featured_media":197468,"comment_status":"open","ping_status":"closed","template":"","meta":[],"product_brand":[],"product_cat":[7951],"product_tag":[],"class_list":{"0":"post-171885","1":"product","2":"type-product","3":"status-publish","4":"has-post-thumbnail","6":"product_cat-magasin-de-graines","8":"first","9":"instock","10":"sale","11":"taxable","12":"shipping-taxable","13":"purchasable","14":"product-type-variable"},"_links":{"self":[{"href":"https:\/\/www.budream.com\/fr\/wp-json\/wp\/v2\/product\/171885","targetHints":{"allow":["GET"]}}],"collection":[{"href":"https:\/\/www.budream.com\/fr\/wp-json\/wp\/v2\/product"}],"about":[{"href":"https:\/\/www.budream.com\/fr\/wp-json\/wp\/v2\/types\/product"}],"replies":[{"embeddable":true,"href":"https:\/\/www.budream.com\/fr\/wp-json\/wp\/v2\/comments?post=171885"}],"version-history":[{"count":0,"href":"https:\/\/www.budream.com\/fr\/wp-json\/wp\/v2\/product\/171885\/revisions"}],"wp:featuredmedia":[{"embeddable":true,"href":"https:\/\/www.budream.com\/fr\/wp-json\/wp\/v2\/media\/197468"}],"wp:attachment":[{"href":"https:\/\/www.budream.com\/fr\/wp-json\/wp\/v2\/media?parent=171885"}],"wp:term":[{"taxonomy":"product_brand","embeddable":true,"href":"https:\/\/www.budream.com\/fr\/wp-json\/wp\/v2\/product_brand?post=171885"},{"taxonomy":"product_cat","embeddable":true,"href":"https:\/\/www.budream.com\/fr\/wp-json\/wp\/v2\/product_cat?post=171885"},{"taxonomy":"product_tag","embeddable":true,"href":"https:\/\/www.budream.com\/fr\/wp-json\/wp\/v2\/product_tag?post=171885"}],"curies":[{"name":"wp","href":"https:\/\/api.w.org\/{rel}","templated":true}]}}