{"id":171920,"date":"2025-08-01T01:24:06","date_gmt":"2025-07-31T23:24:06","guid":{"rendered":"https:\/\/www.budream.com\/shop\/sensi-seeds-bank-sensi-amnesia-fem\/"},"modified":"2026-03-05T10:33:19","modified_gmt":"2026-03-05T08:33:19","slug":"sensi-seeds-bank-sensi-amnesia-fem","status":"publish","type":"product","link":"https:\/\/www.budream.com\/fr\/shop\/sensi-seeds-bank-sensi-amnesia-fem\/","title":{"rendered":"SENSI SEEDS BANK &#8211; SENSI AMNESIA FEM"},"content":{"rendered":"<p>La Sensi Amnesia Feminized (65 % sativa et 35 % indica) a \u00e9t\u00e9 d\u00e9velopp\u00e9e suite au succ\u00e8s de sa variante autofloraison, lanc\u00e9e dans le cadre du pr\u00e9c\u00e9dent projet de recherche 2020 de Sensi Seeds. Son patrimoine g\u00e9n\u00e9tique comprend des vari\u00e9t\u00e9s telles que Hawaiian Indica, Jamaican Pearl et Afghani #1.<br \/><span style=\"text-decoration: underline\"><br \/><\/span><\/p>\n<h2><strong>Caract\u00e9ristiques Amnesia Fem :<\/strong><\/h2>\n<ul style=\"list-style-type: disc\">\n<li><strong>Genre :<\/strong> Hybride F\u00e9minis\u00e9<\/li>\n<li><strong>G\u00e9notype :<\/strong> 35% Indica \/ 65% Sativa<\/li>\n<li><strong>G\u00e9n\u00e9tique :<\/strong> Hawaiian Indica x Jamaican Pearl x Afghani #1<\/li>\n<li><strong>Jours de floraison :<\/strong> 70 jours<\/li>\n<\/ul>\n<p><span style=\"font-size: 11pt\"><em><strong>ATTENTION :<\/strong> Les graines de chanvre sont exclues de la notion l\u00e9gale de Cannabis, ce qui signifie qu&rsquo;elles ne doivent pas \u00eatre consid\u00e9r\u00e9es comme une substance stup\u00e9fiante (L. 412 de 1974, art. 1, alin\u00e9a 1, lettre B ; Convention unique sur les stup\u00e9fiants de New York de 1961 et tableau II du d\u00e9cret minist\u00e9riel 27\/7\/1992). En Italie, la culture du chanvre est interdite (articles 28 et 73 du d\u00e9cret pr\u00e9sidentiel 309\/90), sauf autorisation sp\u00e9ciale (article 17 du d\u00e9cret pr\u00e9sidentiel 309\/90). En l&rsquo;absence d&rsquo;autorisation, les semences ne peuvent \u00eatre utilis\u00e9es qu&rsquo;\u00e0 d&rsquo;autres fins (zootechniques, de collection, etc.). Les semences sont vendues sous r\u00e9serve qu&rsquo;elles ne soient pas utilis\u00e9es par des tiers en contradiction avec la loi.<\/em><\/span><\/p>\n","protected":false},"excerpt":{"rendered":"<p>La Sensi Amnesia Feminized (65 % sativa et 35 % indica) a \u00e9t\u00e9 d\u00e9velopp\u00e9e suite au succ\u00e8s de sa variante<\/p>\n","protected":false},"featured_media":197096,"comment_status":"open","ping_status":"closed","template":"","meta":[],"product_brand":[],"product_cat":[7951],"product_tag":[],"class_list":{"0":"post-171920","1":"product","2":"type-product","3":"status-publish","4":"has-post-thumbnail","6":"product_cat-magasin-de-graines","8":"first","9":"instock","10":"sale","11":"taxable","12":"shipping-taxable","13":"purchasable","14":"product-type-variable"},"_links":{"self":[{"href":"https:\/\/www.budream.com\/fr\/wp-json\/wp\/v2\/product\/171920","targetHints":{"allow":["GET"]}}],"collection":[{"href":"https:\/\/www.budream.com\/fr\/wp-json\/wp\/v2\/product"}],"about":[{"href":"https:\/\/www.budream.com\/fr\/wp-json\/wp\/v2\/types\/product"}],"replies":[{"embeddable":true,"href":"https:\/\/www.budream.com\/fr\/wp-json\/wp\/v2\/comments?post=171920"}],"version-history":[{"count":0,"href":"https:\/\/www.budream.com\/fr\/wp-json\/wp\/v2\/product\/171920\/revisions"}],"wp:featuredmedia":[{"embeddable":true,"href":"https:\/\/www.budream.com\/fr\/wp-json\/wp\/v2\/media\/197096"}],"wp:attachment":[{"href":"https:\/\/www.budream.com\/fr\/wp-json\/wp\/v2\/media?parent=171920"}],"wp:term":[{"taxonomy":"product_brand","embeddable":true,"href":"https:\/\/www.budream.com\/fr\/wp-json\/wp\/v2\/product_brand?post=171920"},{"taxonomy":"product_cat","embeddable":true,"href":"https:\/\/www.budream.com\/fr\/wp-json\/wp\/v2\/product_cat?post=171920"},{"taxonomy":"product_tag","embeddable":true,"href":"https:\/\/www.budream.com\/fr\/wp-json\/wp\/v2\/product_tag?post=171920"}],"curies":[{"name":"wp","href":"https:\/\/api.w.org\/{rel}","templated":true}]}}