{"id":172013,"date":"2025-08-01T01:35:29","date_gmt":"2025-07-31T23:35:29","guid":{"rendered":"https:\/\/www.budream.com\/shop\/barneys-farm-pineapple-express-fem\/"},"modified":"2026-03-24T01:31:58","modified_gmt":"2026-03-23T23:31:58","slug":"barneys-farm-pineapple-express-fem","status":"publish","type":"product","link":"https:\/\/www.budream.com\/fr\/shop\/barneys-farm-pineapple-express-fem\/","title":{"rendered":"BARNEY&rsquo;S FARM &#8211; PINEAPPLE EXPRESS FEM"},"content":{"rendered":"<div style=\"text-align: justify\">PINEAPPLE EXPRESS&trade; est un hybride 60% sativa vraiment l\u00e9gendaire, aliment\u00e9 par un profil terp\u00e9nique \u00e0 dominante myrc\u00e8ne, avec un pedigree de patrimoine g\u00e9n\u00e9tique qui parle de lui-m\u00eame. Elle est le r\u00e9sultat d&rsquo;un croisement entre une vari\u00e9t\u00e9 sativa hawa\u00efenne indig\u00e8ne, \u00e9voluant au fil des g\u00e9n\u00e9rations de souches s\u00e9lectionn\u00e9es localement, et Trainwreck, une fusion pionni\u00e8re de g\u00e9n\u00e9tiques n\u00e9e de croisements s\u00e9lectifs de vari\u00e9t\u00e9s natives Afghanica, sativa mexicaine et tha\u00eflandaise.<\/div>\n<p><\/p>\n<h2><strong>Caract\u00e9ristiques Pineapple Express Fem :<\/strong><\/h2>\n<ul style=\"list-style-type: disc\">\n<li><strong>Genre :<\/strong> F\u00e9minis\u00e9e<\/li>\n<li><strong>G\u00e9notype :<\/strong> 60% Indica \/ 40% Sativa<\/li>\n<li><strong>G\u00e9n\u00e9tique :<\/strong> Hawaiian Landrace Sativa x Trainwreck<\/li>\n<li><strong>Jours de floraison :<\/strong> 60-65 jours<\/li>\n<\/ul>\n<p><\/p>\n<div style=\"text-align: justify\"><span style=\"font-size: 11pt\"><em><strong>ATTENTION :<\/strong> Les graines de chanvre sont exclues de la notion l\u00e9gale de Cannabis, ce qui signifie qu&rsquo;elles ne doivent pas \u00eatre consid\u00e9r\u00e9es comme une substance stup\u00e9fiante (L. 412 de 1974, art. 1, alin\u00e9a 1, lettre B ; Convention unique sur les stup\u00e9fiants de New York de 1961 et tableau II du d\u00e9cret minist\u00e9riel 27\/7\/1992). En Italie, la culture du chanvre est interdite (articles 28 et 73 du d\u00e9cret pr\u00e9sidentiel 309\/90), sauf autorisation sp\u00e9ciale (article 17 du d\u00e9cret pr\u00e9sidentiel 309\/90). En l&rsquo;absence d&rsquo;autorisation, les semences ne peuvent \u00eatre utilis\u00e9es qu&rsquo;\u00e0 d&rsquo;autres fins (zootechniques, de collection, etc.). Les semences sont vendues sous r\u00e9serve qu&rsquo;elles ne soient pas utilis\u00e9es par des tiers en contradiction avec la loi.<\/em><\/span><\/div>\n","protected":false},"excerpt":{"rendered":"<p>PINEAPPLE EXPRESS&trade; est un hybride 60% sativa vraiment l\u00e9gendaire, aliment\u00e9 par un profil terp\u00e9nique \u00e0 dominante myrc\u00e8ne, avec un pedigree<\/p>\n","protected":false},"featured_media":172000,"comment_status":"open","ping_status":"closed","template":"","meta":[],"product_brand":[],"product_cat":[7951],"product_tag":[],"class_list":{"0":"post-172013","1":"product","2":"type-product","3":"status-publish","4":"has-post-thumbnail","6":"product_cat-magasin-de-graines","8":"first","9":"instock","10":"sale","11":"taxable","12":"shipping-taxable","13":"purchasable","14":"product-type-variable"},"_links":{"self":[{"href":"https:\/\/www.budream.com\/fr\/wp-json\/wp\/v2\/product\/172013","targetHints":{"allow":["GET"]}}],"collection":[{"href":"https:\/\/www.budream.com\/fr\/wp-json\/wp\/v2\/product"}],"about":[{"href":"https:\/\/www.budream.com\/fr\/wp-json\/wp\/v2\/types\/product"}],"replies":[{"embeddable":true,"href":"https:\/\/www.budream.com\/fr\/wp-json\/wp\/v2\/comments?post=172013"}],"version-history":[{"count":0,"href":"https:\/\/www.budream.com\/fr\/wp-json\/wp\/v2\/product\/172013\/revisions"}],"wp:featuredmedia":[{"embeddable":true,"href":"https:\/\/www.budream.com\/fr\/wp-json\/wp\/v2\/media\/172000"}],"wp:attachment":[{"href":"https:\/\/www.budream.com\/fr\/wp-json\/wp\/v2\/media?parent=172013"}],"wp:term":[{"taxonomy":"product_brand","embeddable":true,"href":"https:\/\/www.budream.com\/fr\/wp-json\/wp\/v2\/product_brand?post=172013"},{"taxonomy":"product_cat","embeddable":true,"href":"https:\/\/www.budream.com\/fr\/wp-json\/wp\/v2\/product_cat?post=172013"},{"taxonomy":"product_tag","embeddable":true,"href":"https:\/\/www.budream.com\/fr\/wp-json\/wp\/v2\/product_tag?post=172013"}],"curies":[{"name":"wp","href":"https:\/\/api.w.org\/{rel}","templated":true}]}}