{"id":172418,"date":"2025-08-01T01:51:52","date_gmt":"2025-07-31T23:51:52","guid":{"rendered":"https:\/\/www.budream.com\/shop\/dutch-passion-auto-forbidden-cherry-fem\/"},"modified":"2026-03-23T18:49:54","modified_gmt":"2026-03-23T16:49:54","slug":"dutch-passion-auto-forbidden-cherry-fem","status":"publish","type":"product","link":"https:\/\/www.budream.com\/fr\/shop\/dutch-passion-auto-forbidden-cherry-fem\/","title":{"rendered":"DUTCH PASSION &#8211; AUTO FORBIDDEN CHERRY FEM"},"content":{"rendered":"<div style=\"text-align: justify\">Le croisement entre notre Purple #1 et l&rsquo;Auto Forbidden Fruit x Cherry Pie cr\u00e9e une v\u00e9ritable et authentique vari\u00e9t\u00e9 \u00e0 autofloraison.<\/div>\n<div style=\"text-align: justify\">Auto Forbidden Cherry&reg; est une vari\u00e9t\u00e9 autofloraison \u00e0 floraison rapide et \u00e0 dominance Indica.<\/div>\n<p><\/p>\n<h2><strong>Caract\u00e9ristiques Auto Forbidden Cherry Fem :<\/strong><\/h2>\n<ul style=\"list-style-type: disc\">\n<li><strong>Genre :<\/strong> Autofloraison F\u00e9minis\u00e9e<\/li>\n<li><strong>G\u00e9notype :<\/strong> Hybride \u00e0 dominance Indica<\/li>\n<li><strong>G\u00e9n\u00e9tique :<\/strong> Purple #1 x (Auto Forbidden Fruit x Cherry Pie)<\/li>\n<li><strong>Jours :<\/strong> 63-70 jours<\/li>\n<\/ul>\n<p><\/p>\n<div style=\"text-align: justify\"><span style=\"font-size: 11pt\"><em><strong>ATTENTION :<\/strong> Les graines de chanvre sont exclues de la notion l\u00e9gale de Cannabis, ce qui signifie qu&rsquo;elles ne doivent pas \u00eatre consid\u00e9r\u00e9es comme une substance stup\u00e9fiante (L. 412 de 1974, Art. 1, paragraphe 1, lettre B ; Convention unique sur les stup\u00e9fiants de New York de 1961 et tableau II du d\u00e9cret minist\u00e9riel 27\/7\/1992). En Italie, la culture du chanvre est interdite (articles 28 et 73 du d\u00e9cret pr\u00e9sidentiel 309\/90), sauf autorisation sp\u00e9ciale (article 17 du d\u00e9cret pr\u00e9sidentiel 309\/90). En l&rsquo;absence d&rsquo;autorisation, les semences ne peuvent \u00eatre utilis\u00e9es qu&rsquo;\u00e0 d&rsquo;autres fins (zootechniques, de collection, etc.). Les semences sont vendues sous r\u00e9serve qu&rsquo;elles ne soient pas utilis\u00e9es par des tiers en contradiction avec la loi.<\/em><\/span><\/div>\n","protected":false},"excerpt":{"rendered":"<p>Le croisement entre notre Purple #1 et l&rsquo;Auto Forbidden Fruit x Cherry Pie cr\u00e9e une v\u00e9ritable et authentique vari\u00e9t\u00e9 \u00e0<\/p>\n","protected":false},"featured_media":172408,"comment_status":"open","ping_status":"closed","template":"","meta":[],"product_brand":[],"product_cat":[7951],"product_tag":[],"class_list":{"0":"post-172418","1":"product","2":"type-product","3":"status-publish","4":"has-post-thumbnail","6":"product_cat-magasin-de-graines","8":"first","9":"instock","10":"sale","11":"taxable","12":"shipping-taxable","13":"purchasable","14":"product-type-variable"},"_links":{"self":[{"href":"https:\/\/www.budream.com\/fr\/wp-json\/wp\/v2\/product\/172418","targetHints":{"allow":["GET"]}}],"collection":[{"href":"https:\/\/www.budream.com\/fr\/wp-json\/wp\/v2\/product"}],"about":[{"href":"https:\/\/www.budream.com\/fr\/wp-json\/wp\/v2\/types\/product"}],"replies":[{"embeddable":true,"href":"https:\/\/www.budream.com\/fr\/wp-json\/wp\/v2\/comments?post=172418"}],"version-history":[{"count":0,"href":"https:\/\/www.budream.com\/fr\/wp-json\/wp\/v2\/product\/172418\/revisions"}],"wp:featuredmedia":[{"embeddable":true,"href":"https:\/\/www.budream.com\/fr\/wp-json\/wp\/v2\/media\/172408"}],"wp:attachment":[{"href":"https:\/\/www.budream.com\/fr\/wp-json\/wp\/v2\/media?parent=172418"}],"wp:term":[{"taxonomy":"product_brand","embeddable":true,"href":"https:\/\/www.budream.com\/fr\/wp-json\/wp\/v2\/product_brand?post=172418"},{"taxonomy":"product_cat","embeddable":true,"href":"https:\/\/www.budream.com\/fr\/wp-json\/wp\/v2\/product_cat?post=172418"},{"taxonomy":"product_tag","embeddable":true,"href":"https:\/\/www.budream.com\/fr\/wp-json\/wp\/v2\/product_tag?post=172418"}],"curies":[{"name":"wp","href":"https:\/\/api.w.org\/{rel}","templated":true}]}}