{"id":172951,"date":"2025-08-01T02:15:18","date_gmt":"2025-08-01T00:15:18","guid":{"rendered":"https:\/\/www.budream.com\/shop\/purize-active-carbon-filters-regular-50pcs-2\/"},"modified":"2026-04-21T17:08:01","modified_gmt":"2026-04-21T15:08:01","slug":"purize-active-carbon-filters-regular-50pcs-2","status":"publish","type":"product","link":"https:\/\/www.budream.com\/fr\/shop\/purize-active-carbon-filters-regular-50pcs-2\/","title":{"rendered":"PURIZE &#8211; ACTIVE CARBON FILTERS | REGULAR 50pcs"},"content":{"rendered":"<p>Purize Filters a pour objectif de permettre aux fumeurs qui recherchent le plaisir de fumer de vivre une exp\u00e9rience nettement plus agr\u00e9able et moins polluante gr\u00e2ce \u00e0 un filtre \u00e0 charbon actif <strong>PURIZE&reg;<\/strong>.<\/p>\n<p>Le charbon actif \u00e0 base de noix de coco r\u00e9duit consid\u00e9rablement l&rsquo;absorption de <strong>substances nocives<\/strong> et vous offre une exp\u00e9rience de fumer fra\u00eeche, s\u00e8che et aromatique, b\u00e9n\u00e9fique pour vos poumons. Nos filtres \u00e0 charbon actif conviennent \u00e0 TOUS les types de consommation !<\/p>\n<p>Les filtres PURIZE&reg; sont fabriqu\u00e9s \u00e0 partir de mati\u00e8res premi\u00e8res respectueuses de l&rsquo;environnement, sont durables et \u00ab\u00a0Made in Germany\u00a0\u00bb.<br \/>Les deux embouts \u00e9tant en <strong>c\u00e9ramique<\/strong>, il n&rsquo;y a pas de sens d&rsquo;insertion ou de vissage.<\/p>\n<p>Les filtres Purize Regular sont livr\u00e9s dans un sachet plastique pratique et refermable de 50 pi\u00e8ces.<\/p>\n<h2><span style=\"text-decoration: underline\">Avantages des filtres \u00e0 charbon actif Purize Regular<\/span>:<\/h2>\n<ul style=\"list-style-type: disc\">\n<li>Exp\u00e9rience tabagique nettement plus agr\u00e9able ;<\/li>\n<li>Go\u00fbt plus intense ;<\/li>\n<li>R\u00e9duction des polluants ;<\/li>\n<li>Produit naturel et durable ;<\/li>\n<li>100% biod\u00e9gradable ;<\/li>\n<\/ul>\n<h2><span style=\"text-decoration: underline\">Filtres \u00e0 charbon actif Purize Regular<\/span>:<\/h2>\n<ul style=\"list-style-type: disc\">\n<li>Taille du filtre : &oslash; 9 mm x 35,7 mm ;<\/li>\n<li>Contenu : charbon actif \u00e0 base de noix de coco ;<\/li>\n<li>Couleur : organique \/ blanc \/ m\u00e9lange de couleurs ;<\/li>\n<li>Quantit\u00e9 : 50 pi\u00e8ces ;<\/li>\n<li>Type d&#8217;emballage : sac plastique refermable ;<\/li>\n<\/ul>\n","protected":false},"excerpt":{"rendered":"<p>Purize Filters a pour objectif de permettre aux fumeurs qui recherchent le plaisir de fumer de vivre une exp\u00e9rience nettement<\/p>\n","protected":false},"featured_media":172936,"comment_status":"open","ping_status":"closed","template":"","meta":[],"product_brand":[],"product_cat":[7949],"product_tag":[],"class_list":{"0":"post-172951","1":"product","2":"type-product","3":"status-publish","4":"has-post-thumbnail","6":"product_cat-headshop-fr","8":"first","9":"outofstock","10":"taxable","11":"shipping-taxable","12":"product-type-variable"},"_links":{"self":[{"href":"https:\/\/www.budream.com\/fr\/wp-json\/wp\/v2\/product\/172951","targetHints":{"allow":["GET"]}}],"collection":[{"href":"https:\/\/www.budream.com\/fr\/wp-json\/wp\/v2\/product"}],"about":[{"href":"https:\/\/www.budream.com\/fr\/wp-json\/wp\/v2\/types\/product"}],"replies":[{"embeddable":true,"href":"https:\/\/www.budream.com\/fr\/wp-json\/wp\/v2\/comments?post=172951"}],"version-history":[{"count":1,"href":"https:\/\/www.budream.com\/fr\/wp-json\/wp\/v2\/product\/172951\/revisions"}],"predecessor-version":[{"id":262077,"href":"https:\/\/www.budream.com\/fr\/wp-json\/wp\/v2\/product\/172951\/revisions\/262077"}],"wp:featuredmedia":[{"embeddable":true,"href":"https:\/\/www.budream.com\/fr\/wp-json\/wp\/v2\/media\/172936"}],"wp:attachment":[{"href":"https:\/\/www.budream.com\/fr\/wp-json\/wp\/v2\/media?parent=172951"}],"wp:term":[{"taxonomy":"product_brand","embeddable":true,"href":"https:\/\/www.budream.com\/fr\/wp-json\/wp\/v2\/product_brand?post=172951"},{"taxonomy":"product_cat","embeddable":true,"href":"https:\/\/www.budream.com\/fr\/wp-json\/wp\/v2\/product_cat?post=172951"},{"taxonomy":"product_tag","embeddable":true,"href":"https:\/\/www.budream.com\/fr\/wp-json\/wp\/v2\/product_tag?post=172951"}],"curies":[{"name":"wp","href":"https:\/\/api.w.org\/{rel}","templated":true}]}}