{"id":172993,"date":"2025-08-01T02:16:23","date_gmt":"2025-08-01T00:16:23","guid":{"rendered":"https:\/\/www.budream.com\/shop\/sensi-seeds-bank-sensi-purple-kush-fem\/"},"modified":"2026-03-25T13:52:24","modified_gmt":"2026-03-25T11:52:24","slug":"sensi-seeds-bank-sensi-purple-kush-fem","status":"publish","type":"product","link":"https:\/\/www.budream.com\/fr\/shop\/sensi-seeds-bank-sensi-purple-kush-fem\/","title":{"rendered":"SENSI SEEDS BANK &#8211; SENSI PURPLE KUSH FEM"},"content":{"rendered":"<div style=\"text-align: justify\">Purple Kush Feminized est le produit de trois vari\u00e9t\u00e9s \u00e0 dominante Indica, Hindu Kush, Skunk Kush et Maple Leaf Indica. Les traits Indica dans les terp\u00e8nes exotiques bois\u00e9s et le profil de mousse peuvent \u00eatre attribu\u00e9s \u00e0 Hindu Kush. L&rsquo;Indica Maple Leaf se r\u00e9v\u00e8le dans le feuillage compact et dense. Une certaine influence sativa de la Skunk Kush peut \u00eatre d\u00e9tect\u00e9e dans les ar\u00f4mes fruit\u00e9s qui dominent le profil de saveur.<\/p>\n<\/div>\n<h2><strong>Caract\u00e9ristiques Sensi Purple Kush Fem Sensi Seeds Bank :<\/strong><\/h2>\n<ul style=\"list-style-type: disc\">\n<li><strong>Genre :<\/strong> F\u00e9minis\u00e9e<\/li>\n<li><strong>G\u00e9notype : <\/strong>Hybride \u00e0 dominance indica<\/li>\n<li><strong>G\u00e9n\u00e9tique<\/strong> <span style=\"font-weight: 400\">: Hindu Kush x Skunk Kush x Maple Leaf Indica<\/span><\/li>\n<li>Jours de<strong>floraison :<\/strong> 55 &#8211; 60 jours<\/li>\n<\/ul>\n<p><span style=\"font-size: 11pt\"><em><strong>ATTENTION :<\/strong> Les graines de chanvre sont exclues de la notion l\u00e9gale de Cannabis, ce qui signifie qu&rsquo;elles ne doivent pas \u00eatre consid\u00e9r\u00e9es comme une substance stup\u00e9fiante (L. 412 de 1974, Art. 1, paragraphe 1, lettre B ; Convention unique sur les stup\u00e9fiants de New York de 1961 et tableau II du d\u00e9cret minist\u00e9riel 27\/7\/1992). En Italie, la culture du chanvre est interdite (articles 28 et 73 du d\u00e9cret pr\u00e9sidentiel 309\/90), sauf autorisation sp\u00e9ciale (article 17 du d\u00e9cret pr\u00e9sidentiel 309\/90). En l&rsquo;absence d&rsquo;autorisation, les semences ne peuvent \u00eatre utilis\u00e9es qu&rsquo;\u00e0 d&rsquo;autres fins (zootechniques, de collection, etc.). Les semences sont vendues sous r\u00e9serve qu&rsquo;elles ne soient pas utilis\u00e9es par des tiers en contradiction avec la loi.<\/em><\/span><\/p>\n","protected":false},"excerpt":{"rendered":"<p>Purple Kush Feminized est le produit de trois vari\u00e9t\u00e9s \u00e0 dominante Indica, Hindu Kush, Skunk Kush et Maple Leaf Indica.<\/p>\n","protected":false},"featured_media":197101,"comment_status":"open","ping_status":"closed","template":"","meta":[],"product_brand":[],"product_cat":[7951],"product_tag":[],"class_list":{"0":"post-172993","1":"product","2":"type-product","3":"status-publish","4":"has-post-thumbnail","6":"product_cat-magasin-de-graines","8":"first","9":"instock","10":"sale","11":"taxable","12":"shipping-taxable","13":"purchasable","14":"product-type-variable"},"_links":{"self":[{"href":"https:\/\/www.budream.com\/fr\/wp-json\/wp\/v2\/product\/172993","targetHints":{"allow":["GET"]}}],"collection":[{"href":"https:\/\/www.budream.com\/fr\/wp-json\/wp\/v2\/product"}],"about":[{"href":"https:\/\/www.budream.com\/fr\/wp-json\/wp\/v2\/types\/product"}],"replies":[{"embeddable":true,"href":"https:\/\/www.budream.com\/fr\/wp-json\/wp\/v2\/comments?post=172993"}],"version-history":[{"count":0,"href":"https:\/\/www.budream.com\/fr\/wp-json\/wp\/v2\/product\/172993\/revisions"}],"wp:featuredmedia":[{"embeddable":true,"href":"https:\/\/www.budream.com\/fr\/wp-json\/wp\/v2\/media\/197101"}],"wp:attachment":[{"href":"https:\/\/www.budream.com\/fr\/wp-json\/wp\/v2\/media?parent=172993"}],"wp:term":[{"taxonomy":"product_brand","embeddable":true,"href":"https:\/\/www.budream.com\/fr\/wp-json\/wp\/v2\/product_brand?post=172993"},{"taxonomy":"product_cat","embeddable":true,"href":"https:\/\/www.budream.com\/fr\/wp-json\/wp\/v2\/product_cat?post=172993"},{"taxonomy":"product_tag","embeddable":true,"href":"https:\/\/www.budream.com\/fr\/wp-json\/wp\/v2\/product_tag?post=172993"}],"curies":[{"name":"wp","href":"https:\/\/api.w.org\/{rel}","templated":true}]}}