{"id":173353,"date":"2025-08-01T02:31:58","date_gmt":"2025-08-01T00:31:58","guid":{"rendered":"https:\/\/www.budream.com\/shop\/graines-douces-mimosa-bruce-banner-xl-auto-fem-sws101\/"},"modified":"2026-03-24T13:17:52","modified_gmt":"2026-03-24T11:17:52","slug":"graines-douces-mimosa-bruce-banner-xl-auto-fem-sws101","status":"publish","type":"product","link":"https:\/\/www.budream.com\/fr\/shop\/graines-douces-mimosa-bruce-banner-xl-auto-fem-sws101\/","title":{"rendered":"GRAINES DOUCES &#8211; MIMOSA BRUCE BANNER XL AUTO\u00ae FEM (SWS101)"},"content":{"rendered":"<div id=\"ficha_imagen\">\n<p style=\"text-align: justify\">Autofloraison de 8\u00e8me g\u00e9n\u00e9ration. Hybridation et stabilisation entre deux excellentes g\u00e9n\u00e9tiques d&rsquo;origine am\u00e9ricaine. Vari\u00e9t\u00e9 issue d&rsquo;un croisement entre un clone \u00e9lite s\u00e9lectionn\u00e9 de la populaire vari\u00e9t\u00e9 Mimosa [Clementine (Tangie x Lemon Skunk) x Purple Punch (Larry OG x Grand Daddy Purple)], et notre Bruce Banner Auto&reg; (SWS91).<\/p>\n<\/div>\n<h2><strong>Caract\u00e9ristiques Mimosa Bruce Banner XL Auto Fem<\/strong><\/h2>\n<ul style=\"list-style-type: disc\">\n<li><strong>Genre : <\/strong>Autofloraison f\u00e9minis\u00e9e<\/li>\n<li><strong>G\u00e9notype<\/strong>: Hybride : 35% Indica\/ 65% Sativa<\/li>\n<li><strong>G\u00e9n\u00e9tique : <\/strong>Mimosa x Purple Punch x Bruce Banner Auto (SWS91)<\/li>\n<li>Jours<strong>:<\/strong> 56 jours<\/li>\n<\/ul>\n<p><\/p>\n<div style=\"text-align: justify\"><span style=\"font-size: 11pt\"><em><strong>ATTENTION :<\/strong> Les graines de chanvre sont exclues de la notion l\u00e9gale de Cannabis, ce qui signifie qu&rsquo;elles ne doivent pas \u00eatre consid\u00e9r\u00e9es comme une substance stup\u00e9fiante (L. 412 de 1974, Art. 1, paragraphe 1, lett. B ; Convention unique sur les stup\u00e9fiants de New York de 1961 et tableau II du d\u00e9cret minist\u00e9riel 27\/7\/1992). En Italie, la culture du chanvre est interdite (articles 28 et 73 du d\u00e9cret pr\u00e9sidentiel 309\/90), sauf autorisation sp\u00e9ciale (article 17 du d\u00e9cret pr\u00e9sidentiel 309\/90). En l&rsquo;absence d&rsquo;autorisation, les semences ne peuvent \u00eatre utilis\u00e9es qu&rsquo;\u00e0 d&rsquo;autres fins (zootechniques, de collection, etc.). Les semences sont vendues sous r\u00e9serve qu&rsquo;elles ne soient pas utilis\u00e9es par des tiers en contradiction avec la loi.<\/em><\/span><\/div>\n","protected":false},"excerpt":{"rendered":"<p>Autofloraison de 8\u00e8me g\u00e9n\u00e9ration. Hybridation et stabilisation entre deux excellentes g\u00e9n\u00e9tiques d&rsquo;origine am\u00e9ricaine. Vari\u00e9t\u00e9 issue d&rsquo;un croisement entre un clone<\/p>\n","protected":false},"featured_media":173348,"comment_status":"open","ping_status":"closed","template":"","meta":[],"product_brand":[],"product_cat":[7951],"product_tag":[],"class_list":{"0":"post-173353","1":"product","2":"type-product","3":"status-publish","4":"has-post-thumbnail","6":"product_cat-magasin-de-graines","8":"first","9":"instock","10":"sale","11":"taxable","12":"shipping-taxable","13":"purchasable","14":"product-type-variable"},"aioseo_notices":[],"_links":{"self":[{"href":"https:\/\/www.budream.com\/fr\/wp-json\/wp\/v2\/product\/173353","targetHints":{"allow":["GET"]}}],"collection":[{"href":"https:\/\/www.budream.com\/fr\/wp-json\/wp\/v2\/product"}],"about":[{"href":"https:\/\/www.budream.com\/fr\/wp-json\/wp\/v2\/types\/product"}],"replies":[{"embeddable":true,"href":"https:\/\/www.budream.com\/fr\/wp-json\/wp\/v2\/comments?post=173353"}],"version-history":[{"count":0,"href":"https:\/\/www.budream.com\/fr\/wp-json\/wp\/v2\/product\/173353\/revisions"}],"wp:featuredmedia":[{"embeddable":true,"href":"https:\/\/www.budream.com\/fr\/wp-json\/wp\/v2\/media\/173348"}],"wp:attachment":[{"href":"https:\/\/www.budream.com\/fr\/wp-json\/wp\/v2\/media?parent=173353"}],"wp:term":[{"taxonomy":"product_brand","embeddable":true,"href":"https:\/\/www.budream.com\/fr\/wp-json\/wp\/v2\/product_brand?post=173353"},{"taxonomy":"product_cat","embeddable":true,"href":"https:\/\/www.budream.com\/fr\/wp-json\/wp\/v2\/product_cat?post=173353"},{"taxonomy":"product_tag","embeddable":true,"href":"https:\/\/www.budream.com\/fr\/wp-json\/wp\/v2\/product_tag?post=173353"}],"curies":[{"name":"wp","href":"https:\/\/api.w.org\/{rel}","templated":true}]}}