{"id":173387,"date":"2025-08-01T02:33:37","date_gmt":"2025-08-01T00:33:37","guid":{"rendered":"https:\/\/www.budream.com\/shop\/sweet-seeds-sweet-mandarine-zkittlez-xl-auto-fem-sws102\/"},"modified":"2026-03-23T15:10:31","modified_gmt":"2026-03-23T13:10:31","slug":"sweet-seeds-sweet-mandarine-zkittlez-xl-auto-fem-sws102","status":"publish","type":"product","link":"https:\/\/www.budream.com\/fr\/shop\/sweet-seeds-sweet-mandarine-zkittlez-xl-auto-fem-sws102\/","title":{"rendered":"SWEET SEEDS &#8211; SWEET MANDARINE ZKITTLEZ XL AUTO\u00ae FEM (SWS102)"},"content":{"rendered":"<div id=\"ficha_imagen\">\n<p style=\"text-align: justify\">Autofloraison de 5\u00e8me g\u00e9n\u00e9ration. R\u00e9sultat d&rsquo;un croisement entre un clone \u00e9lite de Zkittlez et notre Sweet Mimosa XL Auto&reg; (SWS94).<\/p>\n<\/div>\n<h2><strong>Caract\u00e9ristiques Mandarine Zkittlez XL Auto Fem<\/strong><\/h2>\n<ul style=\"list-style-type: disc\">\n<li><strong>Genre : <\/strong>Autofloraison f\u00e9minis\u00e9e<\/li>\n<li><strong>G\u00e9notype<\/strong>: Hybride : 40% Indica\/ 60% Sativa<\/li>\n<li><strong>G\u00e9n\u00e9tique : <\/strong>Zkittlez elite clone x Sweet Mimosa XL Auto (SWS94)<\/li>\n<li>Jours<strong>:<\/strong> 56 jours<\/li>\n<\/ul>\n<p><\/p>\n<div style=\"text-align: justify\"><span style=\"font-size: 11pt\"><em><strong>ATTENTION :<\/strong> Les graines de chanvre sont exclues de la notion l\u00e9gale de Cannabis, ce qui signifie qu&rsquo;elles ne doivent pas \u00eatre consid\u00e9r\u00e9es comme une substance stup\u00e9fiante (L. 412 de 1974, Art. 1, paragraphe 1, lettre B ; Convention unique sur les stup\u00e9fiants de New York de 1961 et tableau II du d\u00e9cret minist\u00e9riel 27\/7\/1992). En Italie, la culture du chanvre est interdite (articles 28 et 73 du d\u00e9cret pr\u00e9sidentiel 309\/90), sauf autorisation sp\u00e9ciale (article 17 du d\u00e9cret pr\u00e9sidentiel 309\/90). En l&rsquo;absence d&rsquo;autorisation, les semences ne peuvent \u00eatre utilis\u00e9es qu&rsquo;\u00e0 d&rsquo;autres fins (zootechniques, de collection, etc.). Les semences sont vendues sous r\u00e9serve qu&rsquo;elles ne soient pas utilis\u00e9es par des tiers en contradiction avec la loi.<\/em><\/span><\/div>\n","protected":false},"excerpt":{"rendered":"<p>Autofloraison de 5\u00e8me g\u00e9n\u00e9ration. R\u00e9sultat d&rsquo;un croisement entre un clone \u00e9lite de Zkittlez et notre Sweet Mimosa XL Auto&reg; (SWS94).<\/p>\n","protected":false},"featured_media":173382,"comment_status":"open","ping_status":"closed","template":"","meta":[],"product_brand":[],"product_cat":[7951],"product_tag":[],"class_list":{"0":"post-173387","1":"product","2":"type-product","3":"status-publish","4":"has-post-thumbnail","6":"product_cat-magasin-de-graines","8":"first","9":"instock","10":"taxable","11":"shipping-taxable","12":"purchasable","13":"product-type-variable"},"aioseo_notices":[],"_links":{"self":[{"href":"https:\/\/www.budream.com\/fr\/wp-json\/wp\/v2\/product\/173387","targetHints":{"allow":["GET"]}}],"collection":[{"href":"https:\/\/www.budream.com\/fr\/wp-json\/wp\/v2\/product"}],"about":[{"href":"https:\/\/www.budream.com\/fr\/wp-json\/wp\/v2\/types\/product"}],"replies":[{"embeddable":true,"href":"https:\/\/www.budream.com\/fr\/wp-json\/wp\/v2\/comments?post=173387"}],"version-history":[{"count":0,"href":"https:\/\/www.budream.com\/fr\/wp-json\/wp\/v2\/product\/173387\/revisions"}],"wp:featuredmedia":[{"embeddable":true,"href":"https:\/\/www.budream.com\/fr\/wp-json\/wp\/v2\/media\/173382"}],"wp:attachment":[{"href":"https:\/\/www.budream.com\/fr\/wp-json\/wp\/v2\/media?parent=173387"}],"wp:term":[{"taxonomy":"product_brand","embeddable":true,"href":"https:\/\/www.budream.com\/fr\/wp-json\/wp\/v2\/product_brand?post=173387"},{"taxonomy":"product_cat","embeddable":true,"href":"https:\/\/www.budream.com\/fr\/wp-json\/wp\/v2\/product_cat?post=173387"},{"taxonomy":"product_tag","embeddable":true,"href":"https:\/\/www.budream.com\/fr\/wp-json\/wp\/v2\/product_tag?post=173387"}],"curies":[{"name":"wp","href":"https:\/\/api.w.org\/{rel}","templated":true}]}}