{"id":173479,"date":"2025-08-01T02:38:47","date_gmt":"2025-08-01T00:38:47","guid":{"rendered":"https:\/\/www.budream.com\/shop\/indoorline-dry-sift-1x115m\/"},"modified":"2026-03-16T17:09:00","modified_gmt":"2026-03-16T15:09:00","slug":"indoorline-dry-sift-1x115m","status":"publish","type":"product","link":"https:\/\/www.budream.com\/fr\/shop\/indoorline-dry-sift-1x115m\/","title":{"rendered":"INDOORLINE &#8211; DRY SIFT | 1X1,15m"},"content":{"rendered":"<p>Voici les filets de tamisage \u00e0 sec et de pollinisation d&rsquo;Indoorline ! 100% Made in Italy, ces filets en polyester sont id\u00e9aux pour remplacer vos vieux filets ou pour cr\u00e9er vos propres extracteurs et tamis DIY !<\/p>\n<h2><span style=\"text-decoration: underline\"><strong>Caract\u00e9ristiques des filets de criblage \u00e0 sec :<\/strong><\/span><\/h2>\n<ul style=\"list-style-type: disc\">\n<li><strong>Taille :<\/strong> 1 X 1,15 m\u00e8tres ;<\/li>\n<li><strong>Mailles disponibles : <\/strong>25&mu;, 45&mu;, 73&mu;, 90&mu;, 120&mu;, 160&mu;, 190&mu;, 220&mu; (micron) ;<\/li>\n<li><strong>100% polyester ;<\/strong><\/li>\n<li>Monofilament de polyester calibr\u00e9 \u00e0 haute t\u00e9nacit\u00e9 ;<\/li>\n<li>Adaptable \u00e0 tous les tambours et tamis ;<\/li>\n<li>Parfait pour les kits de tamisage \u00e0 sec, les pollinisateurs et les tamis ;<\/li>\n<li>Disponible en plusieurs tailles et microns ;<\/li>\n<\/ul>\n","protected":false},"excerpt":{"rendered":"<p>Voici les filets de tamisage \u00e0 sec et de pollinisation d&rsquo;Indoorline ! 100% Made in Italy, ces filets en polyester<\/p>\n","protected":false},"featured_media":155530,"comment_status":"open","ping_status":"closed","template":"","meta":[],"product_brand":[],"product_cat":[7949],"product_tag":[],"class_list":{"0":"post-173479","1":"product","2":"type-product","3":"status-publish","4":"has-post-thumbnail","6":"product_cat-headshop-fr","8":"first","9":"instock","10":"taxable","11":"shipping-taxable","12":"purchasable","13":"product-type-variable"},"aioseo_notices":[],"_links":{"self":[{"href":"https:\/\/www.budream.com\/fr\/wp-json\/wp\/v2\/product\/173479","targetHints":{"allow":["GET"]}}],"collection":[{"href":"https:\/\/www.budream.com\/fr\/wp-json\/wp\/v2\/product"}],"about":[{"href":"https:\/\/www.budream.com\/fr\/wp-json\/wp\/v2\/types\/product"}],"replies":[{"embeddable":true,"href":"https:\/\/www.budream.com\/fr\/wp-json\/wp\/v2\/comments?post=173479"}],"version-history":[{"count":0,"href":"https:\/\/www.budream.com\/fr\/wp-json\/wp\/v2\/product\/173479\/revisions"}],"wp:featuredmedia":[{"embeddable":true,"href":"https:\/\/www.budream.com\/fr\/wp-json\/wp\/v2\/media\/155530"}],"wp:attachment":[{"href":"https:\/\/www.budream.com\/fr\/wp-json\/wp\/v2\/media?parent=173479"}],"wp:term":[{"taxonomy":"product_brand","embeddable":true,"href":"https:\/\/www.budream.com\/fr\/wp-json\/wp\/v2\/product_brand?post=173479"},{"taxonomy":"product_cat","embeddable":true,"href":"https:\/\/www.budream.com\/fr\/wp-json\/wp\/v2\/product_cat?post=173479"},{"taxonomy":"product_tag","embeddable":true,"href":"https:\/\/www.budream.com\/fr\/wp-json\/wp\/v2\/product_tag?post=173479"}],"curies":[{"name":"wp","href":"https:\/\/api.w.org\/{rel}","templated":true}]}}